{"id":7192,"date":"2026-03-07T04:57:13","date_gmt":"2026-03-07T03:57:13","guid":{"rendered":"https:\/\/leclientetmoi.com\/?page_id=7192"},"modified":"2026-03-07T07:56:39","modified_gmt":"2026-03-07T06:56:39","slug":"appel-a-benevole","status":"publish","type":"page","link":"https:\/\/leclientetmoi.com\/en\/cx-meet-up-cote-divoire-edition-3\/appel-a-benevole\/","title":{"rendered":"Appel \u00e0 B\u00e9n\u00e9vole"},"content":{"rendered":"\t\t<div data-elementor-type=\"wp-page\" data-elementor-id=\"7192\" class=\"elementor elementor-7192\">\n\t\t\t\t\t\t<section class=\"elementor-section elementor-top-section elementor-element elementor-element-62b8ebff elementor-section-full_width elementor-section-content-middle elementor-section-height-default elementor-section-height-default\" data-id=\"62b8ebff\" data-element_type=\"section\" data-e-type=\"section\">\n\t\t\t\t\t\t<div class=\"elementor-container elementor-column-gap-no\">\n\t\t\t\t\t<div class=\"elementor-column elementor-col-50 elementor-top-column elementor-element elementor-element-7730df76\" data-id=\"7730df76\" data-element_type=\"column\" data-e-type=\"column\" data-settings=\"{&quot;background_background&quot;:&quot;classic&quot;}\">\n\t\t\t<div class=\"elementor-widget-wrap elementor-element-populated\">\n\t\t\t\t\t<div class=\"elementor-background-overlay\"><\/div>\n\t\t\t\t\t\t<div class=\"elementor-element elementor-element-5de0053 elementor-widget elementor-widget-spacer\" data-id=\"5de0053\" data-element_type=\"widget\" data-e-type=\"widget\" data-widget_type=\"spacer.default\">\n\t\t\t\t<div class=\"elementor-widget-container\">\n\t\t\t\t\t\t\t<div class=\"elementor-spacer\">\n\t\t\t<div class=\"elementor-spacer-inner\"><\/div>\n\t\t<\/div>\n\t\t\t\t\t\t<\/div>\n\t\t\t\t<\/div>\n\t\t\t\t\t<\/div>\n\t\t<\/div>\n\t\t\t\t<div class=\"elementor-column elementor-col-50 elementor-top-column elementor-element elementor-element-25ac7879\" data-id=\"25ac7879\" data-element_type=\"column\" data-e-type=\"column\">\n\t\t\t<div class=\"elementor-widget-wrap elementor-element-populated\">\n\t\t\t\t\t\t<div class=\"elementor-element elementor-element-3b65e295 elementor-drop-cap-yes elementor-drop-cap-view-default elementor-widget elementor-widget-text-editor\" data-id=\"3b65e295\" data-element_type=\"widget\" data-e-type=\"widget\" data-settings=\"{&quot;drop_cap&quot;:&quot;yes&quot;}\" data-widget_type=\"text-editor.default\">\n\t\t\t\t<div class=\"elementor-widget-container\">\n\t\t\t\t\t\t\t\t\t<p>Dans le cadre du CX MEET UP C\u00d4TE D\u2019IVOIRE \u00e9dition 03 qui aura lieu le <strong>SAMEDI 18 AVRIL 2026 \u00e0 SANA H\u00d4TEL ABIDJAN<\/strong>, nous recherchons des b\u00e9n\u00e9voles pour nous aider \u00e0 assurer le bon d\u00e9roulement de la journ\u00e9e.<\/p>\t\t\t\t\t\t\t\t<\/div>\n\t\t\t\t<\/div>\n\t\t\t\t<div class=\"elementor-element elementor-element-6d361307 elementor-widget elementor-widget-text-editor\" data-id=\"6d361307\" data-element_type=\"widget\" data-e-type=\"widget\" data-widget_type=\"text-editor.default\">\n\t\t\t\t<div class=\"elementor-widget-container\">\n\t\t\t\t\t\t\t\t\t<p>Les missions propos\u00e9es : accueil des participants, orientation, appui logistique (installation, remise des badges, gestion des flux, etc.). <strong>Aucune exp\u00e9rience sp\u00e9cifique n\u2019est requise, seulement de la motivation, du s\u00e9rieux et le sourire. <\/strong><\/p><p>En contrepartie, vous b\u00e9n\u00e9ficiez d\u2019une immersion au c\u0153ur de l\u2019\u00e9v\u00e9nement, de belles rencontres professionnelles et d\u2019une attestation de b\u00e9n\u00e9volat si vous le souhaitez. Si vous \u00eates int\u00e9ress\u00e9(e), merci de remplir le formulaire suivant avant le <strong>23 MARS 2026<\/strong>.\u200b <strong>Les places sont limit\u00e9es<\/strong>.<\/p><p>DEVENEZ BENEVOLES ET VIVEZ L&rsquo;EXPERIENCE CX MEET UP C\u00d4TE D&rsquo;IVOIRE.<\/p><p>Merci d\u2019avance pour votre soutien !<\/p>\t\t\t\t\t\t\t\t<\/div>\n\t\t\t\t<\/div>\n\t\t\t\t\t<\/div>\n\t\t<\/div>\n\t\t\t\t\t<\/div>\n\t\t<\/section>\n\t\t\t\t<section class=\"elementor-section elementor-top-section elementor-element elementor-element-b895efe elementor-section-boxed elementor-section-height-default elementor-section-height-default\" data-id=\"b895efe\" data-element_type=\"section\" data-e-type=\"section\">\n\t\t\t\t\t\t<div class=\"elementor-container elementor-column-gap-default\">\n\t\t\t\t\t<div class=\"elementor-column elementor-col-100 elementor-top-column elementor-element elementor-element-fd6fdfc\" data-id=\"fd6fdfc\" data-element_type=\"column\" data-e-type=\"column\">\n\t\t\t<div class=\"elementor-widget-wrap elementor-element-populated\">\n\t\t\t\t\t\t<div class=\"elementor-element elementor-element-517ee435 elementor-widget elementor-widget-text-editor\" data-id=\"517ee435\" data-element_type=\"widget\" data-e-type=\"widget\" data-widget_type=\"text-editor.default\">\n\t\t\t\t<div class=\"elementor-widget-container\">\n\t\t\t\t\t\t\t\t\t<p><strong>FORMULAIRE D&rsquo;INSCRIPTION B\u00c9N\u00c9VOLAT<\/strong><\/p>\t\t\t\t\t\t\t\t<\/div>\n\t\t\t\t<\/div>\n\t\t\t\t<div class=\"elementor-element elementor-element-93499ea elementor-widget elementor-widget-wpforms\" data-id=\"93499ea\" data-element_type=\"widget\" data-e-type=\"widget\" data-widget_type=\"wpforms.default\">\n\t\t\t\t<div class=\"elementor-widget-container\">\n\t\t\t\t\t<div class=\"wpforms-container wpforms-container-full\" id=\"wpforms-7224\"><form id=\"wpforms-form-7224\" class=\"wpforms-validate wpforms-form wpforms-ajax-form\" data-formid=\"7224\" method=\"post\" enctype=\"multipart\/form-data\" action=\"\/en\/wp-json\/wp\/v2\/pages\/7192\" data-token=\"10c705376c40d2a75a1ef5af5033f4dc\" data-token-time=\"1776862173\"><noscript class=\"wpforms-error-noscript\">Please enable JavaScript in your browser to complete this form.<\/noscript><div class=\"wpforms-field-container\"><div id=\"wpforms-7224-field_1-container\" class=\"wpforms-field wpforms-field-name\" data-field-id=\"1\"><label class=\"wpforms-field-label\" for=\"wpforms-7224-field_1\">Nom <span class=\"wpforms-required-label\">*<\/span><\/label><input type=\"text\" id=\"wpforms-7224-field_1\" class=\"wpforms-field-medium wpforms-field-required\" name=\"wpforms[fields][1]\" required><\/div><div id=\"wpforms-7224-field_16-container\" class=\"wpforms-field wpforms-field-text\" data-field-id=\"16\"><label class=\"wpforms-field-label\" for=\"wpforms-7224-field_16\">Contact T\u00e9l\u00e9phonique<\/label><input type=\"text\" id=\"wpforms-7224-field_16\" class=\"wpforms-field-medium\" name=\"wpforms[fields][16]\" ><\/div><div id=\"wpforms-7224-field_11-container\" class=\"wpforms-field wpforms-field-text\" data-field-id=\"11\"><label class=\"wpforms-field-label\" for=\"wpforms-7224-field_11\">Commune de r\u00e9sidence<\/label><input type=\"text\" id=\"wpforms-7224-field_11\" class=\"wpforms-field-medium\" name=\"wpforms[fields][11]\" ><\/div><div id=\"wpforms-7224-field_12-container\" class=\"wpforms-field wpforms-field-text\" data-field-id=\"12\"><label class=\"wpforms-field-label\" for=\"wpforms-7224-field_12\">Quartier<\/label><input type=\"text\" id=\"wpforms-7224-field_12\" class=\"wpforms-field-medium\" name=\"wpforms[fields][12]\" ><\/div><div id=\"wpforms-7224-field_13-container\" class=\"wpforms-field wpforms-field-email\" data-field-id=\"13\"><label class=\"wpforms-field-label\" for=\"wpforms-7224-field_13\">E-mail <span class=\"wpforms-required-label\">*<\/span><\/label><input type=\"email\" id=\"wpforms-7224-field_13\" class=\"wpforms-field-medium wpforms-field-required\" name=\"wpforms[fields][13]\" spellcheck=\"false\" required><\/div><div id=\"wpforms-7224-field_4-container\" class=\"wpforms-field wpforms-field-radio\" data-field-id=\"4\"><label class=\"wpforms-field-label\">\u00cates vous disponible imm\u00e9diatement<\/label><ul id=\"wpforms-7224-field_4\"><li class=\"choice-1 depth-1\"><input type=\"radio\" id=\"wpforms-7224-field_4_1\" name=\"wpforms[fields][4]\" value=\"Oui\"  ><label class=\"wpforms-field-label-inline\" for=\"wpforms-7224-field_4_1\">Oui<\/label><\/li><li class=\"choice-2 depth-1\"><input type=\"radio\" id=\"wpforms-7224-field_4_2\" name=\"wpforms[fields][4]\" value=\"Non\"  ><label class=\"wpforms-field-label-inline\" for=\"wpforms-7224-field_4_2\">Non<\/label><\/li><\/ul><\/div><div id=\"wpforms-7224-field_14-container\" class=\"wpforms-field wpforms-field-textarea\" data-field-id=\"14\"><label class=\"wpforms-field-label\" for=\"wpforms-7224-field_14\">Personne \u00e0 contacter en cas d\u2019urgence (nom + t\u00e9l\u00e9phone).<\/label><textarea id=\"wpforms-7224-field_14\" class=\"wpforms-field-medium\" name=\"wpforms[fields][14]\" ><\/textarea><\/div><div id=\"wpforms-7224-field_3-container\" class=\"wpforms-field wpforms-field-textarea\" data-field-id=\"3\"><label class=\"wpforms-field-label\" for=\"wpforms-7224-field_3\">Commentaire ou message<\/label><textarea id=\"wpforms-7224-field_3\" class=\"wpforms-field-medium\" name=\"wpforms[fields][3]\" ><\/textarea><\/div><\/div><!-- .wpforms-field-container --><div class=\"wpforms-submit-container\" ><input type=\"hidden\" name=\"wpforms[id]\" value=\"7224\"><input type=\"hidden\" name=\"page_title\" value=\"\"><input type=\"hidden\" name=\"page_url\" value=\"https:\/\/leclientetmoi.com\/en\/wp-json\/wp\/v2\/pages\/7192\"><input type=\"hidden\" name=\"url_referer\" value=\"\"><button type=\"submit\" name=\"wpforms[submit]\" id=\"wpforms-submit-7224\" class=\"wpforms-submit\" data-alt-text=\"Envoi...\" data-submit-text=\"Envoyer\" aria-live=\"assertive\" value=\"wpforms-submit\">Envoyer<\/button><img decoding=\"async\" src=\"https:\/\/leclientetmoi.com\/wp-content\/plugins\/wpforms\/assets\/images\/submit-spin.svg\" class=\"wpforms-submit-spinner\" style=\"display: none;\" width=\"26\" height=\"26\" alt=\"Loading\"><\/div><\/form><\/div>  <!-- .wpforms-container -->\t\t\t\t<\/div>\n\t\t\t\t<\/div>\n\t\t\t\t\t<\/div>\n\t\t<\/div>\n\t\t\t\t\t<\/div>\n\t\t<\/section>\n\t\t\t\t<\/div>\n\t\t","protected":false},"excerpt":{"rendered":"<p>Dans le cadre du CX MEET UP C\u00d4TE D\u2019IVOIRE \u00e9dition 03 qui aura lieu le SAMEDI 18 AVRIL 2026 \u00e0 SANA H\u00d4TEL ABIDJAN, nous recherchons des b\u00e9n\u00e9voles pour nous aider \u00e0 assurer le bon d\u00e9roulement de la journ\u00e9e. Les missions propos\u00e9es : accueil des participants, orientation, appui logistique (installation, remise des badges, gestion des flux,&#8230;<\/p>","protected":false},"author":1,"featured_media":7195,"parent":6742,"menu_order":0,"comment_status":"closed","ping_status":"closed","template":"","meta":{"rank_math_lock_modified_date":false,"_kadence_starter_templates_imported_post":false,"_kad_post_transparent":"","_kad_post_title":"hide","_kad_post_layout":"fullwidth","_kad_post_sidebar_id":"","_kad_post_content_style":"unboxed","_kad_post_vertical_padding":"hide","_kad_post_feature":"hide","_kad_post_feature_position":"","_kad_post_header":false,"_kad_post_footer":false,"footnotes":""},"class_list":["post-7192","page","type-page","status-publish","has-post-thumbnail","hentry"],"_links":{"self":[{"href":"https:\/\/leclientetmoi.com\/en\/wp-json\/wp\/v2\/pages\/7192","targetHints":{"allow":["GET"]}}],"collection":[{"href":"https:\/\/leclientetmoi.com\/en\/wp-json\/wp\/v2\/pages"}],"about":[{"href":"https:\/\/leclientetmoi.com\/en\/wp-json\/wp\/v2\/types\/page"}],"author":[{"embeddable":true,"href":"https:\/\/leclientetmoi.com\/en\/wp-json\/wp\/v2\/users\/1"}],"replies":[{"embeddable":true,"href":"https:\/\/leclientetmoi.com\/en\/wp-json\/wp\/v2\/comments?post=7192"}],"version-history":[{"count":94,"href":"https:\/\/leclientetmoi.com\/en\/wp-json\/wp\/v2\/pages\/7192\/revisions"}],"predecessor-version":[{"id":7305,"href":"https:\/\/leclientetmoi.com\/en\/wp-json\/wp\/v2\/pages\/7192\/revisions\/7305"}],"up":[{"embeddable":true,"href":"https:\/\/leclientetmoi.com\/en\/wp-json\/wp\/v2\/pages\/6742"}],"wp:featuredmedia":[{"embeddable":true,"href":"https:\/\/leclientetmoi.com\/en\/wp-json\/wp\/v2\/media\/7195"}],"wp:attachment":[{"href":"https:\/\/leclientetmoi.com\/en\/wp-json\/wp\/v2\/media?parent=7192"}],"curies":[{"name":"wp","href":"https:\/\/api.w.org\/{rel}","templated":true}]}}