{"id":6385,"date":"2025-09-15T15:08:08","date_gmt":"2025-09-15T13:08:08","guid":{"rendered":"https:\/\/leclientetmoi.com\/?page_id=6385"},"modified":"2025-09-15T15:20:08","modified_gmt":"2025-09-15T13:20:08","slug":"rapport-dactivites-cx-meet-up-cote-divoire-edition-1","status":"publish","type":"page","link":"https:\/\/leclientetmoi.com\/en\/rapport-dactivites-cx-meet-up-cote-divoire-edition-1\/","title":{"rendered":"Rapport d&rsquo;activit\u00e9s Cx Meet Up C\u00f4te d&rsquo;Ivoire \u00e9dition 1"},"content":{"rendered":"<div data-elementor-type=\"wp-page\" data-elementor-id=\"6385\" class=\"elementor elementor-6385\">\n\t\t\t\t\t\t<section class=\"elementor-section elementor-top-section elementor-element elementor-element-ceaa661 elementor-section-boxed elementor-section-height-default elementor-section-height-default\" data-id=\"ceaa661\" data-element_type=\"section\" data-e-type=\"section\">\n\t\t\t\t\t\t<div class=\"elementor-container elementor-column-gap-default\">\n\t\t\t\t\t<div class=\"elementor-column elementor-col-16 elementor-top-column elementor-element elementor-element-1105847\" data-id=\"1105847\" data-element_type=\"column\" data-e-type=\"column\">\n\t\t\t<div class=\"elementor-widget-wrap elementor-element-populated\">\n\t\t\t\t\t\t<div class=\"elementor-element elementor-element-d457473 elementor-widget elementor-widget-image\" data-id=\"d457473\" data-element_type=\"widget\" data-e-type=\"widget\" data-widget_type=\"image.default\">\n\t\t\t\t<div class=\"elementor-widget-container\">\n\t\t\t\t\t\t\t\t\t\t\t\t\t\t\t<img fetchpriority=\"high\" decoding=\"async\" width=\"724\" height=\"1024\" src=\"https:\/\/leclientetmoi.com\/wp-content\/uploads\/2025\/09\/1-724x1024.png\" class=\"attachment-large size-large wp-image-6388\" alt=\"\" srcset=\"https:\/\/leclientetmoi.com\/wp-content\/uploads\/2025\/09\/1-724x1024.png 724w, https:\/\/leclientetmoi.com\/wp-content\/uploads\/2025\/09\/1-212x300.png 212w, https:\/\/leclientetmoi.com\/wp-content\/uploads\/2025\/09\/1-768x1086.png 768w, https:\/\/leclientetmoi.com\/wp-content\/uploads\/2025\/09\/1-1086x1536.png 1086w, https:\/\/leclientetmoi.com\/wp-content\/uploads\/2025\/09\/1-8x12.png 8w, https:\/\/leclientetmoi.com\/wp-content\/uploads\/2025\/09\/1.png 1414w\" sizes=\"(max-width: 724px) 100vw, 724px\" \/>\t\t\t\t\t\t\t\t\t\t\t\t\t\t\t<\/div>\n\t\t\t\t<\/div>\n\t\t\t\t\t<\/div>\n\t\t<\/div>\n\t\t\t\t<div class=\"elementor-column elementor-col-16 elementor-top-column elementor-element elementor-element-be0f421\" data-id=\"be0f421\" data-element_type=\"column\" data-e-type=\"column\">\n\t\t\t<div class=\"elementor-widget-wrap elementor-element-populated\">\n\t\t\t\t\t\t<div class=\"elementor-element elementor-element-dfce7d0 elementor-widget elementor-widget-image\" data-id=\"dfce7d0\" data-element_type=\"widget\" data-e-type=\"widget\" data-widget_type=\"image.default\">\n\t\t\t\t<div class=\"elementor-widget-container\">\n\t\t\t\t\t\t\t\t\t\t\t\t\t\t\t<img decoding=\"async\" width=\"724\" height=\"1024\" src=\"https:\/\/leclientetmoi.com\/wp-content\/uploads\/2025\/09\/2-724x1024.png\" class=\"attachment-large size-large wp-image-6389\" alt=\"\" srcset=\"https:\/\/leclientetmoi.com\/wp-content\/uploads\/2025\/09\/2-724x1024.png 724w, https:\/\/leclientetmoi.com\/wp-content\/uploads\/2025\/09\/2-212x300.png 212w, https:\/\/leclientetmoi.com\/wp-content\/uploads\/2025\/09\/2-768x1086.png 768w, https:\/\/leclientetmoi.com\/wp-content\/uploads\/2025\/09\/2-1086x1536.png 1086w, https:\/\/leclientetmoi.com\/wp-content\/uploads\/2025\/09\/2-8x12.png 8w, https:\/\/leclientetmoi.com\/wp-content\/uploads\/2025\/09\/2.png 1414w\" sizes=\"(max-width: 724px) 100vw, 724px\" \/>\t\t\t\t\t\t\t\t\t\t\t\t\t\t\t<\/div>\n\t\t\t\t<\/div>\n\t\t\t\t\t<\/div>\n\t\t<\/div>\n\t\t\t\t<div class=\"elementor-column elementor-col-16 elementor-top-column elementor-element elementor-element-d663980\" data-id=\"d663980\" data-element_type=\"column\" data-e-type=\"column\">\n\t\t\t<div class=\"elementor-widget-wrap elementor-element-populated\">\n\t\t\t\t\t\t<div class=\"elementor-element elementor-element-16c0d98 elementor-widget elementor-widget-image\" data-id=\"16c0d98\" data-element_type=\"widget\" data-e-type=\"widget\" data-widget_type=\"image.default\">\n\t\t\t\t<div class=\"elementor-widget-container\">\n\t\t\t\t\t\t\t\t\t\t\t\t\t\t\t<img decoding=\"async\" width=\"724\" height=\"1024\" src=\"https:\/\/leclientetmoi.com\/wp-content\/uploads\/2025\/09\/3-724x1024.png\" class=\"attachment-large size-large wp-image-6390\" alt=\"\" srcset=\"https:\/\/leclientetmoi.com\/wp-content\/uploads\/2025\/09\/3-724x1024.png 724w, https:\/\/leclientetmoi.com\/wp-content\/uploads\/2025\/09\/3-212x300.png 212w, https:\/\/leclientetmoi.com\/wp-content\/uploads\/2025\/09\/3-768x1086.png 768w, https:\/\/leclientetmoi.com\/wp-content\/uploads\/2025\/09\/3-1086x1536.png 1086w, https:\/\/leclientetmoi.com\/wp-content\/uploads\/2025\/09\/3-8x12.png 8w, https:\/\/leclientetmoi.com\/wp-content\/uploads\/2025\/09\/3.png 1414w\" sizes=\"(max-width: 724px) 100vw, 724px\" \/>\t\t\t\t\t\t\t\t\t\t\t\t\t\t\t<\/div>\n\t\t\t\t<\/div>\n\t\t\t\t\t<\/div>\n\t\t<\/div>\n\t\t\t\t<div class=\"elementor-column elementor-col-16 elementor-top-column elementor-element elementor-element-6b6eb43\" data-id=\"6b6eb43\" data-element_type=\"column\" data-e-type=\"column\">\n\t\t\t<div class=\"elementor-widget-wrap elementor-element-populated\">\n\t\t\t\t\t\t<div class=\"elementor-element elementor-element-319d361 elementor-widget elementor-widget-image\" data-id=\"319d361\" data-element_type=\"widget\" data-e-type=\"widget\" data-widget_type=\"image.default\">\n\t\t\t\t<div class=\"elementor-widget-container\">\n\t\t\t\t\t\t\t\t\t\t\t\t\t\t\t<img loading=\"lazy\" decoding=\"async\" width=\"724\" height=\"1024\" src=\"https:\/\/leclientetmoi.com\/wp-content\/uploads\/2025\/09\/4-724x1024.png\" class=\"attachment-large size-large wp-image-6391\" alt=\"\" srcset=\"https:\/\/leclientetmoi.com\/wp-content\/uploads\/2025\/09\/4-724x1024.png 724w, https:\/\/leclientetmoi.com\/wp-content\/uploads\/2025\/09\/4-212x300.png 212w, https:\/\/leclientetmoi.com\/wp-content\/uploads\/2025\/09\/4-768x1086.png 768w, https:\/\/leclientetmoi.com\/wp-content\/uploads\/2025\/09\/4-1086x1536.png 1086w, https:\/\/leclientetmoi.com\/wp-content\/uploads\/2025\/09\/4-8x12.png 8w, https:\/\/leclientetmoi.com\/wp-content\/uploads\/2025\/09\/4.png 1414w\" sizes=\"(max-width: 724px) 100vw, 724px\" \/>\t\t\t\t\t\t\t\t\t\t\t\t\t\t\t<\/div>\n\t\t\t\t<\/div>\n\t\t\t\t\t<\/div>\n\t\t<\/div>\n\t\t\t\t<div class=\"elementor-column elementor-col-16 elementor-top-column elementor-element elementor-element-ae5be2e\" data-id=\"ae5be2e\" data-element_type=\"column\" data-e-type=\"column\">\n\t\t\t<div class=\"elementor-widget-wrap elementor-element-populated\">\n\t\t\t\t\t\t<div class=\"elementor-element elementor-element-67de149 elementor-widget elementor-widget-image\" data-id=\"67de149\" data-element_type=\"widget\" data-e-type=\"widget\" data-widget_type=\"image.default\">\n\t\t\t\t<div class=\"elementor-widget-container\">\n\t\t\t\t\t\t\t\t\t\t\t\t\t\t\t<img loading=\"lazy\" decoding=\"async\" width=\"724\" height=\"1024\" src=\"https:\/\/leclientetmoi.com\/wp-content\/uploads\/2025\/09\/5-724x1024.png\" class=\"attachment-large size-large wp-image-6392\" alt=\"\" srcset=\"https:\/\/leclientetmoi.com\/wp-content\/uploads\/2025\/09\/5-724x1024.png 724w, https:\/\/leclientetmoi.com\/wp-content\/uploads\/2025\/09\/5-212x300.png 212w, https:\/\/leclientetmoi.com\/wp-content\/uploads\/2025\/09\/5-768x1086.png 768w, https:\/\/leclientetmoi.com\/wp-content\/uploads\/2025\/09\/5-1086x1536.png 1086w, https:\/\/leclientetmoi.com\/wp-content\/uploads\/2025\/09\/5-8x12.png 8w, https:\/\/leclientetmoi.com\/wp-content\/uploads\/2025\/09\/5.png 1414w\" sizes=\"(max-width: 724px) 100vw, 724px\" \/>\t\t\t\t\t\t\t\t\t\t\t\t\t\t\t<\/div>\n\t\t\t\t<\/div>\n\t\t\t\t\t<\/div>\n\t\t<\/div>\n\t\t\t\t<div class=\"elementor-column elementor-col-16 elementor-top-column elementor-element elementor-element-bd2e22e\" data-id=\"bd2e22e\" data-element_type=\"column\" data-e-type=\"column\">\n\t\t\t<div class=\"elementor-widget-wrap elementor-element-populated\">\n\t\t\t\t\t\t<div class=\"elementor-element elementor-element-8872635 elementor-widget elementor-widget-image\" data-id=\"8872635\" data-element_type=\"widget\" data-e-type=\"widget\" data-widget_type=\"image.default\">\n\t\t\t\t<div class=\"elementor-widget-container\">\n\t\t\t\t\t\t\t\t\t\t\t\t\t\t\t<img loading=\"lazy\" decoding=\"async\" width=\"724\" height=\"1024\" src=\"https:\/\/leclientetmoi.com\/wp-content\/uploads\/2025\/09\/6-724x1024.png\" class=\"attachment-large size-large wp-image-6393\" alt=\"\" srcset=\"https:\/\/leclientetmoi.com\/wp-content\/uploads\/2025\/09\/6-724x1024.png 724w, https:\/\/leclientetmoi.com\/wp-content\/uploads\/2025\/09\/6-212x300.png 212w, https:\/\/leclientetmoi.com\/wp-content\/uploads\/2025\/09\/6-768x1086.png 768w, https:\/\/leclientetmoi.com\/wp-content\/uploads\/2025\/09\/6-1086x1536.png 1086w, https:\/\/leclientetmoi.com\/wp-content\/uploads\/2025\/09\/6-8x12.png 8w, https:\/\/leclientetmoi.com\/wp-content\/uploads\/2025\/09\/6.png 1414w\" sizes=\"(max-width: 724px) 100vw, 724px\" \/>\t\t\t\t\t\t\t\t\t\t\t\t\t\t\t<\/div>\n\t\t\t\t<\/div>\n\t\t\t\t\t<\/div>\n\t\t<\/div>\n\t\t\t\t\t<\/div>\n\t\t<\/section>\n\t\t\t\t<section class=\"elementor-section elementor-top-section elementor-element elementor-element-f183166 elementor-section-boxed elementor-section-height-default elementor-section-height-default\" data-id=\"f183166\" data-element_type=\"section\" data-e-type=\"section\">\n\t\t\t\t\t\t<div class=\"elementor-container elementor-column-gap-default\">\n\t\t\t\t\t<div class=\"elementor-column elementor-col-16 elementor-top-column elementor-element elementor-element-0be9116\" data-id=\"0be9116\" data-element_type=\"column\" data-e-type=\"column\">\n\t\t\t<div class=\"elementor-widget-wrap elementor-element-populated\">\n\t\t\t\t\t\t<div class=\"elementor-element elementor-element-9891dac elementor-widget elementor-widget-image\" data-id=\"9891dac\" data-element_type=\"widget\" data-e-type=\"widget\" data-widget_type=\"image.default\">\n\t\t\t\t<div class=\"elementor-widget-container\">\n\t\t\t\t\t\t\t\t\t\t\t\t\t\t\t<img loading=\"lazy\" decoding=\"async\" width=\"724\" height=\"1024\" src=\"https:\/\/leclientetmoi.com\/wp-content\/uploads\/2025\/09\/7-724x1024.png\" class=\"attachment-large size-large wp-image-6394\" alt=\"\" srcset=\"https:\/\/leclientetmoi.com\/wp-content\/uploads\/2025\/09\/7-724x1024.png 724w, https:\/\/leclientetmoi.com\/wp-content\/uploads\/2025\/09\/7-212x300.png 212w, https:\/\/leclientetmoi.com\/wp-content\/uploads\/2025\/09\/7-768x1086.png 768w, https:\/\/leclientetmoi.com\/wp-content\/uploads\/2025\/09\/7-1086x1536.png 1086w, https:\/\/leclientetmoi.com\/wp-content\/uploads\/2025\/09\/7-8x12.png 8w, https:\/\/leclientetmoi.com\/wp-content\/uploads\/2025\/09\/7.png 1414w\" sizes=\"(max-width: 724px) 100vw, 724px\" \/>\t\t\t\t\t\t\t\t\t\t\t\t\t\t\t<\/div>\n\t\t\t\t<\/div>\n\t\t\t\t\t<\/div>\n\t\t<\/div>\n\t\t\t\t<div class=\"elementor-column elementor-col-16 elementor-top-column elementor-element elementor-element-ef2f44f\" data-id=\"ef2f44f\" data-element_type=\"column\" data-e-type=\"column\">\n\t\t\t<div class=\"elementor-widget-wrap elementor-element-populated\">\n\t\t\t\t\t\t<div class=\"elementor-element elementor-element-f7cadd0 elementor-widget elementor-widget-image\" data-id=\"f7cadd0\" data-element_type=\"widget\" data-e-type=\"widget\" data-widget_type=\"image.default\">\n\t\t\t\t<div class=\"elementor-widget-container\">\n\t\t\t\t\t\t\t\t\t\t\t\t\t\t\t<img loading=\"lazy\" decoding=\"async\" width=\"724\" height=\"1024\" src=\"https:\/\/leclientetmoi.com\/wp-content\/uploads\/2025\/09\/8-724x1024.png\" class=\"attachment-large size-large wp-image-6395\" alt=\"\" srcset=\"https:\/\/leclientetmoi.com\/wp-content\/uploads\/2025\/09\/8-724x1024.png 724w, https:\/\/leclientetmoi.com\/wp-content\/uploads\/2025\/09\/8-212x300.png 212w, https:\/\/leclientetmoi.com\/wp-content\/uploads\/2025\/09\/8-768x1086.png 768w, https:\/\/leclientetmoi.com\/wp-content\/uploads\/2025\/09\/8-1086x1536.png 1086w, https:\/\/leclientetmoi.com\/wp-content\/uploads\/2025\/09\/8-8x12.png 8w, https:\/\/leclientetmoi.com\/wp-content\/uploads\/2025\/09\/8.png 1414w\" sizes=\"(max-width: 724px) 100vw, 724px\" \/>\t\t\t\t\t\t\t\t\t\t\t\t\t\t\t<\/div>\n\t\t\t\t<\/div>\n\t\t\t\t\t<\/div>\n\t\t<\/div>\n\t\t\t\t<div class=\"elementor-column elementor-col-16 elementor-top-column elementor-element elementor-element-f1811dd\" data-id=\"f1811dd\" data-element_type=\"column\" data-e-type=\"column\">\n\t\t\t<div class=\"elementor-widget-wrap elementor-element-populated\">\n\t\t\t\t\t\t<div class=\"elementor-element elementor-element-14f0a22 elementor-widget elementor-widget-image\" data-id=\"14f0a22\" data-element_type=\"widget\" data-e-type=\"widget\" data-widget_type=\"image.default\">\n\t\t\t\t<div class=\"elementor-widget-container\">\n\t\t\t\t\t\t\t\t\t\t\t\t\t\t\t<img loading=\"lazy\" decoding=\"async\" width=\"724\" height=\"1024\" src=\"https:\/\/leclientetmoi.com\/wp-content\/uploads\/2025\/09\/9-724x1024.png\" class=\"attachment-large size-large wp-image-6396\" alt=\"\" srcset=\"https:\/\/leclientetmoi.com\/wp-content\/uploads\/2025\/09\/9-724x1024.png 724w, https:\/\/leclientetmoi.com\/wp-content\/uploads\/2025\/09\/9-212x300.png 212w, https:\/\/leclientetmoi.com\/wp-content\/uploads\/2025\/09\/9-768x1086.png 768w, https:\/\/leclientetmoi.com\/wp-content\/uploads\/2025\/09\/9-1086x1536.png 1086w, https:\/\/leclientetmoi.com\/wp-content\/uploads\/2025\/09\/9-8x12.png 8w, https:\/\/leclientetmoi.com\/wp-content\/uploads\/2025\/09\/9.png 1414w\" sizes=\"(max-width: 724px) 100vw, 724px\" \/>\t\t\t\t\t\t\t\t\t\t\t\t\t\t\t<\/div>\n\t\t\t\t<\/div>\n\t\t\t\t\t<\/div>\n\t\t<\/div>\n\t\t\t\t<div class=\"elementor-column elementor-col-16 elementor-top-column elementor-element elementor-element-eb0fa21\" data-id=\"eb0fa21\" data-element_type=\"column\" data-e-type=\"column\">\n\t\t\t<div class=\"elementor-widget-wrap elementor-element-populated\">\n\t\t\t\t\t\t<div class=\"elementor-element elementor-element-e2ad7a3 elementor-widget elementor-widget-image\" data-id=\"e2ad7a3\" data-element_type=\"widget\" data-e-type=\"widget\" data-widget_type=\"image.default\">\n\t\t\t\t<div class=\"elementor-widget-container\">\n\t\t\t\t\t\t\t\t\t\t\t\t\t\t\t<img loading=\"lazy\" decoding=\"async\" width=\"724\" height=\"1024\" src=\"https:\/\/leclientetmoi.com\/wp-content\/uploads\/2025\/09\/10-724x1024.png\" class=\"attachment-large size-large wp-image-6397\" alt=\"\" srcset=\"https:\/\/leclientetmoi.com\/wp-content\/uploads\/2025\/09\/10-724x1024.png 724w, https:\/\/leclientetmoi.com\/wp-content\/uploads\/2025\/09\/10-212x300.png 212w, https:\/\/leclientetmoi.com\/wp-content\/uploads\/2025\/09\/10-768x1086.png 768w, https:\/\/leclientetmoi.com\/wp-content\/uploads\/2025\/09\/10-1086x1536.png 1086w, https:\/\/leclientetmoi.com\/wp-content\/uploads\/2025\/09\/10-8x12.png 8w, https:\/\/leclientetmoi.com\/wp-content\/uploads\/2025\/09\/10.png 1414w\" sizes=\"(max-width: 724px) 100vw, 724px\" \/>\t\t\t\t\t\t\t\t\t\t\t\t\t\t\t<\/div>\n\t\t\t\t<\/div>\n\t\t\t\t\t<\/div>\n\t\t<\/div>\n\t\t\t\t<div class=\"elementor-column elementor-col-16 elementor-top-column elementor-element elementor-element-761e2af\" data-id=\"761e2af\" data-element_type=\"column\" data-e-type=\"column\">\n\t\t\t<div class=\"elementor-widget-wrap elementor-element-populated\">\n\t\t\t\t\t\t<div class=\"elementor-element elementor-element-ba118c5 elementor-widget elementor-widget-image\" data-id=\"ba118c5\" data-element_type=\"widget\" data-e-type=\"widget\" data-widget_type=\"image.default\">\n\t\t\t\t<div class=\"elementor-widget-container\">\n\t\t\t\t\t\t\t\t\t\t\t\t\t\t\t<img loading=\"lazy\" decoding=\"async\" width=\"724\" height=\"1024\" src=\"https:\/\/leclientetmoi.com\/wp-content\/uploads\/2025\/09\/11-724x1024.png\" class=\"attachment-large size-large wp-image-6398\" alt=\"\" srcset=\"https:\/\/leclientetmoi.com\/wp-content\/uploads\/2025\/09\/11-724x1024.png 724w, https:\/\/leclientetmoi.com\/wp-content\/uploads\/2025\/09\/11-212x300.png 212w, https:\/\/leclientetmoi.com\/wp-content\/uploads\/2025\/09\/11-768x1086.png 768w, https:\/\/leclientetmoi.com\/wp-content\/uploads\/2025\/09\/11-1086x1536.png 1086w, https:\/\/leclientetmoi.com\/wp-content\/uploads\/2025\/09\/11-8x12.png 8w, https:\/\/leclientetmoi.com\/wp-content\/uploads\/2025\/09\/11.png 1414w\" sizes=\"(max-width: 724px) 100vw, 724px\" \/>\t\t\t\t\t\t\t\t\t\t\t\t\t\t\t<\/div>\n\t\t\t\t<\/div>\n\t\t\t\t\t<\/div>\n\t\t<\/div>\n\t\t\t\t<div class=\"elementor-column elementor-col-16 elementor-top-column elementor-element elementor-element-5150333\" data-id=\"5150333\" data-element_type=\"column\" data-e-type=\"column\">\n\t\t\t<div class=\"elementor-widget-wrap elementor-element-populated\">\n\t\t\t\t\t\t<div class=\"elementor-element elementor-element-6e809d0 elementor-widget elementor-widget-image\" data-id=\"6e809d0\" data-element_type=\"widget\" data-e-type=\"widget\" data-widget_type=\"image.default\">\n\t\t\t\t<div class=\"elementor-widget-container\">\n\t\t\t\t\t\t\t\t\t\t\t\t\t\t\t<img loading=\"lazy\" decoding=\"async\" width=\"724\" height=\"1024\" src=\"https:\/\/leclientetmoi.com\/wp-content\/uploads\/2025\/09\/12-724x1024.png\" class=\"attachment-large size-large wp-image-6399\" alt=\"\" srcset=\"https:\/\/leclientetmoi.com\/wp-content\/uploads\/2025\/09\/12-724x1024.png 724w, https:\/\/leclientetmoi.com\/wp-content\/uploads\/2025\/09\/12-212x300.png 212w, https:\/\/leclientetmoi.com\/wp-content\/uploads\/2025\/09\/12-768x1086.png 768w, https:\/\/leclientetmoi.com\/wp-content\/uploads\/2025\/09\/12-1086x1536.png 1086w, https:\/\/leclientetmoi.com\/wp-content\/uploads\/2025\/09\/12-8x12.png 8w, https:\/\/leclientetmoi.com\/wp-content\/uploads\/2025\/09\/12.png 1414w\" sizes=\"(max-width: 724px) 100vw, 724px\" \/>\t\t\t\t\t\t\t\t\t\t\t\t\t\t\t<\/div>\n\t\t\t\t<\/div>\n\t\t\t\t\t<\/div>\n\t\t<\/div>\n\t\t\t\t\t<\/div>\n\t\t<\/section>\n\t\t\t\t<\/div>","protected":false},"excerpt":{"rendered":"","protected":false},"author":1,"featured_media":6388,"parent":0,"menu_order":0,"comment_status":"closed","ping_status":"closed","template":"","meta":{"rank_math_lock_modified_date":false,"_kadence_starter_templates_imported_post":false,"_kad_post_transparent":"","_kad_post_title":"hide","_kad_post_layout":"fullwidth","_kad_post_sidebar_id":"","_kad_post_content_style":"unboxed","_kad_post_vertical_padding":"hide","_kad_post_feature":"hide","_kad_post_feature_position":"","_kad_post_header":false,"_kad_post_footer":false,"footnotes":""},"class_list":["post-6385","page","type-page","status-publish","has-post-thumbnail","hentry"],"_links":{"self":[{"href":"https:\/\/leclientetmoi.com\/en\/wp-json\/wp\/v2\/pages\/6385","targetHints":{"allow":["GET"]}}],"collection":[{"href":"https:\/\/leclientetmoi.com\/en\/wp-json\/wp\/v2\/pages"}],"about":[{"href":"https:\/\/leclientetmoi.com\/en\/wp-json\/wp\/v2\/types\/page"}],"author":[{"embeddable":true,"href":"https:\/\/leclientetmoi.com\/en\/wp-json\/wp\/v2\/users\/1"}],"replies":[{"embeddable":true,"href":"https:\/\/leclientetmoi.com\/en\/wp-json\/wp\/v2\/comments?post=6385"}],"version-history":[{"count":4,"href":"https:\/\/leclientetmoi.com\/en\/wp-json\/wp\/v2\/pages\/6385\/revisions"}],"predecessor-version":[{"id":6403,"href":"https:\/\/leclientetmoi.com\/en\/wp-json\/wp\/v2\/pages\/6385\/revisions\/6403"}],"wp:featuredmedia":[{"embeddable":true,"href":"https:\/\/leclientetmoi.com\/en\/wp-json\/wp\/v2\/media\/6388"}],"wp:attachment":[{"href":"https:\/\/leclientetmoi.com\/en\/wp-json\/wp\/v2\/media?parent=6385"}],"curies":[{"name":"wp","href":"https:\/\/api.w.org\/{rel}","templated":true}]}}