{"id":5937,"date":"2025-08-26T20:19:58","date_gmt":"2025-08-26T18:19:58","guid":{"rendered":"https:\/\/leclientetmoi.com\/?page_id=5937"},"modified":"2025-10-04T17:49:23","modified_gmt":"2025-10-04T15:49:23","slug":"atelier-outils-de-travail-collaboratif","status":"publish","type":"page","link":"https:\/\/leclientetmoi.com\/en\/cx-meet-up-cote-divoire-edition2\/atelier-outils-de-travail-collaboratif\/","title":{"rendered":"COLLABORATIVE WORK TOOLS WORKSHOP"},"content":{"rendered":"<div data-elementor-type=\"wp-page\" data-elementor-id=\"5937\" class=\"elementor elementor-5937\">\n\t\t\t\t\t\t<section class=\"elementor-section elementor-top-section elementor-element elementor-element-2bdbfc2 elementor-section-content-middle elementor-section-boxed elementor-section-height-default elementor-section-height-default\" data-id=\"2bdbfc2\" data-element_type=\"section\" data-e-type=\"section\">\n\t\t\t\t\t\t<div class=\"elementor-container elementor-column-gap-no\">\n\t\t\t\t\t<div class=\"elementor-column elementor-col-50 elementor-top-column elementor-element elementor-element-32a48684\" data-id=\"32a48684\" data-element_type=\"column\" data-e-type=\"column\">\n\t\t\t<div class=\"elementor-widget-wrap elementor-element-populated\">\n\t\t\t\t\t\t<div class=\"elementor-element elementor-element-6d689d65 elementor-widget-divider--view-line elementor-widget elementor-widget-divider\" data-id=\"6d689d65\" data-element_type=\"widget\" data-e-type=\"widget\" data-widget_type=\"divider.default\">\n\t\t\t\t<div class=\"elementor-widget-container\">\n\t\t\t\t\t\t\t<div class=\"elementor-divider\">\n\t\t\t<span class=\"elementor-divider-separator\">\n\t\t\t\t\t\t<\/span>\n\t\t<\/div>\n\t\t\t\t\t\t<\/div>\n\t\t\t\t<\/div>\n\t\t\t\t<div class=\"elementor-element elementor-element-fa3f4d8 elementor-widget elementor-widget-image\" data-id=\"fa3f4d8\" data-element_type=\"widget\" data-e-type=\"widget\" data-widget_type=\"image.default\">\n\t\t\t\t<div class=\"elementor-widget-container\">\n\t\t\t\t\t\t\t\t\t\t\t\t\t\t\t<img fetchpriority=\"high\" decoding=\"async\" width=\"1024\" height=\"671\" src=\"https:\/\/leclientetmoi.com\/wp-content\/uploads\/2025\/08\/CX-Meet-Up-edition2_Atelier-Outil-travail-collaboratif-1024x671.jpg\" class=\"attachment-large size-large wp-image-6099\" alt=\"\" srcset=\"https:\/\/leclientetmoi.com\/wp-content\/uploads\/2025\/08\/CX-Meet-Up-edition2_Atelier-Outil-travail-collaboratif-1024x671.jpg 1024w, https:\/\/leclientetmoi.com\/wp-content\/uploads\/2025\/08\/CX-Meet-Up-edition2_Atelier-Outil-travail-collaboratif-300x197.jpg 300w, https:\/\/leclientetmoi.com\/wp-content\/uploads\/2025\/08\/CX-Meet-Up-edition2_Atelier-Outil-travail-collaboratif-768x503.jpg 768w, https:\/\/leclientetmoi.com\/wp-content\/uploads\/2025\/08\/CX-Meet-Up-edition2_Atelier-Outil-travail-collaboratif-1536x1007.jpg 1536w, https:\/\/leclientetmoi.com\/wp-content\/uploads\/2025\/08\/CX-Meet-Up-edition2_Atelier-Outil-travail-collaboratif-2048x1342.jpg 2048w, https:\/\/leclientetmoi.com\/wp-content\/uploads\/2025\/08\/CX-Meet-Up-edition2_Atelier-Outil-travail-collaboratif-18x12.jpg 18w\" sizes=\"(max-width: 1024px) 100vw, 1024px\" \/>\t\t\t\t\t\t\t\t\t\t\t\t\t\t\t<\/div>\n\t\t\t\t<\/div>\n\t\t\t\t\t<\/div>\n\t\t<\/div>\n\t\t\t\t<div class=\"elementor-column elementor-col-50 elementor-top-column elementor-element elementor-element-c39d3f\" data-id=\"c39d3f\" data-element_type=\"column\" data-e-type=\"column\">\n\t\t\t<div class=\"elementor-widget-wrap elementor-element-populated\">\n\t\t\t\t\t\t<div class=\"elementor-element elementor-element-f70b7f7 elementor-widget elementor-widget-text-editor\" data-id=\"f70b7f7\" data-element_type=\"widget\" data-e-type=\"widget\" data-widget_type=\"text-editor.default\">\n\t\t\t\t<div class=\"elementor-widget-container\">\n\t\t\t\t\t\t\t\t\t<p>COLLABORATIVE WORK TOOLS WORKSHOP<\/p>\t\t\t\t\t\t\t\t<\/div>\n\t\t\t\t<\/div>\n\t\t\t\t<div class=\"elementor-element elementor-element-1033582a elementor-widget elementor-widget-text-editor\" data-id=\"1033582a\" data-element_type=\"widget\" data-e-type=\"widget\" data-widget_type=\"text-editor.default\">\n\t\t\t\t<div class=\"elementor-widget-container\">\n\t\t\t\t\t\t\t\t\t<p>This workshop will highlight the importance of modern collaborative tools in improving productivity and coordination among teams dedicated to customer experience. Participants will discover how these solutions facilitate real-time communication, document sharing and project management, while integrating artificial intelligence features to optimise workflows. The workshop will address the benefits of hybrid collaboration, combining remote and face-to-face work, to strengthen collective innovation. Leading platforms for co-creation, task tracking and information centralisation will be presented, thereby reducing organisational silos.<\/p><p>The aim is to give participants practical tools for choosing, deploying and using these tools effectively in order to improve team agility and responsiveness. Finally, practical case studies will illustrate how collaborative tools such as Teams, Yammer, SharePoint, etc. strengthen commitment and cohesion around client projects.<\/p>\t\t\t\t\t\t\t\t<\/div>\n\t\t\t\t<\/div>\n\t\t\t\t<div class=\"elementor-element elementor-element-ddf1fee elementor-widget elementor-widget-text-editor\" data-id=\"ddf1fee\" data-element_type=\"widget\" data-e-type=\"widget\" data-widget_type=\"text-editor.default\">\n\t\t\t\t<div class=\"elementor-widget-container\">\n\t\t\t\t\t\t\t\t\t<div><blockquote><p>Collaborative technology is not an end in itself, but a powerful lever to put humans back at the center of work by facilitating cooperation, exchange, and co-creation.\u00a0<strong>Charles Aim\u00e9 EDI<\/strong>\u00ab\u00a0<\/p><\/blockquote><\/div><div>\u00a0<\/div>\t\t\t\t\t\t\t\t<\/div>\n\t\t\t\t<\/div>\n\t\t\t\t<div class=\"elementor-element elementor-element-a6c2aa2 elementor-widget elementor-widget-button\" data-id=\"a6c2aa2\" data-element_type=\"widget\" data-e-type=\"widget\" data-widget_type=\"button.default\">\n\t\t\t\t<div class=\"elementor-widget-container\">\n\t\t\t\t\t\t\t\t\t<div class=\"elementor-button-wrapper\">\n\t\t\t\t\t<a class=\"elementor-button elementor-button-link elementor-size-sm\" href=\"https:\/\/leclientetmoi.com\/en\/atelier-intelligence-artificielle-et-cloud\/\">\n\t\t\t\t\t\t<span class=\"elementor-button-content-wrapper\">\n\t\t\t\t\t\t<span class=\"elementor-button-icon\">\n\t\t\t\t<i aria-hidden=\"true\" class=\"far fa-arrow-alt-circle-right\"><\/i>\t\t\t<\/span>\n\t\t\t\t\t\t\t\t\t<span class=\"elementor-button-text\">Artificial Intelligence and Cloud Workshop<\/span>\n\t\t\t\t\t<\/span>\n\t\t\t\t\t<\/a>\n\t\t\t\t<\/div>\n\t\t\t\t\t\t\t\t<\/div>\n\t\t\t\t<\/div>\n\t\t\t\t\t<\/div>\n\t\t<\/div>\n\t\t\t\t\t<\/div>\n\t\t<\/section>\n\t\t\t\t<\/div>","protected":false},"excerpt":{"rendered":"<p>ATELIER OUTILS DE TRAVAIL COLLABORATIF Cet atelier mettra en lumi\u00e8re l\u2019importance des outils collaboratifs modernes dans l\u2019am\u00e9lioration de la productivit\u00e9 et de la coordination des \u00e9quipes d\u00e9di\u00e9es \u00e0 l\u2019exp\u00e9rience client. Les participants d\u00e9couvriront comment ces solutions facilitent la communication en temps r\u00e9el, le partage de documents et la gestion de projets, tout en int\u00e9grant des&#8230;<\/p>","protected":false},"author":1,"featured_media":6099,"parent":5705,"menu_order":0,"comment_status":"closed","ping_status":"closed","template":"","meta":{"rank_math_lock_modified_date":false,"_kadence_starter_templates_imported_post":false,"_kad_post_transparent":"","_kad_post_title":"hide","_kad_post_layout":"fullwidth","_kad_post_sidebar_id":"","_kad_post_content_style":"unboxed","_kad_post_vertical_padding":"hide","_kad_post_feature":"hide","_kad_post_feature_position":"","_kad_post_header":false,"_kad_post_footer":false,"footnotes":""},"class_list":["post-5937","page","type-page","status-publish","has-post-thumbnail","hentry"],"_links":{"self":[{"href":"https:\/\/leclientetmoi.com\/en\/wp-json\/wp\/v2\/pages\/5937","targetHints":{"allow":["GET"]}}],"collection":[{"href":"https:\/\/leclientetmoi.com\/en\/wp-json\/wp\/v2\/pages"}],"about":[{"href":"https:\/\/leclientetmoi.com\/en\/wp-json\/wp\/v2\/types\/page"}],"author":[{"embeddable":true,"href":"https:\/\/leclientetmoi.com\/en\/wp-json\/wp\/v2\/users\/1"}],"replies":[{"embeddable":true,"href":"https:\/\/leclientetmoi.com\/en\/wp-json\/wp\/v2\/comments?post=5937"}],"version-history":[{"count":67,"href":"https:\/\/leclientetmoi.com\/en\/wp-json\/wp\/v2\/pages\/5937\/revisions"}],"predecessor-version":[{"id":6258,"href":"https:\/\/leclientetmoi.com\/en\/wp-json\/wp\/v2\/pages\/5937\/revisions\/6258"}],"up":[{"embeddable":true,"href":"https:\/\/leclientetmoi.com\/en\/wp-json\/wp\/v2\/pages\/5705"}],"wp:featuredmedia":[{"embeddable":true,"href":"https:\/\/leclientetmoi.com\/en\/wp-json\/wp\/v2\/media\/6099"}],"wp:attachment":[{"href":"https:\/\/leclientetmoi.com\/en\/wp-json\/wp\/v2\/media?parent=5937"}],"curies":[{"name":"wp","href":"https:\/\/api.w.org\/{rel}","templated":true}]}}