{"id":5932,"date":"2025-08-26T20:09:42","date_gmt":"2025-08-26T18:09:42","guid":{"rendered":"https:\/\/leclientetmoi.com\/?page_id=5932"},"modified":"2025-10-04T17:50:09","modified_gmt":"2025-10-04T15:50:09","slug":"atelier-gestion-des-operations-client","status":"publish","type":"page","link":"https:\/\/leclientetmoi.com\/en\/cx-meet-up-cote-divoire-edition2\/atelier-gestion-des-operations-client\/","title":{"rendered":"CUSTOMER OPERATIONS MANAGEMENT WORKSHOP"},"content":{"rendered":"<div data-elementor-type=\"wp-page\" data-elementor-id=\"5932\" class=\"elementor elementor-5932\">\n\t\t\t\t\t\t<section class=\"elementor-section elementor-top-section elementor-element elementor-element-268f6c06 elementor-section-content-middle elementor-section-boxed elementor-section-height-default elementor-section-height-default\" data-id=\"268f6c06\" data-element_type=\"section\" data-e-type=\"section\">\n\t\t\t\t\t\t<div class=\"elementor-container elementor-column-gap-no\">\n\t\t\t\t\t<div class=\"elementor-column elementor-col-50 elementor-top-column elementor-element elementor-element-5107f308\" data-id=\"5107f308\" data-element_type=\"column\" data-e-type=\"column\">\n\t\t\t<div class=\"elementor-widget-wrap elementor-element-populated\">\n\t\t\t\t\t\t<div class=\"elementor-element elementor-element-12ade684 elementor-widget-divider--view-line elementor-widget elementor-widget-divider\" data-id=\"12ade684\" data-element_type=\"widget\" data-e-type=\"widget\" data-widget_type=\"divider.default\">\n\t\t\t\t<div class=\"elementor-widget-container\">\n\t\t\t\t\t\t\t<div class=\"elementor-divider\">\n\t\t\t<span class=\"elementor-divider-separator\">\n\t\t\t\t\t\t<\/span>\n\t\t<\/div>\n\t\t\t\t\t\t<\/div>\n\t\t\t\t<\/div>\n\t\t\t\t<div class=\"elementor-element elementor-element-2d7c18b elementor-widget elementor-widget-image\" data-id=\"2d7c18b\" data-element_type=\"widget\" data-e-type=\"widget\" data-widget_type=\"image.default\">\n\t\t\t\t<div class=\"elementor-widget-container\">\n\t\t\t\t\t\t\t\t\t\t\t\t\t\t\t<img fetchpriority=\"high\" decoding=\"async\" width=\"1024\" height=\"802\" src=\"https:\/\/leclientetmoi.com\/wp-content\/uploads\/2025\/08\/Cx-Meet-Up-Cote-dIvoire_edition-2_Atelier-Gestion-des-operations-client-1024x802.jpg\" class=\"attachment-large size-large wp-image-6103\" alt=\"\" srcset=\"https:\/\/leclientetmoi.com\/wp-content\/uploads\/2025\/08\/Cx-Meet-Up-Cote-dIvoire_edition-2_Atelier-Gestion-des-operations-client-1024x802.jpg 1024w, https:\/\/leclientetmoi.com\/wp-content\/uploads\/2025\/08\/Cx-Meet-Up-Cote-dIvoire_edition-2_Atelier-Gestion-des-operations-client-300x235.jpg 300w, https:\/\/leclientetmoi.com\/wp-content\/uploads\/2025\/08\/Cx-Meet-Up-Cote-dIvoire_edition-2_Atelier-Gestion-des-operations-client-768x602.jpg 768w, https:\/\/leclientetmoi.com\/wp-content\/uploads\/2025\/08\/Cx-Meet-Up-Cote-dIvoire_edition-2_Atelier-Gestion-des-operations-client-1536x1204.jpg 1536w, https:\/\/leclientetmoi.com\/wp-content\/uploads\/2025\/08\/Cx-Meet-Up-Cote-dIvoire_edition-2_Atelier-Gestion-des-operations-client-2048x1605.jpg 2048w, https:\/\/leclientetmoi.com\/wp-content\/uploads\/2025\/08\/Cx-Meet-Up-Cote-dIvoire_edition-2_Atelier-Gestion-des-operations-client-15x12.jpg 15w\" sizes=\"(max-width: 1024px) 100vw, 1024px\" \/>\t\t\t\t\t\t\t\t\t\t\t\t\t\t\t<\/div>\n\t\t\t\t<\/div>\n\t\t\t\t\t<\/div>\n\t\t<\/div>\n\t\t\t\t<div class=\"elementor-column elementor-col-50 elementor-top-column elementor-element elementor-element-7faeb972\" data-id=\"7faeb972\" data-element_type=\"column\" data-e-type=\"column\">\n\t\t\t<div class=\"elementor-widget-wrap elementor-element-populated\">\n\t\t\t\t\t\t<div class=\"elementor-element elementor-element-6d9b8f3 elementor-widget elementor-widget-text-editor\" data-id=\"6d9b8f3\" data-element_type=\"widget\" data-e-type=\"widget\" data-widget_type=\"text-editor.default\">\n\t\t\t\t<div class=\"elementor-widget-container\">\n\t\t\t\t\t\t\t\t\t<p>CUSTOMER OPERATIONS MANAGEMENT WORKSHOP<\/p>\t\t\t\t\t\t\t\t<\/div>\n\t\t\t\t<\/div>\n\t\t\t\t<div class=\"elementor-element elementor-element-47568e85 elementor-widget elementor-widget-text-editor\" data-id=\"47568e85\" data-element_type=\"widget\" data-e-type=\"widget\" data-widget_type=\"text-editor.default\">\n\t\t\t\t<div class=\"elementor-widget-container\">\n\t\t\t\t\t\t\t\t\t<p>This practical workshop will focus on optimizing customer operations management to ensure a smooth and consistent experience at every touchpoint. Participants will learn how to align operational processes with customer expectations by integrating digital tools to automate and enhance service delivery. Effective management of requests, from order tracking to rapid incident resolution, will be covered to reduce friction and build loyalty. The workshop will also explore how to use customer data to anticipate needs and personalize responses, as well as the importance of interdepartmental collaboration to coordinate actions between marketing, customer service, human resources, and more.<\/p><p>Case studies will illustrate the direct impact of agile operational management on customer satisfaction and loyalty, with suggestions for measuring performance using key indicators.\u00a0<\/p>\t\t\t\t\t\t\t\t<\/div>\n\t\t\t\t<\/div>\n\t\t\t\t<div class=\"elementor-element elementor-element-636f8496 elementor-widget elementor-widget-text-editor\" data-id=\"636f8496\" data-element_type=\"widget\" data-e-type=\"widget\" data-widget_type=\"text-editor.default\">\n\t\t\t\t<div class=\"elementor-widget-container\">\n\t\t\t\t\t\t\t\t\t<div><blockquote><p>Putting the human at the heart of every digital interaction means recognizing that behind every operation is a person with their needs, emotions, and expectations.\u00a0<strong>Olivier PELLEVOIZIN<\/strong>\u00ab\u00a0<\/p><\/blockquote><\/div><div>\u00a0<\/div>\t\t\t\t\t\t\t\t<\/div>\n\t\t\t\t<\/div>\n\t\t\t\t<div class=\"elementor-element elementor-element-5dc8556 elementor-widget elementor-widget-button\" data-id=\"5dc8556\" data-element_type=\"widget\" data-e-type=\"widget\" data-widget_type=\"button.default\">\n\t\t\t\t<div class=\"elementor-widget-container\">\n\t\t\t\t\t\t\t\t\t<div class=\"elementor-button-wrapper\">\n\t\t\t\t\t<a class=\"elementor-button elementor-button-link elementor-size-sm\" href=\"https:\/\/leclientetmoi.com\/en\/atelier-outils-de-travail-collaboratif\/\">\n\t\t\t\t\t\t<span class=\"elementor-button-content-wrapper\">\n\t\t\t\t\t\t<span class=\"elementor-button-icon\">\n\t\t\t\t<i aria-hidden=\"true\" class=\"far fa-arrow-alt-circle-right\"><\/i>\t\t\t<\/span>\n\t\t\t\t\t\t\t\t\t<span class=\"elementor-button-text\">Collaborative working tools workshop<\/span>\n\t\t\t\t\t<\/span>\n\t\t\t\t\t<\/a>\n\t\t\t\t<\/div>\n\t\t\t\t\t\t\t\t<\/div>\n\t\t\t\t<\/div>\n\t\t\t\t\t<\/div>\n\t\t<\/div>\n\t\t\t\t\t<\/div>\n\t\t<\/section>\n\t\t\t\t<\/div>","protected":false},"excerpt":{"rendered":"<p>ATELIER GESTION DES OPERATIONS CLIENT Cet atelier pratique mettra l&rsquo;accent sur l&rsquo;optimisation de la gestion des op\u00e9rations clients pour garantir une exp\u00e9rience fluide et coh\u00e9rente \u00e0 chaque point de contact. Les participants apprendront \u00e0 aligner les processus op\u00e9rationnels avec les attentes clients, en int\u00e9grant des outils digitaux pour automatiser et am\u00e9liorer la prise en charge&#8230;.<\/p>","protected":false},"author":1,"featured_media":6103,"parent":5705,"menu_order":0,"comment_status":"closed","ping_status":"closed","template":"","meta":{"rank_math_lock_modified_date":false,"_kadence_starter_templates_imported_post":false,"_kad_post_transparent":"","_kad_post_title":"hide","_kad_post_layout":"fullwidth","_kad_post_sidebar_id":"","_kad_post_content_style":"unboxed","_kad_post_vertical_padding":"hide","_kad_post_feature":"hide","_kad_post_feature_position":"","_kad_post_header":false,"_kad_post_footer":false,"footnotes":""},"class_list":["post-5932","page","type-page","status-publish","has-post-thumbnail","hentry"],"_links":{"self":[{"href":"https:\/\/leclientetmoi.com\/en\/wp-json\/wp\/v2\/pages\/5932","targetHints":{"allow":["GET"]}}],"collection":[{"href":"https:\/\/leclientetmoi.com\/en\/wp-json\/wp\/v2\/pages"}],"about":[{"href":"https:\/\/leclientetmoi.com\/en\/wp-json\/wp\/v2\/types\/page"}],"author":[{"embeddable":true,"href":"https:\/\/leclientetmoi.com\/en\/wp-json\/wp\/v2\/users\/1"}],"replies":[{"embeddable":true,"href":"https:\/\/leclientetmoi.com\/en\/wp-json\/wp\/v2\/comments?post=5932"}],"version-history":[{"count":70,"href":"https:\/\/leclientetmoi.com\/en\/wp-json\/wp\/v2\/pages\/5932\/revisions"}],"predecessor-version":[{"id":6255,"href":"https:\/\/leclientetmoi.com\/en\/wp-json\/wp\/v2\/pages\/5932\/revisions\/6255"}],"up":[{"embeddable":true,"href":"https:\/\/leclientetmoi.com\/en\/wp-json\/wp\/v2\/pages\/5705"}],"wp:featuredmedia":[{"embeddable":true,"href":"https:\/\/leclientetmoi.com\/en\/wp-json\/wp\/v2\/media\/6103"}],"wp:attachment":[{"href":"https:\/\/leclientetmoi.com\/en\/wp-json\/wp\/v2\/media?parent=5932"}],"curies":[{"name":"wp","href":"https:\/\/api.w.org\/{rel}","templated":true}]}}