{"id":5921,"date":"2025-08-26T19:33:49","date_gmt":"2025-08-26T17:33:49","guid":{"rendered":"https:\/\/leclientetmoi.com\/?page_id=5921"},"modified":"2025-10-04T17:48:41","modified_gmt":"2025-10-04T15:48:41","slug":"atelier-intelligence-artificielle-et-cloud","status":"publish","type":"page","link":"https:\/\/leclientetmoi.com\/en\/cx-meet-up-cote-divoire-edition2\/atelier-intelligence-artificielle-et-cloud\/","title":{"rendered":"ATELIER INTELLIGENCE ARTIFICIELLE ET CLOUD"},"content":{"rendered":"<div data-elementor-type=\"wp-page\" data-elementor-id=\"5921\" class=\"elementor elementor-5921\">\n\t\t\t\t\t\t<section class=\"elementor-section elementor-top-section elementor-element elementor-element-79fb80f2 elementor-section-content-middle elementor-section-boxed elementor-section-height-default elementor-section-height-default\" data-id=\"79fb80f2\" data-element_type=\"section\" data-e-type=\"section\">\n\t\t\t\t\t\t<div class=\"elementor-container elementor-column-gap-no\">\n\t\t\t\t\t<div class=\"elementor-column elementor-col-50 elementor-top-column elementor-element elementor-element-38503a5b\" data-id=\"38503a5b\" data-element_type=\"column\" data-e-type=\"column\">\n\t\t\t<div class=\"elementor-widget-wrap elementor-element-populated\">\n\t\t\t\t\t\t<div class=\"elementor-element elementor-element-480e198e elementor-widget-divider--view-line elementor-widget elementor-widget-divider\" data-id=\"480e198e\" data-element_type=\"widget\" data-e-type=\"widget\" data-widget_type=\"divider.default\">\n\t\t\t\t<div class=\"elementor-widget-container\">\n\t\t\t\t\t\t\t<div class=\"elementor-divider\">\n\t\t\t<span class=\"elementor-divider-separator\">\n\t\t\t\t\t\t<\/span>\n\t\t<\/div>\n\t\t\t\t\t\t<\/div>\n\t\t\t\t<\/div>\n\t\t\t\t<div class=\"elementor-element elementor-element-a7fbd9d elementor-widget elementor-widget-image\" data-id=\"a7fbd9d\" data-element_type=\"widget\" data-e-type=\"widget\" data-widget_type=\"image.default\">\n\t\t\t\t<div class=\"elementor-widget-container\">\n\t\t\t\t\t\t\t\t\t\t\t\t\t\t\t<img fetchpriority=\"high\" decoding=\"async\" width=\"1024\" height=\"682\" src=\"https:\/\/leclientetmoi.com\/wp-content\/uploads\/2025\/02\/Le-Client-et-Moi_Technologie_Objectif-1024x682.jpg\" class=\"attachment-large size-large wp-image-5108\" alt=\"\" srcset=\"https:\/\/leclientetmoi.com\/wp-content\/uploads\/2025\/02\/Le-Client-et-Moi_Technologie_Objectif-1024x682.jpg 1024w, https:\/\/leclientetmoi.com\/wp-content\/uploads\/2025\/02\/Le-Client-et-Moi_Technologie_Objectif-300x200.jpg 300w, https:\/\/leclientetmoi.com\/wp-content\/uploads\/2025\/02\/Le-Client-et-Moi_Technologie_Objectif-768x512.jpg 768w, https:\/\/leclientetmoi.com\/wp-content\/uploads\/2025\/02\/Le-Client-et-Moi_Technologie_Objectif-18x12.jpg 18w, https:\/\/leclientetmoi.com\/wp-content\/uploads\/2025\/02\/Le-Client-et-Moi_Technologie_Objectif.jpg 1280w\" sizes=\"(max-width: 1024px) 100vw, 1024px\" \/>\t\t\t\t\t\t\t\t\t\t\t\t\t\t\t<\/div>\n\t\t\t\t<\/div>\n\t\t\t\t\t<\/div>\n\t\t<\/div>\n\t\t\t\t<div class=\"elementor-column elementor-col-50 elementor-top-column elementor-element elementor-element-628b8a17\" data-id=\"628b8a17\" data-element_type=\"column\" data-e-type=\"column\">\n\t\t\t<div class=\"elementor-widget-wrap elementor-element-populated\">\n\t\t\t\t\t\t<div class=\"elementor-element elementor-element-01ac9b5 elementor-widget elementor-widget-text-editor\" data-id=\"01ac9b5\" data-element_type=\"widget\" data-e-type=\"widget\" data-widget_type=\"text-editor.default\">\n\t\t\t\t<div class=\"elementor-widget-container\">\n\t\t\t\t\t\t\t\t\t<p>ARTIFICIAL INTELLIGENCE &amp; CLOUD WORKSHOP<\/p>\t\t\t\t\t\t\t\t<\/div>\n\t\t\t\t<\/div>\n\t\t\t\t<div class=\"elementor-element elementor-element-570c8c6f elementor-widget elementor-widget-text-editor\" data-id=\"570c8c6f\" data-element_type=\"widget\" data-e-type=\"widget\" data-widget_type=\"text-editor.default\">\n\t\t\t\t<div class=\"elementor-widget-container\">\n\t\t\t\t\t\t\t\t\t<p>This practical workshop will explore how artificial intelligence integrated into the cloud is transforming the customer and employee experience. Participants will discover the possibilities offered by AI to automate repetitive tasks, analyze customer behaviors in real time, and personalize interactions at scale. The workshop will also cover cloud-based tools that enable collecting, storing, and analyzing customer data to anticipate their needs.<\/p><p>An interactive session will allow participants to test these innovative solutions and discuss best practices. Concrete application cases such as intelligent chatbots and virtual assistants will be presented, illustrating the seamless orchestration of multi-channel journeys.<\/p>\t\t\t\t\t\t\t\t<\/div>\n\t\t\t\t<\/div>\n\t\t\t\t<div class=\"elementor-element elementor-element-2b73235e elementor-widget elementor-widget-text-editor\" data-id=\"2b73235e\" data-element_type=\"widget\" data-e-type=\"widget\" data-widget_type=\"text-editor.default\">\n\t\t\t\t<div class=\"elementor-widget-container\">\n\t\t\t\t\t\t\t\t\t<div><blockquote><p>New technology must serve humanity by strengthening our ability to understand, connect and support each individual, beyond simple digital processes.<strong>\u00a0<\/strong>\u00a0\u00bb <strong>Euloge EDI<\/strong> \u00ab\u00a0<\/p><\/blockquote><\/div><div>\u00a0<\/div>\t\t\t\t\t\t\t\t<\/div>\n\t\t\t\t<\/div>\n\t\t\t\t<div class=\"elementor-element elementor-element-53223b2 elementor-widget elementor-widget-button\" data-id=\"53223b2\" data-element_type=\"widget\" data-e-type=\"widget\" data-widget_type=\"button.default\">\n\t\t\t\t<div class=\"elementor-widget-container\">\n\t\t\t\t\t\t\t\t\t<div class=\"elementor-button-wrapper\">\n\t\t\t\t\t<a class=\"elementor-button elementor-button-link elementor-size-sm\" href=\"https:\/\/leclientetmoi.com\/en\/atelier-gestion-des-operations-client\/\">\n\t\t\t\t\t\t<span class=\"elementor-button-content-wrapper\">\n\t\t\t\t\t\t<span class=\"elementor-button-icon\">\n\t\t\t\t<i aria-hidden=\"true\" class=\"far fa-arrow-alt-circle-right\"><\/i>\t\t\t<\/span>\n\t\t\t\t\t\t\t\t\t<span class=\"elementor-button-text\">Customer operations management workshop<\/span>\n\t\t\t\t\t<\/span>\n\t\t\t\t\t<\/a>\n\t\t\t\t<\/div>\n\t\t\t\t\t\t\t\t<\/div>\n\t\t\t\t<\/div>\n\t\t\t\t\t<\/div>\n\t\t<\/div>\n\t\t\t\t\t<\/div>\n\t\t<\/section>\n\t\t\t\t<\/div>","protected":false},"excerpt":{"rendered":"<p>ATELIER INTELLIGENCE ARTIFICIELLE &amp; CLOUD Cet atelier pratique explorera comment l&rsquo;intelligence artificielle int\u00e9gr\u00e9e au cloud transforme l&rsquo;exp\u00e9rience client et collaborateur. Les participants d\u00e9couvriront les possibilit\u00e9s offertes par l\u2019IA pour automatiser les t\u00e2ches r\u00e9p\u00e9titives, analyser en temps r\u00e9el les comportements clients et personnaliser les interactions \u00e0 grande \u00e9chelle. L\u2019atelier abordera \u00e9galement les outils bas\u00e9s sur le&#8230;<\/p>","protected":false},"author":1,"featured_media":5108,"parent":5705,"menu_order":0,"comment_status":"closed","ping_status":"closed","template":"","meta":{"rank_math_lock_modified_date":false,"_kadence_starter_templates_imported_post":false,"_kad_post_transparent":"","_kad_post_title":"hide","_kad_post_layout":"fullwidth","_kad_post_sidebar_id":"","_kad_post_content_style":"unboxed","_kad_post_vertical_padding":"hide","_kad_post_feature":"hide","_kad_post_feature_position":"","_kad_post_header":false,"_kad_post_footer":false,"footnotes":""},"class_list":["post-5921","page","type-page","status-publish","has-post-thumbnail","hentry"],"_links":{"self":[{"href":"https:\/\/leclientetmoi.com\/en\/wp-json\/wp\/v2\/pages\/5921","targetHints":{"allow":["GET"]}}],"collection":[{"href":"https:\/\/leclientetmoi.com\/en\/wp-json\/wp\/v2\/pages"}],"about":[{"href":"https:\/\/leclientetmoi.com\/en\/wp-json\/wp\/v2\/types\/page"}],"author":[{"embeddable":true,"href":"https:\/\/leclientetmoi.com\/en\/wp-json\/wp\/v2\/users\/1"}],"replies":[{"embeddable":true,"href":"https:\/\/leclientetmoi.com\/en\/wp-json\/wp\/v2\/comments?post=5921"}],"version-history":[{"count":53,"href":"https:\/\/leclientetmoi.com\/en\/wp-json\/wp\/v2\/pages\/5921\/revisions"}],"predecessor-version":[{"id":6249,"href":"https:\/\/leclientetmoi.com\/en\/wp-json\/wp\/v2\/pages\/5921\/revisions\/6249"}],"up":[{"embeddable":true,"href":"https:\/\/leclientetmoi.com\/en\/wp-json\/wp\/v2\/pages\/5705"}],"wp:featuredmedia":[{"embeddable":true,"href":"https:\/\/leclientetmoi.com\/en\/wp-json\/wp\/v2\/media\/5108"}],"wp:attachment":[{"href":"https:\/\/leclientetmoi.com\/en\/wp-json\/wp\/v2\/media?parent=5921"}],"curies":[{"name":"wp","href":"https:\/\/api.w.org\/{rel}","templated":true}]}}