{"id":5525,"date":"2025-04-14T21:27:27","date_gmt":"2025-04-14T19:27:27","guid":{"rendered":"https:\/\/leclientetmoi.com\/?page_id=5525"},"modified":"2025-09-15T14:40:58","modified_gmt":"2025-09-15T12:40:58","slug":"enquete-de-satisfaction-cx-meet-up-cote-divoire","status":"publish","type":"page","link":"https:\/\/leclientetmoi.com\/en\/enquete-de-satisfaction-cx-meet-up-cote-divoire\/","title":{"rendered":"Enqu\u00eate de satisfaction CX MEET UP C\u00d4TE D&rsquo;IVOIRE"},"content":{"rendered":"\t\t<div data-elementor-type=\"wp-page\" data-elementor-id=\"5525\" class=\"elementor elementor-5525\">\n\t\t\t\t\t\t<section class=\"elementor-section elementor-top-section elementor-element elementor-element-3b25ae22 elementor-section-full_width elementor-section-height-default elementor-section-height-default\" data-id=\"3b25ae22\" data-element_type=\"section\" data-e-type=\"section\">\n\t\t\t\t\t\t<div class=\"elementor-container elementor-column-gap-no\">\n\t\t\t\t\t<div class=\"elementor-column elementor-col-100 elementor-top-column elementor-element elementor-element-5de1d9c5\" data-id=\"5de1d9c5\" data-element_type=\"column\" data-e-type=\"column\">\n\t\t\t<div class=\"elementor-widget-wrap elementor-element-populated\">\n\t\t\t\t\t\t<div class=\"elementor-element elementor-element-5b811804 elementor-invisible elementor-widget elementor-widget-image\" data-id=\"5b811804\" data-element_type=\"widget\" data-e-type=\"widget\" data-settings=\"{&quot;_animation&quot;:&quot;fadeInUp&quot;}\" data-widget_type=\"image.default\">\n\t\t\t\t<div class=\"elementor-widget-container\">\n\t\t\t\t\t\t\t\t\t\t\t\t\t\t\t<img fetchpriority=\"high\" decoding=\"async\" width=\"1600\" height=\"900\" src=\"https:\/\/leclientetmoi.com\/wp-content\/uploads\/2025\/04\/Best-visuel-CX-Meet-Up-Cote-dIVOIRE.jpg-face.jpg\" class=\"attachment-2048x2048 size-2048x2048 wp-image-5527\" alt=\"\" srcset=\"https:\/\/leclientetmoi.com\/wp-content\/uploads\/2025\/04\/Best-visuel-CX-Meet-Up-Cote-dIVOIRE.jpg-face.jpg 1600w, https:\/\/leclientetmoi.com\/wp-content\/uploads\/2025\/04\/Best-visuel-CX-Meet-Up-Cote-dIVOIRE.jpg-face-300x169.jpg 300w, https:\/\/leclientetmoi.com\/wp-content\/uploads\/2025\/04\/Best-visuel-CX-Meet-Up-Cote-dIVOIRE.jpg-face-1024x576.jpg 1024w, https:\/\/leclientetmoi.com\/wp-content\/uploads\/2025\/04\/Best-visuel-CX-Meet-Up-Cote-dIVOIRE.jpg-face-768x432.jpg 768w, https:\/\/leclientetmoi.com\/wp-content\/uploads\/2025\/04\/Best-visuel-CX-Meet-Up-Cote-dIVOIRE.jpg-face-1536x864.jpg 1536w, https:\/\/leclientetmoi.com\/wp-content\/uploads\/2025\/04\/Best-visuel-CX-Meet-Up-Cote-dIVOIRE.jpg-face-18x10.jpg 18w\" sizes=\"(max-width: 1600px) 100vw, 1600px\" \/>\t\t\t\t\t\t\t\t\t\t\t\t\t\t\t<\/div>\n\t\t\t\t<\/div>\n\t\t\t\t\t<\/div>\n\t\t<\/div>\n\t\t\t\t\t<\/div>\n\t\t<\/section>\n\t\t\t\t<section class=\"elementor-section elementor-top-section elementor-element elementor-element-197bd9e elementor-section-boxed elementor-section-height-default elementor-section-height-default\" data-id=\"197bd9e\" data-element_type=\"section\" data-e-type=\"section\">\n\t\t\t\t\t\t<div class=\"elementor-container elementor-column-gap-default\">\n\t\t\t\t\t<div class=\"elementor-column elementor-col-100 elementor-top-column elementor-element elementor-element-da15a9c\" data-id=\"da15a9c\" data-element_type=\"column\" data-e-type=\"column\">\n\t\t\t<div class=\"elementor-widget-wrap elementor-element-populated\">\n\t\t\t\t\t\t<div class=\"elementor-element elementor-element-20ed566 elementor-widget elementor-widget-heading\" data-id=\"20ed566\" data-element_type=\"widget\" data-e-type=\"widget\" data-widget_type=\"heading.default\">\n\t\t\t\t<div class=\"elementor-widget-container\">\n\t\t\t\t\t<h2 class=\"elementor-heading-title elementor-size-default\">ENQU\u00caTE DE SATISFACTION CX MEET UP C\u00d4TE D'IVOIRE<\/h2>\t\t\t\t<\/div>\n\t\t\t\t<\/div>\n\t\t\t\t<div class=\"elementor-element elementor-element-9d2742b elementor-widget elementor-widget-text-editor\" data-id=\"9d2742b\" data-element_type=\"widget\" data-e-type=\"widget\" data-widget_type=\"text-editor.default\">\n\t\t\t\t<div class=\"elementor-widget-container\">\n\t\t\t\t\t\t\t\t\t<p>Vous avez assist\u00e9 au CX MEET UP C\u00d4TE D\u2019IVOIRE, merci de prendre 02 minutes pour partager vos impressions sur l\u2019\u00e9v\u00e9nement. Vos retours sont pr\u00e9cieux pour am\u00e9liorer nos futures \u00e9ditions !<\/p>\t\t\t\t\t\t\t\t<\/div>\n\t\t\t\t<\/div>\n\t\t\t\t\t<\/div>\n\t\t<\/div>\n\t\t\t\t\t<\/div>\n\t\t<\/section>\n\t\t\t\t<section class=\"elementor-section elementor-top-section elementor-element elementor-element-2cbf519 elementor-section-boxed elementor-section-height-default elementor-section-height-default\" data-id=\"2cbf519\" data-element_type=\"section\" data-e-type=\"section\">\n\t\t\t\t\t\t<div class=\"elementor-container elementor-column-gap-default\">\n\t\t\t\t\t<div class=\"elementor-column elementor-col-100 elementor-top-column elementor-element elementor-element-9ce3b22\" data-id=\"9ce3b22\" data-element_type=\"column\" data-e-type=\"column\">\n\t\t\t<div class=\"elementor-widget-wrap elementor-element-populated\">\n\t\t\t\t\t\t<div class=\"elementor-element elementor-element-adea38b elementor-widget elementor-widget-spacer\" data-id=\"adea38b\" data-element_type=\"widget\" data-e-type=\"widget\" data-widget_type=\"spacer.default\">\n\t\t\t\t<div class=\"elementor-widget-container\">\n\t\t\t\t\t\t\t<div class=\"elementor-spacer\">\n\t\t\t<div class=\"elementor-spacer-inner\"><\/div>\n\t\t<\/div>\n\t\t\t\t\t\t<\/div>\n\t\t\t\t<\/div>\n\t\t\t\t<div class=\"elementor-element elementor-element-25f4d0e elementor-widget elementor-widget-wpforms\" data-id=\"25f4d0e\" data-element_type=\"widget\" data-e-type=\"widget\" data-widget_type=\"wpforms.default\">\n\t\t\t\t<div class=\"elementor-widget-container\">\n\t\t\t\t\t<div class=\"wpforms-container wpforms-container-full\" id=\"wpforms-5532\"><form id=\"wpforms-form-5532\" class=\"wpforms-validate wpforms-form wpforms-ajax-form\" data-formid=\"5532\" method=\"post\" enctype=\"multipart\/form-data\" action=\"\/en\/wp-json\/wp\/v2\/pages\/5525\" data-token=\"c9efe1b579e75a3bd34ef15441e8384d\" data-token-time=\"1775984767\"><noscript class=\"wpforms-error-noscript\">Please enable JavaScript in your browser to complete this form.<\/noscript><div class=\"wpforms-field-container\"><div id=\"wpforms-5532-field_2-container\" class=\"wpforms-field wpforms-field-radio\" data-field-id=\"2\"><label class=\"wpforms-field-label\">Comment \u00e9valueriez-vous l&#039;organisation pratique de l&#039;\u00e9v\u00e9nement de fa\u00e7on g\u00e9n\u00e9rale ? <span class=\"wpforms-required-label\">*<\/span><\/label><ul id=\"wpforms-5532-field_2\" class=\"wpforms-field-required\"><li class=\"choice-1 depth-1\"><input type=\"radio\" id=\"wpforms-5532-field_2_1\" name=\"wpforms[fields][2]\" value=\"Tr\u00e8s satisfaisant\" required ><label class=\"wpforms-field-label-inline\" for=\"wpforms-5532-field_2_1\">Tr\u00e8s satisfaisant<\/label><\/li><li class=\"choice-2 depth-1\"><input type=\"radio\" id=\"wpforms-5532-field_2_2\" name=\"wpforms[fields][2]\" value=\"Passable\" required ><label class=\"wpforms-field-label-inline\" for=\"wpforms-5532-field_2_2\">Passable<\/label><\/li><li class=\"choice-3 depth-1\"><input type=\"radio\" id=\"wpforms-5532-field_2_3\" name=\"wpforms[fields][2]\" value=\"Tr\u00e8s insatisfaisant\" required ><label class=\"wpforms-field-label-inline\" for=\"wpforms-5532-field_2_3\">Tr\u00e8s insatisfaisant<\/label><\/li><\/ul><\/div><div id=\"wpforms-5532-field_18-container\" class=\"wpforms-field wpforms-field-payment-checkbox\" data-field-id=\"18\"><label class=\"wpforms-field-label\">Quelles ont \u00e9t\u00e9 vos parties pr\u00e9f\u00e9r\u00e9es de l&#039;\u00e9v\u00e9nement ? <span class=\"wpforms-required-label\">*<\/span><\/label><ul id=\"wpforms-5532-field_18\" class=\"wpforms-field-required\"><li class=\"choice-1\"><input type=\"checkbox\" id=\"wpforms-5532-field_18_1\" class=\"wpforms-payment-price\" data-amount=\"10.00\" name=\"wpforms[fields][18][]\" value=\"1\" required ><label class=\"wpforms-field-label-inline\" for=\"wpforms-5532-field_18_1\">Pitch des solutions ou services<\/label><\/li><li class=\"choice-2\"><input type=\"checkbox\" id=\"wpforms-5532-field_18_2\" class=\"wpforms-payment-price\" data-amount=\"25.00\" name=\"wpforms[fields][18][]\" value=\"2\" required ><label class=\"wpforms-field-label-inline\" for=\"wpforms-5532-field_18_2\">Conf\u00e9rences-Panels<\/label><\/li><li class=\"choice-3\"><input type=\"checkbox\" id=\"wpforms-5532-field_18_3\" class=\"wpforms-payment-price\" data-amount=\"50.00\" name=\"wpforms[fields][18][]\" value=\"3\" required ><label class=\"wpforms-field-label-inline\" for=\"wpforms-5532-field_18_3\">Signature du partenariat le Client et Moi - OswegO<\/label><\/li><li class=\"choice-4\"><input type=\"checkbox\" id=\"wpforms-5532-field_18_4\" class=\"wpforms-payment-price\" data-amount=\"0.00\" name=\"wpforms[fields][18][]\" value=\"4\" required ><label class=\"wpforms-field-label-inline\" for=\"wpforms-5532-field_18_4\">Reseautage<\/label><\/li><\/ul><\/div><div id=\"wpforms-5532-field_4-container\" class=\"wpforms-field wpforms-field-text\" data-field-id=\"4\"><label class=\"wpforms-field-label\" for=\"wpforms-5532-field_4\">Autres parties pr\u00e9f\u00e9r\u00e9es de l&#039;\u00e9v\u00e9nement ?<\/label><input type=\"text\" id=\"wpforms-5532-field_4\" class=\"wpforms-field-medium\" name=\"wpforms[fields][4]\" ><\/div><div id=\"wpforms-5532-field_5-container\" class=\"wpforms-field wpforms-field-radio\" data-field-id=\"5\"><label class=\"wpforms-field-label\">Qu&#039;avez-vous pens\u00e9 de la qualit\u00e9 des intervenants ? <span class=\"wpforms-required-label\">*<\/span><\/label><ul id=\"wpforms-5532-field_5\" class=\"wpforms-field-required\"><li class=\"choice-1 depth-1\"><input type=\"radio\" id=\"wpforms-5532-field_5_1\" name=\"wpforms[fields][5]\" value=\"Excellent\" required ><label class=\"wpforms-field-label-inline\" for=\"wpforms-5532-field_5_1\">Excellent<\/label><\/li><li class=\"choice-2 depth-1\"><input type=\"radio\" id=\"wpforms-5532-field_5_2\" name=\"wpforms[fields][5]\" value=\"Bon\" required ><label class=\"wpforms-field-label-inline\" for=\"wpforms-5532-field_5_2\">Bon<\/label><\/li><li class=\"choice-3 depth-1\"><input type=\"radio\" id=\"wpforms-5532-field_5_3\" name=\"wpforms[fields][5]\" value=\"Moyen\" required ><label class=\"wpforms-field-label-inline\" for=\"wpforms-5532-field_5_3\">Moyen<\/label><\/li><\/ul><\/div><div id=\"wpforms-5532-field_6-container\" class=\"wpforms-field wpforms-field-radio\" data-field-id=\"6\"><label class=\"wpforms-field-label\">Les sujets abord\u00e9s \u00e9taient-ils pertinents pour vous ? <span class=\"wpforms-required-label\">*<\/span><\/label><ul id=\"wpforms-5532-field_6\" class=\"wpforms-field-required\"><li class=\"choice-1 depth-1\"><input type=\"radio\" id=\"wpforms-5532-field_6_1\" name=\"wpforms[fields][6]\" value=\"Tr\u00e8s pertinent\" required ><label class=\"wpforms-field-label-inline\" for=\"wpforms-5532-field_6_1\">Tr\u00e8s pertinent<\/label><\/li><li class=\"choice-2 depth-1\"><input type=\"radio\" id=\"wpforms-5532-field_6_2\" name=\"wpforms[fields][6]\" value=\"Acceptable\" required ><label class=\"wpforms-field-label-inline\" for=\"wpforms-5532-field_6_2\">Acceptable<\/label><\/li><li class=\"choice-3 depth-1\"><input type=\"radio\" id=\"wpforms-5532-field_6_3\" name=\"wpforms[fields][6]\" value=\"Pas du tout\" required ><label class=\"wpforms-field-label-inline\" for=\"wpforms-5532-field_6_3\">Pas du tout<\/label><\/li><\/ul><\/div><div id=\"wpforms-5532-field_7-container\" class=\"wpforms-field wpforms-field-text\" data-field-id=\"7\"><label class=\"wpforms-field-label\" for=\"wpforms-5532-field_7\">Y a-t-il des sujets que vous auriez aim\u00e9 voir abord\u00e9s ? <span class=\"wpforms-required-label\">*<\/span><\/label><input type=\"text\" id=\"wpforms-5532-field_7\" class=\"wpforms-field-medium wpforms-field-required\" name=\"wpforms[fields][7]\" required><\/div><div id=\"wpforms-5532-field_8-container\" class=\"wpforms-field wpforms-field-text\" data-field-id=\"8\"><label class=\"wpforms-field-label\" for=\"wpforms-5532-field_8\">Avez-vous des suggestions pour am\u00e9liorer les futurs \u00e9v\u00e9nements ? <span class=\"wpforms-required-label\">*<\/span><\/label><input type=\"text\" id=\"wpforms-5532-field_8\" class=\"wpforms-field-medium wpforms-field-required\" name=\"wpforms[fields][8]\" required><\/div><div id=\"wpforms-5532-field_16-container\" class=\"wpforms-field wpforms-field-radio\" data-field-id=\"16\"><label class=\"wpforms-field-label\">Recommanderiez vous cet \u00e9v\u00e8nement \u00e0 vos proches ou votre entreprise pour la prochaine \u00e9dition ? <span class=\"wpforms-required-label\">*<\/span><\/label><ul id=\"wpforms-5532-field_16\" class=\"wpforms-field-required\"><li class=\"choice-1 depth-1\"><input type=\"radio\" id=\"wpforms-5532-field_16_1\" name=\"wpforms[fields][16]\" value=\"Oui\" required ><label class=\"wpforms-field-label-inline\" for=\"wpforms-5532-field_16_1\">Oui<\/label><\/li><li class=\"choice-2 depth-1\"><input type=\"radio\" id=\"wpforms-5532-field_16_2\" name=\"wpforms[fields][16]\" value=\"Non\" required ><label class=\"wpforms-field-label-inline\" for=\"wpforms-5532-field_16_2\">Non<\/label><\/li><\/ul><\/div><div id=\"wpforms-5532-field_10-container\" class=\"wpforms-field wpforms-field-text\" data-field-id=\"10\"><label class=\"wpforms-field-label\" for=\"wpforms-5532-field_10\">D&#039;autres commentaires ou remarques ?<\/label><input type=\"text\" id=\"wpforms-5532-field_10\" class=\"wpforms-field-medium\" name=\"wpforms[fields][10]\" ><\/div><div id=\"wpforms-5532-field_12-container\" class=\"wpforms-field wpforms-field-number\" data-field-id=\"12\"><label class=\"wpforms-field-label\" for=\"wpforms-5532-field_12\">Contact t\u00e9l\u00e9phonique  <span class=\"wpforms-required-label\">*<\/span><\/label><input type=\"number\" id=\"wpforms-5532-field_12\" class=\"wpforms-field-medium wpforms-field-required\" name=\"wpforms[fields][12]\" step=\"any\" required><\/div><div id=\"wpforms-5532-field_11-container\" class=\"wpforms-field wpforms-field-name\" data-field-id=\"11\"><label class=\"wpforms-field-label\" for=\"wpforms-5532-field_11\">Nom et Pr\u00e9noms (facultatif)<\/label><input type=\"text\" id=\"wpforms-5532-field_11\" class=\"wpforms-field-medium\" name=\"wpforms[fields][11]\" ><\/div><div id=\"wpforms-5532-field_14-container\" class=\"wpforms-field wpforms-field-text\" data-field-id=\"14\"><label class=\"wpforms-field-label\" for=\"wpforms-5532-field_14\">Entreprise (facultatif)<\/label><input type=\"text\" id=\"wpforms-5532-field_14\" class=\"wpforms-field-medium\" name=\"wpforms[fields][14]\" ><\/div><\/div><!-- .wpforms-field-container --><div class=\"wpforms-submit-container\" ><input type=\"hidden\" name=\"wpforms[id]\" value=\"5532\"><input type=\"hidden\" name=\"page_title\" value=\"\"><input type=\"hidden\" name=\"page_url\" value=\"https:\/\/leclientetmoi.com\/en\/wp-json\/wp\/v2\/pages\/5525\"><input type=\"hidden\" name=\"url_referer\" value=\"\"><button type=\"submit\" name=\"wpforms[submit]\" id=\"wpforms-submit-5532\" class=\"wpforms-submit\" data-alt-text=\"Envoi...\" data-submit-text=\"Envoyer\" aria-live=\"assertive\" value=\"wpforms-submit\">Envoyer<\/button><img decoding=\"async\" src=\"https:\/\/leclientetmoi.com\/wp-content\/plugins\/wpforms\/assets\/images\/submit-spin.svg\" class=\"wpforms-submit-spinner\" style=\"display: none;\" width=\"26\" height=\"26\" alt=\"Loading\"><\/div><\/form><\/div>  <!-- .wpforms-container -->\t\t\t\t<\/div>\n\t\t\t\t<\/div>\n\t\t\t\t\t<\/div>\n\t\t<\/div>\n\t\t\t\t\t<\/div>\n\t\t<\/section>\n\t\t\t\t<section class=\"elementor-section elementor-top-section elementor-element elementor-element-8527dbf elementor-section-boxed elementor-section-height-default elementor-section-height-default\" data-id=\"8527dbf\" data-element_type=\"section\" data-e-type=\"section\">\n\t\t\t\t\t\t<div class=\"elementor-container elementor-column-gap-default\">\n\t\t\t\t\t<div class=\"elementor-column elementor-col-50 elementor-top-column elementor-element elementor-element-6a8f282\" data-id=\"6a8f282\" data-element_type=\"column\" data-e-type=\"column\">\n\t\t\t<div class=\"elementor-widget-wrap elementor-element-populated\">\n\t\t\t\t\t\t<div class=\"elementor-element elementor-element-ccd24d7 elementor-widget elementor-widget-image\" data-id=\"ccd24d7\" data-element_type=\"widget\" data-e-type=\"widget\" data-widget_type=\"image.default\">\n\t\t\t\t<div class=\"elementor-widget-container\">\n\t\t\t\t\t\t\t\t\t\t\t\t\t\t\t<img decoding=\"async\" width=\"752\" height=\"452\" src=\"https:\/\/leclientetmoi.com\/wp-content\/uploads\/2025\/09\/Cx-Meet-Up-CI-Eval-1.png\" class=\"attachment-large size-large wp-image-6381\" alt=\"\" srcset=\"https:\/\/leclientetmoi.com\/wp-content\/uploads\/2025\/09\/Cx-Meet-Up-CI-Eval-1.png 752w, https:\/\/leclientetmoi.com\/wp-content\/uploads\/2025\/09\/Cx-Meet-Up-CI-Eval-1-300x180.png 300w, https:\/\/leclientetmoi.com\/wp-content\/uploads\/2025\/09\/Cx-Meet-Up-CI-Eval-1-18x12.png 18w\" sizes=\"(max-width: 752px) 100vw, 752px\" \/>\t\t\t\t\t\t\t\t\t\t\t\t\t\t\t<\/div>\n\t\t\t\t<\/div>\n\t\t\t\t\t<\/div>\n\t\t<\/div>\n\t\t\t\t<div class=\"elementor-column elementor-col-50 elementor-top-column elementor-element elementor-element-d74934a\" data-id=\"d74934a\" data-element_type=\"column\" data-e-type=\"column\">\n\t\t\t<div class=\"elementor-widget-wrap elementor-element-populated\">\n\t\t\t\t\t\t<div class=\"elementor-element elementor-element-9c1f6c2 elementor-widget elementor-widget-image\" data-id=\"9c1f6c2\" data-element_type=\"widget\" data-e-type=\"widget\" data-widget_type=\"image.default\">\n\t\t\t\t<div class=\"elementor-widget-container\">\n\t\t\t\t\t\t\t\t\t\t\t\t\t\t\t<img loading=\"lazy\" decoding=\"async\" width=\"750\" height=\"450\" src=\"https:\/\/leclientetmoi.com\/wp-content\/uploads\/2025\/09\/Cx-Meet-Up-CI-Eval-2.png\" class=\"attachment-large size-large wp-image-6380\" alt=\"\" srcset=\"https:\/\/leclientetmoi.com\/wp-content\/uploads\/2025\/09\/Cx-Meet-Up-CI-Eval-2.png 750w, https:\/\/leclientetmoi.com\/wp-content\/uploads\/2025\/09\/Cx-Meet-Up-CI-Eval-2-300x180.png 300w, https:\/\/leclientetmoi.com\/wp-content\/uploads\/2025\/09\/Cx-Meet-Up-CI-Eval-2-18x12.png 18w\" sizes=\"(max-width: 750px) 100vw, 750px\" \/>\t\t\t\t\t\t\t\t\t\t\t\t\t\t\t<\/div>\n\t\t\t\t<\/div>\n\t\t\t\t\t<\/div>\n\t\t<\/div>\n\t\t\t\t\t<\/div>\n\t\t<\/section>\n\t\t\t\t<section class=\"elementor-section elementor-top-section elementor-element elementor-element-5ed3099 elementor-section-boxed elementor-section-height-default elementor-section-height-default\" data-id=\"5ed3099\" data-element_type=\"section\" data-e-type=\"section\">\n\t\t\t\t\t\t<div class=\"elementor-container elementor-column-gap-default\">\n\t\t\t\t\t<div class=\"elementor-column elementor-col-50 elementor-top-column elementor-element elementor-element-fb7284b\" data-id=\"fb7284b\" data-element_type=\"column\" data-e-type=\"column\">\n\t\t\t<div class=\"elementor-widget-wrap elementor-element-populated\">\n\t\t\t\t\t\t<div class=\"elementor-element elementor-element-c2f8f11 elementor-widget elementor-widget-image\" data-id=\"c2f8f11\" data-element_type=\"widget\" data-e-type=\"widget\" data-widget_type=\"image.default\">\n\t\t\t\t<div class=\"elementor-widget-container\">\n\t\t\t\t\t\t\t\t\t\t\t\t\t\t\t<img loading=\"lazy\" decoding=\"async\" width=\"750\" height=\"450\" src=\"https:\/\/leclientetmoi.com\/wp-content\/uploads\/2025\/09\/Cx-Meet-Up-CI-Eval-3.png\" class=\"attachment-large size-large wp-image-6378\" alt=\"\" srcset=\"https:\/\/leclientetmoi.com\/wp-content\/uploads\/2025\/09\/Cx-Meet-Up-CI-Eval-3.png 750w, https:\/\/leclientetmoi.com\/wp-content\/uploads\/2025\/09\/Cx-Meet-Up-CI-Eval-3-300x180.png 300w, https:\/\/leclientetmoi.com\/wp-content\/uploads\/2025\/09\/Cx-Meet-Up-CI-Eval-3-18x12.png 18w\" sizes=\"(max-width: 750px) 100vw, 750px\" \/>\t\t\t\t\t\t\t\t\t\t\t\t\t\t\t<\/div>\n\t\t\t\t<\/div>\n\t\t\t\t\t<\/div>\n\t\t<\/div>\n\t\t\t\t<div class=\"elementor-column elementor-col-50 elementor-top-column elementor-element elementor-element-fb648ab\" data-id=\"fb648ab\" data-element_type=\"column\" data-e-type=\"column\">\n\t\t\t<div class=\"elementor-widget-wrap elementor-element-populated\">\n\t\t\t\t\t\t<div class=\"elementor-element elementor-element-7c754e3 elementor-widget elementor-widget-image\" data-id=\"7c754e3\" data-element_type=\"widget\" data-e-type=\"widget\" data-widget_type=\"image.default\">\n\t\t\t\t<div class=\"elementor-widget-container\">\n\t\t\t\t\t\t\t\t\t\t\t\t\t\t\t<img loading=\"lazy\" decoding=\"async\" width=\"750\" height=\"450\" src=\"https:\/\/leclientetmoi.com\/wp-content\/uploads\/2025\/09\/Cx-Meet-Up-CI-Eval-4.png\" class=\"attachment-large size-large wp-image-6379\" alt=\"\" srcset=\"https:\/\/leclientetmoi.com\/wp-content\/uploads\/2025\/09\/Cx-Meet-Up-CI-Eval-4.png 750w, https:\/\/leclientetmoi.com\/wp-content\/uploads\/2025\/09\/Cx-Meet-Up-CI-Eval-4-300x180.png 300w, https:\/\/leclientetmoi.com\/wp-content\/uploads\/2025\/09\/Cx-Meet-Up-CI-Eval-4-18x12.png 18w\" sizes=\"(max-width: 750px) 100vw, 750px\" \/>\t\t\t\t\t\t\t\t\t\t\t\t\t\t\t<\/div>\n\t\t\t\t<\/div>\n\t\t\t\t\t<\/div>\n\t\t<\/div>\n\t\t\t\t\t<\/div>\n\t\t<\/section>\n\t\t\t\t<\/div>\n\t\t","protected":false},"excerpt":{"rendered":"<p>ENQU\u00caTE DE SATISFACTION CX MEET UP C\u00d4TE D&rsquo;IVOIRE Vous avez assist\u00e9 au CX MEET UP C\u00d4TE D\u2019IVOIRE, merci de prendre 02 minutes pour partager vos impressions sur l\u2019\u00e9v\u00e9nement. Vos retours sont pr\u00e9cieux pour am\u00e9liorer nos futures \u00e9ditions ! Veuillez activer JavaScript dans votre navigateur pour remplir ce formulaire.Comment \u00e9valueriez-vous l&#039;organisation pratique de l&#039;\u00e9v\u00e9nement de fa\u00e7on&#8230;<\/p>","protected":false},"author":1,"featured_media":5508,"parent":0,"menu_order":0,"comment_status":"closed","ping_status":"closed","template":"","meta":{"rank_math_lock_modified_date":false,"_kadence_starter_templates_imported_post":false,"_kad_post_transparent":"","_kad_post_title":"hide","_kad_post_layout":"fullwidth","_kad_post_sidebar_id":"","_kad_post_content_style":"unboxed","_kad_post_vertical_padding":"hide","_kad_post_feature":"hide","_kad_post_feature_position":"","_kad_post_header":false,"_kad_post_footer":false,"footnotes":""},"class_list":["post-5525","page","type-page","status-publish","has-post-thumbnail","hentry"],"_links":{"self":[{"href":"https:\/\/leclientetmoi.com\/en\/wp-json\/wp\/v2\/pages\/5525","targetHints":{"allow":["GET"]}}],"collection":[{"href":"https:\/\/leclientetmoi.com\/en\/wp-json\/wp\/v2\/pages"}],"about":[{"href":"https:\/\/leclientetmoi.com\/en\/wp-json\/wp\/v2\/types\/page"}],"author":[{"embeddable":true,"href":"https:\/\/leclientetmoi.com\/en\/wp-json\/wp\/v2\/users\/1"}],"replies":[{"embeddable":true,"href":"https:\/\/leclientetmoi.com\/en\/wp-json\/wp\/v2\/comments?post=5525"}],"version-history":[{"count":43,"href":"https:\/\/leclientetmoi.com\/en\/wp-json\/wp\/v2\/pages\/5525\/revisions"}],"predecessor-version":[{"id":6384,"href":"https:\/\/leclientetmoi.com\/en\/wp-json\/wp\/v2\/pages\/5525\/revisions\/6384"}],"wp:featuredmedia":[{"embeddable":true,"href":"https:\/\/leclientetmoi.com\/en\/wp-json\/wp\/v2\/media\/5508"}],"wp:attachment":[{"href":"https:\/\/leclientetmoi.com\/en\/wp-json\/wp\/v2\/media?parent=5525"}],"curies":[{"name":"wp","href":"https:\/\/api.w.org\/{rel}","templated":true}]}}