{"id":535,"date":"2021-04-28T00:55:51","date_gmt":"2021-04-27T22:55:51","guid":{"rendered":"http:\/\/leclientetmoi.com\/?page_id=535"},"modified":"2022-08-29T21:52:30","modified_gmt":"2022-08-29T19:52:30","slug":"orientation-client","status":"publish","type":"page","link":"https:\/\/leclientetmoi.com\/en\/orientation-client\/","title":{"rendered":"CLIENT ORIENTATION"},"content":{"rendered":"<div data-elementor-type=\"wp-page\" data-elementor-id=\"535\" class=\"elementor elementor-535\">\n\t\t\t\t\t\t<section class=\"elementor-section elementor-top-section elementor-element elementor-element-5f7fec17 elementor-section-content-middle elementor-reverse-mobile elementor-section-boxed elementor-section-height-default elementor-section-height-default\" data-id=\"5f7fec17\" data-element_type=\"section\" data-e-type=\"section\" data-settings=\"{&quot;background_background&quot;:&quot;classic&quot;}\">\n\t\t\t\t\t\t<div class=\"elementor-container elementor-column-gap-no\">\n\t\t\t\t\t<div class=\"elementor-column elementor-col-100 elementor-top-column elementor-element elementor-element-38cecf95\" data-id=\"38cecf95\" data-element_type=\"column\" data-e-type=\"column\">\n\t\t\t<div class=\"elementor-widget-wrap elementor-element-populated\">\n\t\t\t\t\t\t<div class=\"elementor-element elementor-element-68226ae0 elementor-widget elementor-widget-heading\" data-id=\"68226ae0\" data-element_type=\"widget\" data-e-type=\"widget\" data-widget_type=\"heading.default\">\n\t\t\t\t<div class=\"elementor-widget-container\">\n\t\t\t\t\t<h3 class=\"elementor-heading-title elementor-size-default\">Client orientation<\/h3>\t\t\t\t<\/div>\n\t\t\t\t<\/div>\n\t\t\t\t<div class=\"elementor-element elementor-element-b8bd4a8 elementor-widget elementor-widget-spacer\" data-id=\"b8bd4a8\" data-element_type=\"widget\" data-e-type=\"widget\" data-widget_type=\"spacer.default\">\n\t\t\t\t<div class=\"elementor-widget-container\">\n\t\t\t\t\t\t\t<div class=\"elementor-spacer\">\n\t\t\t<div class=\"elementor-spacer-inner\"><\/div>\n\t\t<\/div>\n\t\t\t\t\t\t<\/div>\n\t\t\t\t<\/div>\n\t\t\t\t<div class=\"elementor-element elementor-element-4b008ac elementor-widget elementor-widget-image\" data-id=\"4b008ac\" data-element_type=\"widget\" data-e-type=\"widget\" data-widget_type=\"image.default\">\n\t\t\t\t<div class=\"elementor-widget-container\">\n\t\t\t\t\t\t\t\t\t\t\t\t\t\t\t<img fetchpriority=\"high\" decoding=\"async\" width=\"1024\" height=\"341\" src=\"https:\/\/leclientetmoi.com\/wp-content\/uploads\/2021\/04\/business-3694993_1920-1024x341.jpg\" class=\"attachment-large size-large wp-image-403\" alt=\"\" srcset=\"https:\/\/leclientetmoi.com\/wp-content\/uploads\/2021\/04\/business-3694993_1920-1024x341.jpg 1024w, https:\/\/leclientetmoi.com\/wp-content\/uploads\/2021\/04\/business-3694993_1920-300x100.jpg 300w, https:\/\/leclientetmoi.com\/wp-content\/uploads\/2021\/04\/business-3694993_1920-768x256.jpg 768w, https:\/\/leclientetmoi.com\/wp-content\/uploads\/2021\/04\/business-3694993_1920-1536x511.jpg 1536w, https:\/\/leclientetmoi.com\/wp-content\/uploads\/2021\/04\/business-3694993_1920.jpg 1920w\" sizes=\"(max-width: 1024px) 100vw, 1024px\" \/>\t\t\t\t\t\t\t\t\t\t\t\t\t\t\t<\/div>\n\t\t\t\t<\/div>\n\t\t\t\t<div class=\"elementor-element elementor-element-db54a35 elementor-widget elementor-widget-spacer\" data-id=\"db54a35\" data-element_type=\"widget\" data-e-type=\"widget\" data-widget_type=\"spacer.default\">\n\t\t\t\t<div class=\"elementor-widget-container\">\n\t\t\t\t\t\t\t<div class=\"elementor-spacer\">\n\t\t\t<div class=\"elementor-spacer-inner\"><\/div>\n\t\t<\/div>\n\t\t\t\t\t\t<\/div>\n\t\t\t\t<\/div>\n\t\t\t\t<div class=\"elementor-element elementor-element-4ac5f976 elementor-widget elementor-widget-text-editor\" data-id=\"4ac5f976\" data-element_type=\"widget\" data-e-type=\"widget\" data-widget_type=\"text-editor.default\">\n\t\t\t\t<div class=\"elementor-widget-container\">\n\t\t\t\t\t\t\t\t\t<p>To exist and develop, the company must offer a quality service in line with customer expectations. To achieve this, there are no secret provisions: you have to accept stimulation, change your mindset, learn to think \u201ccustomer\u201d and put \u201cthe customer\u201d at the center of your strategy. What makes the difference today between companies that are progressing and those that are languishing is their ability to instill and support the spirit of customer-oriented service through their management system and to make employees actors in the customer experience. . The result is the provision of efficient and productive business performance to the organization.<\/p>\t\t\t\t\t\t\t\t<\/div>\n\t\t\t\t<\/div>\n\t\t\t\t<div class=\"elementor-element elementor-element-ab14a9e elementor-invisible elementor-widget elementor-widget-button\" data-id=\"ab14a9e\" data-element_type=\"widget\" data-e-type=\"widget\" data-settings=\"{&quot;_animation&quot;:&quot;fadeInUp&quot;}\" data-widget_type=\"button.default\">\n\t\t\t\t<div class=\"elementor-widget-container\">\n\t\t\t\t\t\t\t\t\t<div class=\"elementor-button-wrapper\">\n\t\t\t\t\t<a class=\"elementor-button elementor-button-link elementor-size-sm elementor-animation-wobble-top\" href=\"http:\/\/leclientetmoi.com\/en\/culture-client\/\" target=\"_blank\">\n\t\t\t\t\t\t<span class=\"elementor-button-content-wrapper\">\n\t\t\t\t\t\t<span class=\"elementor-button-icon\">\n\t\t\t\t<i aria-hidden=\"true\" class=\"fas fa-angle-double-right\"><\/i>\t\t\t<\/span>\n\t\t\t\t\t\t\t\t\t<span class=\"elementor-button-text\">Learn more CUSTOMER CULTURE<\/span>\n\t\t\t\t\t<\/span>\n\t\t\t\t\t<\/a>\n\t\t\t\t<\/div>\n\t\t\t\t\t\t\t\t<\/div>\n\t\t\t\t<\/div>\n\t\t\t\t\t<\/div>\n\t\t<\/div>\n\t\t\t\t\t<\/div>\n\t\t<\/section>\n\t\t\t\t<\/div>","protected":false},"excerpt":{"rendered":"<p>Orientation client Pour exister et se d\u00e9velopper, l\u2019entreprise doit proposer un service de qualit\u00e9 en ad\u00e9quation avec les attentes clients. Pour y parvenir, pas de dispositions s\u00e9cr\u00e8te : il faut accepter de stimuler, de changer d\u2019\u00e9tat d\u2019esprit, apprendre \u00e0 penser \u00ab client \u00bb et mettre \u00ab le client \u00bb au centre de sa strat\u00e9gie. Ce&#8230;<\/p>","protected":false},"author":1,"featured_media":0,"parent":0,"menu_order":0,"comment_status":"closed","ping_status":"closed","template":"elementor_header_footer","meta":{"rank_math_lock_modified_date":false,"_kadence_starter_templates_imported_post":false,"_kad_post_transparent":"","_kad_post_title":"hide","_kad_post_layout":"fullwidth","_kad_post_sidebar_id":"","_kad_post_content_style":"unboxed","_kad_post_vertical_padding":"hide","_kad_post_feature":"hide","_kad_post_feature_position":"","_kad_post_header":false,"_kad_post_footer":false,"footnotes":""},"class_list":["post-535","page","type-page","status-publish","hentry"],"_links":{"self":[{"href":"https:\/\/leclientetmoi.com\/en\/wp-json\/wp\/v2\/pages\/535","targetHints":{"allow":["GET"]}}],"collection":[{"href":"https:\/\/leclientetmoi.com\/en\/wp-json\/wp\/v2\/pages"}],"about":[{"href":"https:\/\/leclientetmoi.com\/en\/wp-json\/wp\/v2\/types\/page"}],"author":[{"embeddable":true,"href":"https:\/\/leclientetmoi.com\/en\/wp-json\/wp\/v2\/users\/1"}],"replies":[{"embeddable":true,"href":"https:\/\/leclientetmoi.com\/en\/wp-json\/wp\/v2\/comments?post=535"}],"version-history":[{"count":70,"href":"https:\/\/leclientetmoi.com\/en\/wp-json\/wp\/v2\/pages\/535\/revisions"}],"predecessor-version":[{"id":3255,"href":"https:\/\/leclientetmoi.com\/en\/wp-json\/wp\/v2\/pages\/535\/revisions\/3255"}],"wp:attachment":[{"href":"https:\/\/leclientetmoi.com\/en\/wp-json\/wp\/v2\/media?parent=535"}],"curies":[{"name":"wp","href":"https:\/\/api.w.org\/{rel}","templated":true}]}}