{"id":5261,"date":"2025-02-07T19:48:56","date_gmt":"2025-02-07T18:48:56","guid":{"rendered":"https:\/\/leclientetmoi.com\/?page_id=5261"},"modified":"2025-02-11T18:03:45","modified_gmt":"2025-02-11T17:03:45","slug":"management","status":"publish","type":"page","link":"https:\/\/leclientetmoi.com\/en\/management\/","title":{"rendered":"MANAGEMENT"},"content":{"rendered":"<div data-elementor-type=\"wp-page\" data-elementor-id=\"5261\" class=\"elementor elementor-5261\">\n\t\t\t\t\t\t<section class=\"elementor-section elementor-top-section elementor-element elementor-element-20e82ee8 elementor-section-content-middle elementor-section-boxed elementor-section-height-default elementor-section-height-default\" data-id=\"20e82ee8\" data-element_type=\"section\" data-e-type=\"section\" data-settings=\"{&quot;background_background&quot;:&quot;classic&quot;}\">\n\t\t\t\t\t\t<div class=\"elementor-container elementor-column-gap-no\">\n\t\t\t\t\t<div class=\"elementor-column elementor-col-33 elementor-top-column elementor-element elementor-element-1ee2992a\" data-id=\"1ee2992a\" data-element_type=\"column\" data-e-type=\"column\">\n\t\t\t<div class=\"elementor-widget-wrap elementor-element-populated\">\n\t\t\t\t\t\t<div class=\"elementor-element elementor-element-3327dc39 elementor-widget elementor-widget-image\" data-id=\"3327dc39\" data-element_type=\"widget\" data-e-type=\"widget\" data-widget_type=\"image.default\">\n\t\t\t\t<div class=\"elementor-widget-container\">\n\t\t\t\t\t\t\t\t\t\t\t\t\t\t\t\t<a href=\"https:\/\/leclientetmoi.com\/en\/management-experience-client\/\">\n\t\t\t\t\t\t\t<img fetchpriority=\"high\" decoding=\"async\" width=\"1920\" height=\"1280\" src=\"https:\/\/leclientetmoi.com\/wp-content\/uploads\/2021\/05\/eye-for-ebony-OeXcIHFwtsM-unsplash.jpg\" class=\"elementor-animation-grow attachment-full size-full wp-image-1019\" alt=\"\" srcset=\"https:\/\/leclientetmoi.com\/wp-content\/uploads\/2021\/05\/eye-for-ebony-OeXcIHFwtsM-unsplash.jpg 1920w, https:\/\/leclientetmoi.com\/wp-content\/uploads\/2021\/05\/elementor\/thumbs\/eye-for-ebony-OeXcIHFwtsM-unsplash-p71a12pllmmmhgqsk4ijiuhiwj6nmif2nhkjpi30eo.jpg 300w, https:\/\/leclientetmoi.com\/wp-content\/uploads\/2021\/05\/eye-for-ebony-OeXcIHFwtsM-unsplash-1024x683.jpg 1024w, https:\/\/leclientetmoi.com\/wp-content\/uploads\/2021\/05\/eye-for-ebony-OeXcIHFwtsM-unsplash-768x512.jpg 768w, https:\/\/leclientetmoi.com\/wp-content\/uploads\/2021\/05\/eye-for-ebony-OeXcIHFwtsM-unsplash-1536x1024.jpg 1536w\" sizes=\"(max-width: 1920px) 100vw, 1920px\" \/>\t\t\t\t\t\t\t\t<\/a>\n\t\t\t\t\t\t\t\t\t\t\t\t\t\t\t<\/div>\n\t\t\t\t<\/div>\n\t\t\t\t<div class=\"elementor-element elementor-element-2dfdcac6 elementor-widget elementor-widget-text-editor\" data-id=\"2dfdcac6\" data-element_type=\"widget\" data-e-type=\"widget\" data-widget_type=\"text-editor.default\">\n\t\t\t\t<div class=\"elementor-widget-container\">\n\t\t\t\t\t\t\t\t\t<p><strong>Management l\u2019exp\u00e9rience client<\/strong> c\u2019est avoir un puissant levier pour fid\u00e9liser, augmenter les revenus, se diff\u00e9rencier et b\u00e2tir une relation durable avec les clients. Il constitue un investissement strat\u00e9gique qui contribue \u00e0 la p\u00e9rennit\u00e9 et au succ\u00e8s de l\u2019entreprise.<\/p>\t\t\t\t\t\t\t\t<\/div>\n\t\t\t\t<\/div>\n\t\t\t\t\t<\/div>\n\t\t<\/div>\n\t\t\t\t<div class=\"elementor-column elementor-col-33 elementor-top-column elementor-element elementor-element-d4c83a9\" data-id=\"d4c83a9\" data-element_type=\"column\" data-e-type=\"column\">\n\t\t\t<div class=\"elementor-widget-wrap elementor-element-populated\">\n\t\t\t\t\t\t<div class=\"elementor-element elementor-element-e3dca1d elementor-widget elementor-widget-image\" data-id=\"e3dca1d\" data-element_type=\"widget\" data-e-type=\"widget\" data-widget_type=\"image.default\">\n\t\t\t\t<div class=\"elementor-widget-container\">\n\t\t\t\t\t\t\t\t\t\t\t\t\t\t\t\t<a href=\"https:\/\/leclientetmoi.com\/en\/modelisation-experience-collaborateurs\/\">\n\t\t\t\t\t\t\t<img decoding=\"async\" width=\"1920\" height=\"1089\" src=\"https:\/\/leclientetmoi.com\/wp-content\/uploads\/2022\/11\/heylagostechie-bxHriVKeb4I-unsplash.jpg\" class=\"elementor-animation-grow attachment-full size-full wp-image-3460\" alt=\"\" srcset=\"https:\/\/leclientetmoi.com\/wp-content\/uploads\/2022\/11\/heylagostechie-bxHriVKeb4I-unsplash.jpg 1920w, https:\/\/leclientetmoi.com\/wp-content\/uploads\/2022\/11\/heylagostechie-bxHriVKeb4I-unsplash-300x170.jpg 300w, https:\/\/leclientetmoi.com\/wp-content\/uploads\/2022\/11\/heylagostechie-bxHriVKeb4I-unsplash-1024x581.jpg 1024w, https:\/\/leclientetmoi.com\/wp-content\/uploads\/2022\/11\/heylagostechie-bxHriVKeb4I-unsplash-768x436.jpg 768w, https:\/\/leclientetmoi.com\/wp-content\/uploads\/2022\/11\/heylagostechie-bxHriVKeb4I-unsplash-1536x871.jpg 1536w, https:\/\/leclientetmoi.com\/wp-content\/uploads\/2022\/11\/heylagostechie-bxHriVKeb4I-unsplash-18x10.jpg 18w\" sizes=\"(max-width: 1920px) 100vw, 1920px\" \/>\t\t\t\t\t\t\t\t<\/a>\n\t\t\t\t\t\t\t\t\t\t\t\t\t\t\t<\/div>\n\t\t\t\t<\/div>\n\t\t\t\t<div class=\"elementor-element elementor-element-a590ad9 elementor-widget elementor-widget-text-editor\" data-id=\"a590ad9\" data-element_type=\"widget\" data-e-type=\"widget\" data-widget_type=\"text-editor.default\">\n\t\t\t\t<div class=\"elementor-widget-container\">\n\t\t\t\t\t\t\t\t\t<p><strong>Mod\u00e9liser l\u2019exp\u00e9rience collaborateur<\/strong> joue un r\u00f4le central dans l\u2019engagement des collaborateurs. Cette une strat\u00e9gie qui renforce l\u2019attachement des employ\u00e9s \u00e0 l\u2019entreprise, ce qui les motive \u00e0 s\u2019investir davantage dans leurs missions au travail.<\/p>\t\t\t\t\t\t\t\t<\/div>\n\t\t\t\t<\/div>\n\t\t\t\t\t<\/div>\n\t\t<\/div>\n\t\t\t\t<div class=\"elementor-column elementor-col-33 elementor-top-column elementor-element elementor-element-941dac3\" data-id=\"941dac3\" data-element_type=\"column\" data-e-type=\"column\">\n\t\t\t<div class=\"elementor-widget-wrap elementor-element-populated\">\n\t\t\t\t\t\t<div class=\"elementor-element elementor-element-7720c1d9 elementor-widget elementor-widget-image\" data-id=\"7720c1d9\" data-element_type=\"widget\" data-e-type=\"widget\" data-widget_type=\"image.default\">\n\t\t\t\t<div class=\"elementor-widget-container\">\n\t\t\t\t\t\t\t\t\t\t\t\t\t\t\t\t<a href=\"https:\/\/leclientetmoi.com\/en\/formation\/\">\n\t\t\t\t\t\t\t<img decoding=\"async\" width=\"1920\" height=\"1280\" src=\"https:\/\/leclientetmoi.com\/wp-content\/uploads\/2021\/04\/heylagostechie-IgUR1iX0mqM-unsplash.jpg\" class=\"elementor-animation-grow attachment-full size-full wp-image-465\" alt=\"\" srcset=\"https:\/\/leclientetmoi.com\/wp-content\/uploads\/2021\/04\/heylagostechie-IgUR1iX0mqM-unsplash.jpg 1920w, https:\/\/leclientetmoi.com\/wp-content\/uploads\/2021\/04\/heylagostechie-IgUR1iX0mqM-unsplash-300x200.jpg 300w, https:\/\/leclientetmoi.com\/wp-content\/uploads\/2021\/04\/heylagostechie-IgUR1iX0mqM-unsplash-1024x683.jpg 1024w, https:\/\/leclientetmoi.com\/wp-content\/uploads\/2021\/04\/heylagostechie-IgUR1iX0mqM-unsplash-768x512.jpg 768w, https:\/\/leclientetmoi.com\/wp-content\/uploads\/2021\/04\/heylagostechie-IgUR1iX0mqM-unsplash-1536x1024.jpg 1536w\" sizes=\"(max-width: 1920px) 100vw, 1920px\" \/>\t\t\t\t\t\t\t\t<\/a>\n\t\t\t\t\t\t\t\t\t\t\t\t\t\t\t<\/div>\n\t\t\t\t<\/div>\n\t\t\t\t<div class=\"elementor-element elementor-element-43bba71d elementor-widget elementor-widget-text-editor\" data-id=\"43bba71d\" data-element_type=\"widget\" data-e-type=\"widget\" data-widget_type=\"text-editor.default\">\n\t\t\t\t<div class=\"elementor-widget-container\">\n\t\t\t\t\t\t\t\t\t<p><strong>Une formation en gestion de client<\/strong> permet d\u2019adopter des comportements adapt\u00e9s de sorte \u00e0 mieux comprendre et pour r\u00e9pondre aux attentes des clients. Cela contribue directement \u00e0 augmenter leur satisfaction et ont un impact direct sur les ventes.<\/p>\t\t\t\t\t\t\t\t<\/div>\n\t\t\t\t<\/div>\n\t\t\t\t\t<\/div>\n\t\t<\/div>\n\t\t\t\t\t<\/div>\n\t\t<\/section>\n\t\t\t\t<\/div>","protected":false},"excerpt":{"rendered":"<p>Management l\u2019exp\u00e9rience client c\u2019est avoir un puissant levier pour fid\u00e9liser, augmenter les revenus, se diff\u00e9rencier et b\u00e2tir une relation durable avec les clients. Il constitue un investissement strat\u00e9gique qui contribue \u00e0 la p\u00e9rennit\u00e9 et au succ\u00e8s de l\u2019entreprise. Mod\u00e9liser l\u2019exp\u00e9rience collaborateur joue un r\u00f4le central dans l\u2019engagement des collaborateurs. Cette une strat\u00e9gie qui renforce l\u2019attachement&#8230;<\/p>","protected":false},"author":1,"featured_media":1568,"parent":0,"menu_order":0,"comment_status":"closed","ping_status":"closed","template":"","meta":{"rank_math_lock_modified_date":false,"_kadence_starter_templates_imported_post":false,"_kad_post_transparent":"","_kad_post_title":"hide","_kad_post_layout":"fullwidth","_kad_post_sidebar_id":"","_kad_post_content_style":"unboxed","_kad_post_vertical_padding":"hide","_kad_post_feature":"hide","_kad_post_feature_position":"","_kad_post_header":false,"_kad_post_footer":false,"footnotes":""},"class_list":["post-5261","page","type-page","status-publish","has-post-thumbnail","hentry"],"_links":{"self":[{"href":"https:\/\/leclientetmoi.com\/en\/wp-json\/wp\/v2\/pages\/5261","targetHints":{"allow":["GET"]}}],"collection":[{"href":"https:\/\/leclientetmoi.com\/en\/wp-json\/wp\/v2\/pages"}],"about":[{"href":"https:\/\/leclientetmoi.com\/en\/wp-json\/wp\/v2\/types\/page"}],"author":[{"embeddable":true,"href":"https:\/\/leclientetmoi.com\/en\/wp-json\/wp\/v2\/users\/1"}],"replies":[{"embeddable":true,"href":"https:\/\/leclientetmoi.com\/en\/wp-json\/wp\/v2\/comments?post=5261"}],"version-history":[{"count":10,"href":"https:\/\/leclientetmoi.com\/en\/wp-json\/wp\/v2\/pages\/5261\/revisions"}],"predecessor-version":[{"id":5341,"href":"https:\/\/leclientetmoi.com\/en\/wp-json\/wp\/v2\/pages\/5261\/revisions\/5341"}],"wp:featuredmedia":[{"embeddable":true,"href":"https:\/\/leclientetmoi.com\/en\/wp-json\/wp\/v2\/media\/1568"}],"wp:attachment":[{"href":"https:\/\/leclientetmoi.com\/en\/wp-json\/wp\/v2\/media?parent=5261"}],"curies":[{"name":"wp","href":"https:\/\/api.w.org\/{rel}","templated":true}]}}