{"id":5123,"date":"2025-02-07T17:55:42","date_gmt":"2025-02-07T16:55:42","guid":{"rendered":"https:\/\/leclientetmoi.com\/?page_id=5123"},"modified":"2025-10-04T17:57:41","modified_gmt":"2025-10-04T15:57:41","slug":"services-informatique","status":"publish","type":"page","link":"https:\/\/leclientetmoi.com\/en\/technologie\/services-informatique\/","title":{"rendered":"Services Informatique"},"content":{"rendered":"<div data-elementor-type=\"wp-page\" data-elementor-id=\"5123\" class=\"elementor elementor-5123\">\n\t\t\t\t\t\t<section class=\"elementor-section elementor-top-section elementor-element elementor-element-5ec0fa6 elementor-section-boxed elementor-section-height-default elementor-section-height-default\" data-id=\"5ec0fa6\" data-element_type=\"section\" data-e-type=\"section\">\n\t\t\t\t\t\t<div class=\"elementor-container elementor-column-gap-default\">\n\t\t\t\t\t<div class=\"elementor-column elementor-col-33 elementor-top-column elementor-element elementor-element-a7dade1\" data-id=\"a7dade1\" data-element_type=\"column\" data-e-type=\"column\">\n\t\t\t<div class=\"elementor-widget-wrap elementor-element-populated\">\n\t\t\t\t\t\t<div class=\"elementor-element elementor-element-d73fb31 elementor-widget elementor-widget-image\" data-id=\"d73fb31\" data-element_type=\"widget\" data-e-type=\"widget\" data-widget_type=\"image.default\">\n\t\t\t\t<div class=\"elementor-widget-container\">\n\t\t\t\t\t\t\t\t\t\t\t\t\t\t\t<img fetchpriority=\"high\" decoding=\"async\" width=\"1024\" height=\"576\" src=\"https:\/\/leclientetmoi.com\/wp-content\/uploads\/2025\/02\/Le-Client-et-Moi_Technologie_Migration-Cloud-1-1024x576.jpg\" class=\"attachment-large size-large wp-image-5169\" alt=\"\" srcset=\"https:\/\/leclientetmoi.com\/wp-content\/uploads\/2025\/02\/Le-Client-et-Moi_Technologie_Migration-Cloud-1-1024x576.jpg 1024w, https:\/\/leclientetmoi.com\/wp-content\/uploads\/2025\/02\/Le-Client-et-Moi_Technologie_Migration-Cloud-1-300x169.jpg 300w, https:\/\/leclientetmoi.com\/wp-content\/uploads\/2025\/02\/Le-Client-et-Moi_Technologie_Migration-Cloud-1-768x432.jpg 768w, https:\/\/leclientetmoi.com\/wp-content\/uploads\/2025\/02\/Le-Client-et-Moi_Technologie_Migration-Cloud-1-18x10.jpg 18w, https:\/\/leclientetmoi.com\/wp-content\/uploads\/2025\/02\/Le-Client-et-Moi_Technologie_Migration-Cloud-1.jpg 1280w\" sizes=\"(max-width: 1024px) 100vw, 1024px\" \/>\t\t\t\t\t\t\t\t\t\t\t\t\t\t\t<\/div>\n\t\t\t\t<\/div>\n\t\t\t\t<div class=\"elementor-element elementor-element-77a6c48 elementor-widget elementor-widget-heading\" data-id=\"77a6c48\" data-element_type=\"widget\" data-e-type=\"widget\" data-widget_type=\"heading.default\">\n\t\t\t\t<div class=\"elementor-widget-container\">\n\t\t\t\t\t<h2 class=\"elementor-heading-title elementor-size-default\">MIGRATION CLOUD<\/h2>\t\t\t\t<\/div>\n\t\t\t\t<\/div>\n\t\t\t\t<div class=\"elementor-element elementor-element-e1c062f elementor-widget elementor-widget-text-editor\" data-id=\"e1c062f\" data-element_type=\"widget\" data-e-type=\"widget\" data-widget_type=\"text-editor.default\">\n\t\t\t\t<div class=\"elementor-widget-container\">\n\t\t\t\t\t\t\t\t\t<p>Nous reconstruisons vos Infrastructures suivant les standards les plus r\u00e9cents. Nous en minimisons le temps de mise en place avec z\u00e9ro pertes de donn\u00e9es.<\/p>\t\t\t\t\t\t\t\t<\/div>\n\t\t\t\t<\/div>\n\t\t\t\t\t<\/div>\n\t\t<\/div>\n\t\t\t\t<div class=\"elementor-column elementor-col-33 elementor-top-column elementor-element elementor-element-faeb080\" data-id=\"faeb080\" data-element_type=\"column\" data-e-type=\"column\">\n\t\t\t<div class=\"elementor-widget-wrap elementor-element-populated\">\n\t\t\t\t\t\t<div class=\"elementor-element elementor-element-67844ef elementor-widget elementor-widget-image\" data-id=\"67844ef\" data-element_type=\"widget\" data-e-type=\"widget\" data-widget_type=\"image.default\">\n\t\t\t\t<div class=\"elementor-widget-container\">\n\t\t\t\t\t\t\t\t\t\t\t\t\t\t\t<img decoding=\"async\" width=\"1024\" height=\"574\" src=\"https:\/\/leclientetmoi.com\/wp-content\/uploads\/2025\/02\/Le-Client-et-Moi_Technologie_Hebergement-Cloud-1-1024x574.jpg\" class=\"attachment-large size-large wp-image-5171\" alt=\"\" srcset=\"https:\/\/leclientetmoi.com\/wp-content\/uploads\/2025\/02\/Le-Client-et-Moi_Technologie_Hebergement-Cloud-1-1024x574.jpg 1024w, https:\/\/leclientetmoi.com\/wp-content\/uploads\/2025\/02\/Le-Client-et-Moi_Technologie_Hebergement-Cloud-1-300x168.jpg 300w, https:\/\/leclientetmoi.com\/wp-content\/uploads\/2025\/02\/Le-Client-et-Moi_Technologie_Hebergement-Cloud-1-768x430.jpg 768w, https:\/\/leclientetmoi.com\/wp-content\/uploads\/2025\/02\/Le-Client-et-Moi_Technologie_Hebergement-Cloud-1-18x10.jpg 18w, https:\/\/leclientetmoi.com\/wp-content\/uploads\/2025\/02\/Le-Client-et-Moi_Technologie_Hebergement-Cloud-1.jpg 1280w\" sizes=\"(max-width: 1024px) 100vw, 1024px\" \/>\t\t\t\t\t\t\t\t\t\t\t\t\t\t\t<\/div>\n\t\t\t\t<\/div>\n\t\t\t\t<div class=\"elementor-element elementor-element-ef43388 elementor-widget elementor-widget-heading\" data-id=\"ef43388\" data-element_type=\"widget\" data-e-type=\"widget\" data-widget_type=\"heading.default\">\n\t\t\t\t<div class=\"elementor-widget-container\">\n\t\t\t\t\t<h2 class=\"elementor-heading-title elementor-size-default\">HEBERGEMENT CLOUD<\/h2>\t\t\t\t<\/div>\n\t\t\t\t<\/div>\n\t\t\t\t<div class=\"elementor-element elementor-element-f078e6c elementor-widget elementor-widget-text-editor\" data-id=\"f078e6c\" data-element_type=\"widget\" data-e-type=\"widget\" data-widget_type=\"text-editor.default\">\n\t\t\t\t<div class=\"elementor-widget-container\">\n\t\t\t\t\t\t\t\t\t<p>Votre Infrastructure peut \u00eatre d\u00e9ploy\u00e9e sur le Cloud (AWS, Azure, Google). nous y appliquons des techniques d\u2019optimisation qui minimisent son co\u00fbt d\u2019exploitation. Vous b\u00e9n\u00e9ficiez de tous les avantages du Cloud.<\/p>\t\t\t\t\t\t\t\t<\/div>\n\t\t\t\t<\/div>\n\t\t\t\t\t<\/div>\n\t\t<\/div>\n\t\t\t\t<div class=\"elementor-column elementor-col-33 elementor-top-column elementor-element elementor-element-09b125a\" data-id=\"09b125a\" data-element_type=\"column\" data-e-type=\"column\">\n\t\t\t<div class=\"elementor-widget-wrap elementor-element-populated\">\n\t\t\t\t\t\t<div class=\"elementor-element elementor-element-1df8107 elementor-widget elementor-widget-image\" data-id=\"1df8107\" data-element_type=\"widget\" data-e-type=\"widget\" data-widget_type=\"image.default\">\n\t\t\t\t<div class=\"elementor-widget-container\">\n\t\t\t\t\t\t\t\t\t\t\t\t\t\t\t<img decoding=\"async\" width=\"1024\" height=\"575\" src=\"https:\/\/leclientetmoi.com\/wp-content\/uploads\/2025\/02\/Le-Client-et-Moi_Technologie_Securite-reseau-1-1024x575.jpg\" class=\"attachment-large size-large wp-image-5170\" alt=\"\" srcset=\"https:\/\/leclientetmoi.com\/wp-content\/uploads\/2025\/02\/Le-Client-et-Moi_Technologie_Securite-reseau-1-1024x575.jpg 1024w, https:\/\/leclientetmoi.com\/wp-content\/uploads\/2025\/02\/Le-Client-et-Moi_Technologie_Securite-reseau-1-300x169.jpg 300w, https:\/\/leclientetmoi.com\/wp-content\/uploads\/2025\/02\/Le-Client-et-Moi_Technologie_Securite-reseau-1-768x431.jpg 768w, https:\/\/leclientetmoi.com\/wp-content\/uploads\/2025\/02\/Le-Client-et-Moi_Technologie_Securite-reseau-1-18x10.jpg 18w, https:\/\/leclientetmoi.com\/wp-content\/uploads\/2025\/02\/Le-Client-et-Moi_Technologie_Securite-reseau-1.jpg 1280w\" sizes=\"(max-width: 1024px) 100vw, 1024px\" \/>\t\t\t\t\t\t\t\t\t\t\t\t\t\t\t<\/div>\n\t\t\t\t<\/div>\n\t\t\t\t<div class=\"elementor-element elementor-element-8fa9e31 elementor-widget elementor-widget-heading\" data-id=\"8fa9e31\" data-element_type=\"widget\" data-e-type=\"widget\" data-widget_type=\"heading.default\">\n\t\t\t\t<div class=\"elementor-widget-container\">\n\t\t\t\t\t<h2 class=\"elementor-heading-title elementor-size-default\">SECURITE RESEAU<\/h2>\t\t\t\t<\/div>\n\t\t\t\t<\/div>\n\t\t\t\t<div class=\"elementor-element elementor-element-b54e343 elementor-widget elementor-widget-text-editor\" data-id=\"b54e343\" data-element_type=\"widget\" data-e-type=\"widget\" data-widget_type=\"text-editor.default\">\n\t\t\t\t<div class=\"elementor-widget-container\">\n\t\t\t\t\t\t\t\t\t<p>Nous mettons en place des solutions bas\u00e9es sur la segmentation de vos r\u00e9seaux. Cette solution peut inclure du filtrage et de la supervision pour pr\u00e9venir les attaques. Ce mod\u00e8le garanti l\u2019int\u00e9grit\u00e9 de votre infrastructure.<\/p>\t\t\t\t\t\t\t\t<\/div>\n\t\t\t\t<\/div>\n\t\t\t\t\t<\/div>\n\t\t<\/div>\n\t\t\t\t\t<\/div>\n\t\t<\/section>\n\t\t\t\t<section class=\"elementor-section elementor-top-section elementor-element elementor-element-1618831 elementor-section-boxed elementor-section-height-default elementor-section-height-default\" data-id=\"1618831\" data-element_type=\"section\" data-e-type=\"section\">\n\t\t\t\t\t\t<div class=\"elementor-container elementor-column-gap-default\">\n\t\t\t\t\t<div class=\"elementor-column elementor-col-33 elementor-top-column elementor-element elementor-element-35478fb\" data-id=\"35478fb\" data-element_type=\"column\" data-e-type=\"column\">\n\t\t\t<div class=\"elementor-widget-wrap elementor-element-populated\">\n\t\t\t\t\t\t<div class=\"elementor-element elementor-element-91e6bf6 elementor-widget elementor-widget-image\" data-id=\"91e6bf6\" data-element_type=\"widget\" data-e-type=\"widget\" data-widget_type=\"image.default\">\n\t\t\t\t<div class=\"elementor-widget-container\">\n\t\t\t\t\t\t\t\t\t\t\t\t\t\t\t<img loading=\"lazy\" decoding=\"async\" width=\"1024\" height=\"682\" src=\"https:\/\/leclientetmoi.com\/wp-content\/uploads\/2025\/02\/Le-Client-et-Moi_Technologie_Sauvegarde-et-replication-de-donnees-1024x682.jpg\" class=\"attachment-large size-large wp-image-5172\" alt=\"\" srcset=\"https:\/\/leclientetmoi.com\/wp-content\/uploads\/2025\/02\/Le-Client-et-Moi_Technologie_Sauvegarde-et-replication-de-donnees-1024x682.jpg 1024w, https:\/\/leclientetmoi.com\/wp-content\/uploads\/2025\/02\/Le-Client-et-Moi_Technologie_Sauvegarde-et-replication-de-donnees-300x200.jpg 300w, https:\/\/leclientetmoi.com\/wp-content\/uploads\/2025\/02\/Le-Client-et-Moi_Technologie_Sauvegarde-et-replication-de-donnees-768x512.jpg 768w, https:\/\/leclientetmoi.com\/wp-content\/uploads\/2025\/02\/Le-Client-et-Moi_Technologie_Sauvegarde-et-replication-de-donnees-18x12.jpg 18w, https:\/\/leclientetmoi.com\/wp-content\/uploads\/2025\/02\/Le-Client-et-Moi_Technologie_Sauvegarde-et-replication-de-donnees.jpg 1280w\" sizes=\"(max-width: 1024px) 100vw, 1024px\" \/>\t\t\t\t\t\t\t\t\t\t\t\t\t\t\t<\/div>\n\t\t\t\t<\/div>\n\t\t\t\t<div class=\"elementor-element elementor-element-1a836f7 elementor-widget elementor-widget-heading\" data-id=\"1a836f7\" data-element_type=\"widget\" data-e-type=\"widget\" data-widget_type=\"heading.default\">\n\t\t\t\t<div class=\"elementor-widget-container\">\n\t\t\t\t\t<h2 class=\"elementor-heading-title elementor-size-default\">SAUVEGARDE \/ REPLICATION DE DONNEES<\/h2>\t\t\t\t<\/div>\n\t\t\t\t<\/div>\n\t\t\t\t<div class=\"elementor-element elementor-element-df3ebca elementor-widget elementor-widget-text-editor\" data-id=\"df3ebca\" data-element_type=\"widget\" data-e-type=\"widget\" data-widget_type=\"text-editor.default\">\n\t\t\t\t<div class=\"elementor-widget-container\">\n\t\t\t\t\t\t\t\t\t<p>Nous mettons en place des solutions de sauvegardes qui assurent que vos donn\u00e9es sensibles et vos syst\u00e8mes puissent \u00eatre remont\u00e9s \u00e0 l\u2019identique le plus rapidement.<\/p>\t\t\t\t\t\t\t\t<\/div>\n\t\t\t\t<\/div>\n\t\t\t\t\t<\/div>\n\t\t<\/div>\n\t\t\t\t<div class=\"elementor-column elementor-col-33 elementor-top-column elementor-element elementor-element-43fc0d0\" data-id=\"43fc0d0\" data-element_type=\"column\" data-e-type=\"column\">\n\t\t\t<div class=\"elementor-widget-wrap elementor-element-populated\">\n\t\t\t\t\t\t<div class=\"elementor-element elementor-element-8a2ede2 elementor-widget elementor-widget-image\" data-id=\"8a2ede2\" data-element_type=\"widget\" data-e-type=\"widget\" data-widget_type=\"image.default\">\n\t\t\t\t<div class=\"elementor-widget-container\">\n\t\t\t\t\t\t\t\t\t\t\t\t\t\t\t<img loading=\"lazy\" decoding=\"async\" width=\"1024\" height=\"682\" src=\"https:\/\/leclientetmoi.com\/wp-content\/uploads\/2025\/02\/Le-Client-et-Moi_Technologie_Optimisation-Infrastructure-1-1024x682.jpg\" class=\"attachment-large size-large wp-image-5174\" alt=\"\" srcset=\"https:\/\/leclientetmoi.com\/wp-content\/uploads\/2025\/02\/Le-Client-et-Moi_Technologie_Optimisation-Infrastructure-1-1024x682.jpg 1024w, https:\/\/leclientetmoi.com\/wp-content\/uploads\/2025\/02\/Le-Client-et-Moi_Technologie_Optimisation-Infrastructure-1-300x200.jpg 300w, https:\/\/leclientetmoi.com\/wp-content\/uploads\/2025\/02\/Le-Client-et-Moi_Technologie_Optimisation-Infrastructure-1-768x512.jpg 768w, https:\/\/leclientetmoi.com\/wp-content\/uploads\/2025\/02\/Le-Client-et-Moi_Technologie_Optimisation-Infrastructure-1-18x12.jpg 18w, https:\/\/leclientetmoi.com\/wp-content\/uploads\/2025\/02\/Le-Client-et-Moi_Technologie_Optimisation-Infrastructure-1.jpg 1280w\" sizes=\"(max-width: 1024px) 100vw, 1024px\" \/>\t\t\t\t\t\t\t\t\t\t\t\t\t\t\t<\/div>\n\t\t\t\t<\/div>\n\t\t\t\t<div class=\"elementor-element elementor-element-6ba04b4 elementor-widget elementor-widget-heading\" data-id=\"6ba04b4\" data-element_type=\"widget\" data-e-type=\"widget\" data-widget_type=\"heading.default\">\n\t\t\t\t<div class=\"elementor-widget-container\">\n\t\t\t\t\t<h2 class=\"elementor-heading-title elementor-size-default\">OPTIMISATION INFRASTRUCTURE<\/h2>\t\t\t\t<\/div>\n\t\t\t\t<\/div>\n\t\t\t\t<div class=\"elementor-element elementor-element-b07cdca elementor-widget elementor-widget-text-editor\" data-id=\"b07cdca\" data-element_type=\"widget\" data-e-type=\"widget\" data-widget_type=\"text-editor.default\">\n\t\t\t\t<div class=\"elementor-widget-container\">\n\t\t\t\t\t\t\t\t\t<p>Nous analysons votre infrastructure pour proposer des solutions d\u2019optimisation qui am\u00e9liorent la qualit\u00e9 de service. Ces solutions apportent de la fluidit\u00e9 dans votre exploitation. Les services sont disponibles tout le temps avec une utilisation des services agr\u00e9able pour les clients et les employ\u00e9s.<\/p>\t\t\t\t\t\t\t\t<\/div>\n\t\t\t\t<\/div>\n\t\t\t\t\t<\/div>\n\t\t<\/div>\n\t\t\t\t<div class=\"elementor-column elementor-col-33 elementor-top-column elementor-element elementor-element-73b06d5\" data-id=\"73b06d5\" data-element_type=\"column\" data-e-type=\"column\">\n\t\t\t<div class=\"elementor-widget-wrap elementor-element-populated\">\n\t\t\t\t\t\t<div class=\"elementor-element elementor-element-144971a elementor-widget elementor-widget-image\" data-id=\"144971a\" data-element_type=\"widget\" data-e-type=\"widget\" data-widget_type=\"image.default\">\n\t\t\t\t<div class=\"elementor-widget-container\">\n\t\t\t\t\t\t\t\t\t\t\t\t\t\t\t<img loading=\"lazy\" decoding=\"async\" width=\"1024\" height=\"682\" src=\"https:\/\/leclientetmoi.com\/wp-content\/uploads\/2025\/02\/Le-Client-et-Moi_Technologie_Hebergement-site-web-1024x682.jpg\" class=\"attachment-large size-large wp-image-5178\" alt=\"\" srcset=\"https:\/\/leclientetmoi.com\/wp-content\/uploads\/2025\/02\/Le-Client-et-Moi_Technologie_Hebergement-site-web-1024x682.jpg 1024w, https:\/\/leclientetmoi.com\/wp-content\/uploads\/2025\/02\/Le-Client-et-Moi_Technologie_Hebergement-site-web-300x200.jpg 300w, https:\/\/leclientetmoi.com\/wp-content\/uploads\/2025\/02\/Le-Client-et-Moi_Technologie_Hebergement-site-web-768x512.jpg 768w, https:\/\/leclientetmoi.com\/wp-content\/uploads\/2025\/02\/Le-Client-et-Moi_Technologie_Hebergement-site-web-18x12.jpg 18w, https:\/\/leclientetmoi.com\/wp-content\/uploads\/2025\/02\/Le-Client-et-Moi_Technologie_Hebergement-site-web.jpg 1280w\" sizes=\"(max-width: 1024px) 100vw, 1024px\" \/>\t\t\t\t\t\t\t\t\t\t\t\t\t\t\t<\/div>\n\t\t\t\t<\/div>\n\t\t\t\t<div class=\"elementor-element elementor-element-5d50767 elementor-widget elementor-widget-heading\" data-id=\"5d50767\" data-element_type=\"widget\" data-e-type=\"widget\" data-widget_type=\"heading.default\">\n\t\t\t\t<div class=\"elementor-widget-container\">\n\t\t\t\t\t<h2 class=\"elementor-heading-title elementor-size-default\">SOLUTIONS D'HEBERGEMENT SITE WEB<\/h2>\t\t\t\t<\/div>\n\t\t\t\t<\/div>\n\t\t\t\t<div class=\"elementor-element elementor-element-d7d0053 elementor-widget elementor-widget-text-editor\" data-id=\"d7d0053\" data-element_type=\"widget\" data-e-type=\"widget\" data-widget_type=\"text-editor.default\">\n\t\t\t\t<div class=\"elementor-widget-container\">\n\t\t\t\t\t\t\t\t\t<p>Nos solutions d\u2019h\u00e9bergement garantissent un site Web toujours en ligne. Ce site qui est s\u00e9curis\u00e9 et rapide en navigation. Votre site Web r\u00e9pond \u00e0 votre besoin de pr\u00e9sentation et surtout il satisfait la visite de vos potentiels clients.<\/p>\t\t\t\t\t\t\t\t<\/div>\n\t\t\t\t<\/div>\n\t\t\t\t\t<\/div>\n\t\t<\/div>\n\t\t\t\t\t<\/div>\n\t\t<\/section>\n\t\t\t\t<\/div>","protected":false},"excerpt":{"rendered":"<p>MIGRATION CLOUD Nous reconstruisons vos Infrastructures suivant les standards les plus r\u00e9cents. Nous en minimisons le temps de mise en place avec z\u00e9ro pertes de donn\u00e9es. HEBERGEMENT CLOUD Votre Infrastructure peut \u00eatre d\u00e9ploy\u00e9e sur le Cloud (AWS, Azure, Google). nous y appliquons des techniques d\u2019optimisation qui minimisent son co\u00fbt d\u2019exploitation. Vous b\u00e9n\u00e9ficiez de tous les&#8230;<\/p>","protected":false},"author":1,"featured_media":5167,"parent":5093,"menu_order":0,"comment_status":"closed","ping_status":"closed","template":"","meta":{"rank_math_lock_modified_date":false,"_kadence_starter_templates_imported_post":false,"_kad_post_transparent":"","_kad_post_title":"hide","_kad_post_layout":"fullwidth","_kad_post_sidebar_id":"","_kad_post_content_style":"unboxed","_kad_post_vertical_padding":"hide","_kad_post_feature":"hide","_kad_post_feature_position":"","_kad_post_header":false,"_kad_post_footer":false,"footnotes":""},"class_list":["post-5123","page","type-page","status-publish","has-post-thumbnail","hentry"],"_links":{"self":[{"href":"https:\/\/leclientetmoi.com\/en\/wp-json\/wp\/v2\/pages\/5123","targetHints":{"allow":["GET"]}}],"collection":[{"href":"https:\/\/leclientetmoi.com\/en\/wp-json\/wp\/v2\/pages"}],"about":[{"href":"https:\/\/leclientetmoi.com\/en\/wp-json\/wp\/v2\/types\/page"}],"author":[{"embeddable":true,"href":"https:\/\/leclientetmoi.com\/en\/wp-json\/wp\/v2\/users\/1"}],"replies":[{"embeddable":true,"href":"https:\/\/leclientetmoi.com\/en\/wp-json\/wp\/v2\/comments?post=5123"}],"version-history":[{"count":40,"href":"https:\/\/leclientetmoi.com\/en\/wp-json\/wp\/v2\/pages\/5123\/revisions"}],"predecessor-version":[{"id":5245,"href":"https:\/\/leclientetmoi.com\/en\/wp-json\/wp\/v2\/pages\/5123\/revisions\/5245"}],"up":[{"embeddable":true,"href":"https:\/\/leclientetmoi.com\/en\/wp-json\/wp\/v2\/pages\/5093"}],"wp:featuredmedia":[{"embeddable":true,"href":"https:\/\/leclientetmoi.com\/en\/wp-json\/wp\/v2\/media\/5167"}],"wp:attachment":[{"href":"https:\/\/leclientetmoi.com\/en\/wp-json\/wp\/v2\/media?parent=5123"}],"curies":[{"name":"wp","href":"https:\/\/api.w.org\/{rel}","templated":true}]}}