{"id":3,"date":"2021-03-31T22:09:12","date_gmt":"2021-03-31T20:09:12","guid":{"rendered":"http:\/\/leclientetmoi.com\/?page_id=3"},"modified":"2021-08-17T22:15:51","modified_gmt":"2021-08-17T20:15:51","slug":"politique-de-confidentialite","status":"publish","type":"page","link":"https:\/\/leclientetmoi.com\/en\/politique-de-confidentialite\/","title":{"rendered":"Privacy Policy"},"content":{"rendered":"<div data-elementor-type=\"wp-page\" data-elementor-id=\"3\" class=\"elementor elementor-3\">\n\t\t\t\t\t\t<section class=\"elementor-section elementor-top-section elementor-element elementor-element-352e2483 elementor-section-boxed elementor-section-height-default elementor-section-height-default\" data-id=\"352e2483\" data-element_type=\"section\" data-e-type=\"section\">\n\t\t\t\t\t\t<div class=\"elementor-container elementor-column-gap-default\">\n\t\t\t\t\t<div class=\"elementor-column elementor-col-100 elementor-top-column elementor-element elementor-element-5d2c5a1d\" data-id=\"5d2c5a1d\" data-element_type=\"column\" data-e-type=\"column\">\n\t\t\t<div class=\"elementor-widget-wrap elementor-element-populated\">\n\t\t\t\t\t\t<div class=\"elementor-element elementor-element-2c8d1ecd elementor-widget elementor-widget-text-editor\" data-id=\"2c8d1ecd\" data-element_type=\"widget\" data-e-type=\"widget\" data-widget_type=\"text-editor.default\">\n\t\t\t\t<div class=\"elementor-widget-container\">\n\t\t\t\t\t\t\t\t\t<p><\/p>\n<p><span style=\"color: var(--global-palette3); font-family: inherit; font-size: 28px; font-weight: bold;\">Editeur<\/span><\/p>\n<p>Soci\u00e9t\u00e9 conseil le Client et Moi<\/p>\n<p><b>IDU<\/b>: CI-2021-0006248 X<br \/><strong>T\u00e9l\u00e9phone<\/strong> : + 225 &#8211; 0555663322<br \/><strong>Courriel\u00a0<\/strong>:\u00a0<u>infomail@leclientetmoi.com<\/u><\/p>\n<p><strong>Directeur de la publication: <\/strong>Richard KOUADIO<\/p>\n<p><strong>Conception<\/strong><\/p>\n<p>Conception graphique et r\u00e9alisation : Website by Morningo design<br \/>\u00c9laboration des contenus : Cabinet le Client et Moi<br \/>Contact webmaster :\u00a0<u><a href=\"mailto:webmaster@unicaen.fr\">infomail@leclientetmoi.com<\/a><\/u><\/p>\n<p><span style=\"color: var(--global-palette3); font-family: inherit; font-size: 28px; font-weight: bold;\">Utilisation des donn\u00e9es personnelles collect\u00e9es<\/span><\/p>\n<h3 class=\"wp-block-heading\">Commentaires<\/h3>\n<p>Quand vous laissez un commentaire sur notre site web, les donn\u00e9es inscrites dans le formulaire de commentaire, mais aussi votre adresse IP et l\u2019agent utilisateur de votre navigateur sont collect\u00e9s pour nous aider \u00e0 la d\u00e9tection des commentaires ind\u00e9sirables. Une cha\u00eene anonymis\u00e9e cr\u00e9\u00e9e \u00e0 partir de votre adresse de messagerie (\u00e9galement appel\u00e9e hash) peut \u00eatre envoy\u00e9e au service Gravatar pour v\u00e9rifier si vous utilisez ce dernier. Les clauses de confidentialit\u00e9 du service Gravatar sont disponibles ici\u00a0: https:\/\/automattic.com\/privacy\/. Apr\u00e8s validation de votre commentaire, votre photo de profil sera visible publiquement \u00e0 cot\u00e9 de votre commentaire.<\/p>\n<h3>\u00a0<\/h3>\n<h3>\u00a0<\/h3>\n<h3>\u00a0<\/h3>\n<h3>Formulaires de contact<\/h3>\n<p>Via notre formulaire de contact, nous collectons votre nom et votre adresse courriel ainsi que l\u2019adresse IP afin de d\u00e9tecter les courriels ind\u00e9sirables via l\u2019application Akismet.\u00a0<\/p>\n<h3>Avertissement<\/h3>\n<p>Les informations qui apparaissent sur ce site sont donn\u00e9es \u00e0 titre purement indicatif. Le contenu du site Internet peut comporter des erreurs ou oublis et il est susceptible d&rsquo;\u00eatre modifi\u00e9 ou mis \u00e0 jour \u00e0 tout moment. Le cabinet le Client et Moi d\u00e9cline toute responsabilit\u00e9 quant \u00e0 l&rsquo;utilisation par toute personne physique ou morale des informations fournies.<\/p>\n<h3>Droit d&rsquo;auteur et copyright<\/h3>\n<p>L&rsquo;ensemble de ce site rel\u00e8ve de la l\u00e9gislation ivoirienne et internationale sur le droit d&rsquo;auteur et la propri\u00e9t\u00e9 intellectuelle.<\/p>\n<p>Tous les droits de reproduction sont r\u00e9serv\u00e9s, y compris pour les documents t\u00e9l\u00e9chargeables et les repr\u00e9sentations iconographiques.<\/p>\n<p>La reproduction de tout ou partie de ce site sur un support \u00e9lectronique quel qu&rsquo;il soit est formellement interdite sauf autorisation express du directeur de la publication.<\/p>\n<p>Le cabinet le Client et Moi d\u00e9cline toute responsabilit\u00e9 quand aux sites Internet qui poss\u00e8dent un lien vers le site du cabinet. Conform\u00e9ment \u00e0 la loi relative \u00e0 l&rsquo;informatique aux fichiers et aux libert\u00e9s modifi\u00e9e, vous disposez d&rsquo;un droit d&rsquo;acc\u00e8s, de modification, de rectification et de suppression des donn\u00e9es qui vous concernent. Pour l&rsquo;exercer, adressez-vous \u00e0 : infomail@leclientetmoi.com\u00a0<u><\/u><\/p>\n<h2>Transmission de vos donn\u00e9es personnelles<\/h2>\n<p>Les commentaires des visiteurs peuvent \u00eatre v\u00e9rifi\u00e9s \u00e0 l\u2019aide d\u2019un service automatis\u00e9 de d\u00e9tection des commentaires ind\u00e9sirables.<\/p>\n<p><\/p>\t\t\t\t\t\t\t\t<\/div>\n\t\t\t\t<\/div>\n\t\t\t\t\t<\/div>\n\t\t<\/div>\n\t\t\t\t\t<\/div>\n\t\t<\/section>\n\t\t\t\t<\/div>","protected":false},"excerpt":{"rendered":"<p>Editeur Soci\u00e9t\u00e9 conseil le Client et Moi IDU: CI-2021-0006248 XT\u00e9l\u00e9phone : + 225 &#8211; 0555663322Courriel\u00a0:\u00a0infomail@leclientetmoi.com Directeur de la publication: Richard KOUADIO Conception Conception graphique et r\u00e9alisation : Website by Morningo design\u00c9laboration des contenus : Cabinet le Client et MoiContact webmaster :\u00a0infomail@leclientetmoi.com Utilisation des donn\u00e9es personnelles collect\u00e9es Commentaires Quand vous laissez un commentaire sur notre site&#8230;<\/p>","protected":false},"author":1,"featured_media":0,"parent":0,"menu_order":0,"comment_status":"closed","ping_status":"closed","template":"","meta":{"rank_math_lock_modified_date":false,"_kadence_starter_templates_imported_post":false,"_kad_post_transparent":"","_kad_post_title":"","_kad_post_layout":"","_kad_post_sidebar_id":"","_kad_post_content_style":"","_kad_post_vertical_padding":"","_kad_post_feature":"","_kad_post_feature_position":"","_kad_post_header":false,"_kad_post_footer":false,"footnotes":""},"class_list":["post-3","page","type-page","status-publish","hentry"],"_links":{"self":[{"href":"https:\/\/leclientetmoi.com\/en\/wp-json\/wp\/v2\/pages\/3","targetHints":{"allow":["GET"]}}],"collection":[{"href":"https:\/\/leclientetmoi.com\/en\/wp-json\/wp\/v2\/pages"}],"about":[{"href":"https:\/\/leclientetmoi.com\/en\/wp-json\/wp\/v2\/types\/page"}],"author":[{"embeddable":true,"href":"https:\/\/leclientetmoi.com\/en\/wp-json\/wp\/v2\/users\/1"}],"replies":[{"embeddable":true,"href":"https:\/\/leclientetmoi.com\/en\/wp-json\/wp\/v2\/comments?post=3"}],"version-history":[{"count":22,"href":"https:\/\/leclientetmoi.com\/en\/wp-json\/wp\/v2\/pages\/3\/revisions"}],"predecessor-version":[{"id":2251,"href":"https:\/\/leclientetmoi.com\/en\/wp-json\/wp\/v2\/pages\/3\/revisions\/2251"}],"wp:attachment":[{"href":"https:\/\/leclientetmoi.com\/en\/wp-json\/wp\/v2\/media?parent=3"}],"curies":[{"name":"wp","href":"https:\/\/api.w.org\/{rel}","templated":true}]}}