{"id":2409,"date":"2022-02-18T06:46:47","date_gmt":"2022-02-18T05:46:47","guid":{"rendered":"https:\/\/leclientetmoi.com\/?page_id=2409"},"modified":"2022-03-31T11:29:11","modified_gmt":"2022-03-31T09:29:11","slug":"authentification-certificats","status":"publish","type":"page","link":"https:\/\/leclientetmoi.com\/en\/authentification-certificats\/","title":{"rendered":"Certificate authentication"},"content":{"rendered":"<div data-elementor-type=\"wp-page\" data-elementor-id=\"2409\" class=\"elementor elementor-2409\">\n\t\t\t\t\t\t<section class=\"elementor-section elementor-top-section elementor-element elementor-element-6ffdf555 elementor-section-full_width elementor-section-height-default elementor-section-height-default\" data-id=\"6ffdf555\" data-element_type=\"section\" data-e-type=\"section\">\n\t\t\t\t\t\t<div class=\"elementor-container elementor-column-gap-default\">\n\t\t\t\t\t<div class=\"elementor-column elementor-col-100 elementor-top-column elementor-element elementor-element-7408cb1c\" data-id=\"7408cb1c\" data-element_type=\"column\" data-e-type=\"column\">\n\t\t\t<div class=\"elementor-widget-wrap elementor-element-populated\">\n\t\t\t\t\t\t<div class=\"elementor-element elementor-element-2a633370 gallery-spacing-custom elementor-widget elementor-widget-image-gallery\" data-id=\"2a633370\" data-element_type=\"widget\" data-e-type=\"widget\" data-widget_type=\"image-gallery.default\">\n\t\t\t\t<div class=\"elementor-widget-container\">\n\t\t\t\t\t\t\t<div class=\"elementor-image-gallery\">\n\t\t\t<div id='gallery-1' class='gallery galleryid-2409 gallery-columns-1 gallery-size-full'><figure class='gallery-item'>\n\t\t\t<div class='gallery-icon landscape'>\n\t\t\t\t<a data-elementor-open-lightbox=\"yes\" data-elementor-lightbox-slideshow=\"2a633370\" data-elementor-lightbox-title=\"pexels-olya-kobruseva-8177922\" data-e-action-hash=\"#elementor-action%3Aaction%3Dlightbox%26settings%3DeyJpZCI6MjgwNSwidXJsIjoiaHR0cHM6XC9cL2xlY2xpZW50ZXRtb2kuY29tXC93cC1jb250ZW50XC91cGxvYWRzXC8yMDIyXC8wMlwvcGV4ZWxzLW9seWEta29icnVzZXZhLTgxNzc5MjIuanBnIiwic2xpZGVzaG93IjoiMmE2MzMzNzAifQ%3D%3D\" href='https:\/\/leclientetmoi.com\/wp-content\/uploads\/2022\/02\/pexels-olya-kobruseva-8177922.jpg'><img fetchpriority=\"high\" decoding=\"async\" width=\"1920\" height=\"1281\" src=\"https:\/\/leclientetmoi.com\/wp-content\/uploads\/2022\/02\/pexels-olya-kobruseva-8177922.jpg\" class=\"attachment-full size-full\" alt=\"\" srcset=\"https:\/\/leclientetmoi.com\/wp-content\/uploads\/2022\/02\/pexels-olya-kobruseva-8177922.jpg 1920w, https:\/\/leclientetmoi.com\/wp-content\/uploads\/2022\/02\/pexels-olya-kobruseva-8177922-300x200.jpg 300w, https:\/\/leclientetmoi.com\/wp-content\/uploads\/2022\/02\/pexels-olya-kobruseva-8177922-1024x683.jpg 1024w, https:\/\/leclientetmoi.com\/wp-content\/uploads\/2022\/02\/pexels-olya-kobruseva-8177922-768x512.jpg 768w, https:\/\/leclientetmoi.com\/wp-content\/uploads\/2022\/02\/pexels-olya-kobruseva-8177922-1536x1025.jpg 1536w, https:\/\/leclientetmoi.com\/wp-content\/uploads\/2022\/02\/pexels-olya-kobruseva-8177922-18x12.jpg 18w\" sizes=\"(max-width: 1920px) 100vw, 1920px\" \/><\/a>\n\t\t\t<\/div><\/figure>\n\t\t<\/div>\n\t\t<\/div>\n\t\t\t\t\t\t<\/div>\n\t\t\t\t<\/div>\n\t\t\t\t<div class=\"elementor-element elementor-element-043e3ad elementor-widget elementor-widget-spacer\" data-id=\"043e3ad\" data-element_type=\"widget\" data-e-type=\"widget\" data-widget_type=\"spacer.default\">\n\t\t\t\t<div class=\"elementor-widget-container\">\n\t\t\t\t\t\t\t<div class=\"elementor-spacer\">\n\t\t\t<div class=\"elementor-spacer-inner\"><\/div>\n\t\t<\/div>\n\t\t\t\t\t\t<\/div>\n\t\t\t\t<\/div>\n\t\t\t\t<div class=\"elementor-element elementor-element-9c06ad0 elementor-widget elementor-widget-text-editor\" data-id=\"9c06ad0\" data-element_type=\"widget\" data-e-type=\"widget\" data-widget_type=\"text-editor.default\">\n\t\t\t\t<div class=\"elementor-widget-container\">\n\t\t\t\t\t\t\t\t\t<p>Parce que nous voulons des certificats qui r\u00e9compensent l&rsquo;effort, refl\u00e8tent l&rsquo;engagement et la comp\u00e9tence&nbsp; de nos auditeurs, nous valorisons et fiabilisons nos certificats par une \u00e9valuation post formation. Les donn\u00e9es qui confirment l&rsquo;authenticit\u00e9 de nos certificats d\u00e9livr\u00e9s sont accessibles en ligne.<\/p>\t\t\t\t\t\t\t\t<\/div>\n\t\t\t\t<\/div>\n\t\t\t\t<div class=\"elementor-element elementor-element-096d319 elementor-widget elementor-widget-spacer\" data-id=\"096d319\" data-element_type=\"widget\" data-e-type=\"widget\" data-widget_type=\"spacer.default\">\n\t\t\t\t<div class=\"elementor-widget-container\">\n\t\t\t\t\t\t\t<div class=\"elementor-spacer\">\n\t\t\t<div class=\"elementor-spacer-inner\"><\/div>\n\t\t<\/div>\n\t\t\t\t\t\t<\/div>\n\t\t\t\t<\/div>\n\t\t\t\t<div class=\"elementor-element elementor-element-d1d0e7a elementor-widget elementor-widget-text-editor\" data-id=\"d1d0e7a\" data-element_type=\"widget\" data-e-type=\"widget\" data-widget_type=\"text-editor.default\">\n\t\t\t\t<div class=\"elementor-widget-container\">\n\t\t\t\t\t\t\t\t\t<p>Ability to perform a multi-entry search. The criterion <span style=\"color: var(--global-palette4); font-family: var(--global-body-font-family);\">\"CERTIFICATE ID\" is recommended.<\/span><\/p>\t\t\t\t\t\t\t\t<\/div>\n\t\t\t\t<\/div>\n\t\t\t\t<div class=\"elementor-element elementor-element-caec610 elementor-widget elementor-widget-spacer\" data-id=\"caec610\" data-element_type=\"widget\" data-e-type=\"widget\" data-widget_type=\"spacer.default\">\n\t\t\t\t<div class=\"elementor-widget-container\">\n\t\t\t\t\t\t\t<div class=\"elementor-spacer\">\n\t\t\t<div class=\"elementor-spacer-inner\"><\/div>\n\t\t<\/div>\n\t\t\t\t\t\t<\/div>\n\t\t\t\t<\/div>\n\t\t\t\t<div class=\"elementor-element elementor-element-e4e9b32 elementor-widget elementor-widget-shortcode\" data-id=\"e4e9b32\" data-element_type=\"widget\" data-e-type=\"widget\" data-widget_type=\"shortcode.default\">\n\t\t\t\t<div class=\"elementor-widget-container\">\n\t\t\t\t\t\t\t<div class=\"elementor-shortcode\">\n<table id=\"tablepress-1\" class=\"tablepress tablepress-id-1\">\n<thead>\n<tr class=\"row-1\">\n\t<th class=\"column-1\">Certificate ID<\/th><th class=\"column-2\">Name<\/th><th class=\"column-3\">First names<\/th><th class=\"column-4\">Date of issue<\/th>\n<\/tr>\n<\/thead>\n<tbody class=\"row-striping row-hover\">\n<tr class=\"row-2\">\n\t<td class=\"column-1\">GNAMAVI@2022YA<br \/>\n<\/td><td class=\"column-2\">GNAMIEN<\/td><td class=\"column-3\">Yavo Antoine <\/td><td class=\"column-4\">10\/6\/2022<\/td>\n<\/tr>\n<tr class=\"row-3\">\n\t<td class=\"column-1\">NENFEVI@2022EP<\/td><td class=\"column-2\">NENE<\/td><td class=\"column-3\">Epouse YORAUD Ra\u00efssa <\/td><td class=\"column-4\">10\/6\/2022<\/td>\n<\/tr>\n<tr class=\"row-4\">\n\t<td class=\"column-1\">KONMAVI@2022YA<br \/>\n<\/td><td class=\"column-2\">KONAN<\/td><td class=\"column-3\">Yao Kouassi Alphonse<\/td><td class=\"column-4\">10\/6\/2022<\/td>\n<\/tr>\n<tr class=\"row-5\">\n\t<td class=\"column-1\">SANMAVI@2022LA<br \/>\n<\/td><td class=\"column-2\">SANOGO<\/td><td class=\"column-3\">Ladji<\/td><td class=\"column-4\">10\/6\/2022<\/td>\n<\/tr>\n<tr class=\"row-6\">\n\t<td class=\"column-1\">SORMAVI@2022GN<br \/>\n<\/td><td class=\"column-2\">SORO<\/td><td class=\"column-3\">Gn\u00e9n\u00e9ma Bakary<\/td><td class=\"column-4\">10\/6\/2022<\/td>\n<\/tr>\n<tr class=\"row-7\">\n\t<td class=\"column-1\">KONMAVI@2022AM<br \/>\n<\/td><td class=\"column-2\">KONE<\/td><td class=\"column-3\">Amadou<\/td><td class=\"column-4\">10\/6\/2022<\/td>\n<\/tr>\n<tr class=\"row-8\">\n\t<td class=\"column-1\">KOUFEVI@2022AF<br \/>\n<\/td><td class=\"column-2\">Paul<\/td><td class=\"column-3\">Affoue<\/td><td class=\"column-4\">10\/6\/2022<\/td>\n<\/tr>\n<tr class=\"row-9\">\n\t<td class=\"column-1\">DEGFEVI@2022AN<br \/>\n<\/td><td class=\"column-2\">DEGRE<\/td><td class=\"column-3\">Anna Christelle <\/td><td class=\"column-4\">10\/6\/2022<\/td>\n<\/tr>\n<tr class=\"row-10\">\n\t<td class=\"column-1\">KOUMAVII@2022KO<br \/>\n<\/td><td class=\"column-2\">KOUAKOU<\/td><td class=\"column-3\">Kouadio Fran\u00e7ois <\/td><td class=\"column-4\">14\/07\/2022<\/td>\n<\/tr>\n<tr class=\"row-11\">\n\t<td class=\"column-1\">FOFFEV@2023AM<br \/>\n<\/td><td class=\"column-2\">FOFANA<\/td><td class=\"column-3\">Amy<\/td><td class=\"column-4\">05\/05\/2023<\/td>\n<\/tr>\n<tr class=\"row-12\">\n\t<td class=\"column-1\">BELFEV@2023OP<br \/>\n<\/td><td class=\"column-2\">BELLA<\/td><td class=\"column-3\">Opportune<\/td><td class=\"column-4\">05\/05\/2023<\/td>\n<\/tr>\n<tr class=\"row-13\">\n\t<td class=\"column-1\">FANMAV@2023AB<br \/>\n<\/td><td class=\"column-2\">FANNY<\/td><td class=\"column-3\">Abdoul<\/td><td class=\"column-4\">05\/05\/2023<\/td>\n<\/tr>\n<tr class=\"row-14\">\n\t<td class=\"column-1\">GNAMAV@2023RO<br \/>\n<\/td><td class=\"column-2\">GNADAKI<\/td><td class=\"column-3\">Romuald<\/td><td class=\"column-4\">05\/05\/2023<\/td>\n<\/tr>\n<tr class=\"row-15\">\n\t<td class=\"column-1\">ADOMAV@2023JE<br \/>\n<\/td><td class=\"column-2\">ADOM<\/td><td class=\"column-3\">Jean-Jacques<\/td><td class=\"column-4\">05\/05\/2023<\/td>\n<\/tr>\n<tr class=\"row-16\">\n\t<td class=\"column-1\">KOUMAV@2023ST<br \/>\n<\/td><td class=\"column-2\">KOUASSI<\/td><td class=\"column-3\">St\u00e9phane<\/td><td class=\"column-4\">05\/05\/2023<\/td>\n<\/tr>\n<tr class=\"row-17\">\n\t<td class=\"column-1\">KOUMAV@2023LA<br \/>\n<\/td><td class=\"column-2\">KOUASSI<\/td><td class=\"column-3\">Lambert<\/td><td class=\"column-4\">05\/05\/2023<\/td>\n<\/tr>\n<tr class=\"row-18\">\n\t<td class=\"column-1\">LOBMAV@2023KE<br \/>\n<\/td><td class=\"column-2\">LOBE<br \/>\n<\/td><td class=\"column-3\">Kevin<br \/>\n<\/td><td class=\"column-4\">05\/05\/2023<\/td>\n<\/tr>\n<tr class=\"row-19\">\n\t<td class=\"column-1\">KOUMAV@2023AR<br \/>\n<\/td><td class=\"column-2\">KOUAKOU<br \/>\n<\/td><td class=\"column-3\">Ariel<br \/>\n<\/td><td class=\"column-4\">05\/05\/2023<\/td>\n<\/tr>\n<tr class=\"row-20\">\n\t<td class=\"column-1\">YAOMAV@2023AN<br \/>\n<\/td><td class=\"column-2\">YAO<br \/>\n<\/td><td class=\"column-3\">Anselme<br \/>\n<\/td><td class=\"column-4\">05\/05\/2023<\/td>\n<\/tr>\n<tr class=\"row-21\">\n\t<td class=\"column-1\">BEDFEV@2023MA<br \/>\n<\/td><td class=\"column-2\">BEDA<br \/>\n<\/td><td class=\"column-3\">Marie-Francine<br \/>\n<\/td><td class=\"column-4\">05\/05\/2023<\/td>\n<\/tr>\n<tr class=\"row-22\">\n\t<td class=\"column-1\">AHOFEV@2023NA<br \/>\n<\/td><td class=\"column-2\">AHOUTCHIALE<br \/>\n<\/td><td class=\"column-3\">Nathalie<br \/>\n<\/td><td class=\"column-4\">05\/05\/2023<\/td>\n<\/tr>\n<tr class=\"row-23\">\n\t<td class=\"column-1\">NDOMAV@2023BO<br \/>\n<\/td><td class=\"column-2\">NDOLI<br \/>\n<\/td><td class=\"column-3\">Boni<br \/>\n<\/td><td class=\"column-4\">05\/05\/2023<\/td>\n<\/tr>\n<tr class=\"row-24\">\n\t<td class=\"column-1\">KOFMAV@2023GH<br \/>\n<\/td><td class=\"column-2\">KOFFI<br \/>\n<\/td><td class=\"column-3\">Ghislain<br \/>\n<\/td><td class=\"column-4\">05\/05\/2023<\/td>\n<\/tr>\n<tr class=\"row-25\">\n\t<td class=\"column-1\">ANIMAV@2023BL<br \/>\n<\/td><td class=\"column-2\">ANINI<br \/>\n<\/td><td class=\"column-3\">Blaise<br \/>\n<\/td><td class=\"column-4\">05\/05\/2023<\/td>\n<\/tr>\n<tr class=\"row-26\">\n\t<td class=\"column-1\">AKAMAV@2023JE<br \/>\n<\/td><td class=\"column-2\">AKA<br \/>\n<\/td><td class=\"column-3\">Jean-Yves<br \/>\n<\/td><td class=\"column-4\">05\/05\/2023<\/td>\n<\/tr>\n<tr class=\"row-27\">\n\t<td class=\"column-1\">BALMAV@2023AD<br \/>\n<\/td><td class=\"column-2\">BALLO<br \/>\n<\/td><td class=\"column-3\">Adama<br \/>\n<\/td><td class=\"column-4\">05\/05\/2023<\/td>\n<\/tr>\n<tr class=\"row-28\">\n\t<td class=\"column-1\">BESFEV@2023NA<br \/>\n<\/td><td class=\"column-2\">BESSIKOUA<br \/>\n<\/td><td class=\"column-3\">Nadege<br \/>\n<\/td><td class=\"column-4\">05\/05\/2023<\/td>\n<\/tr>\n<tr class=\"row-29\">\n\t<td class=\"column-1\">DIAFEV@2023HA<br \/>\n<\/td><td class=\"column-2\">DIARRA<br \/>\n<\/td><td class=\"column-3\">Hadiza<br \/>\n<\/td><td class=\"column-4\">05\/05\/2023<\/td>\n<\/tr>\n<tr class=\"row-30\">\n\t<td class=\"column-1\">CLAFEV@2023AN<br \/>\n<\/td><td class=\"column-2\">CLARCK<br \/>\n<\/td><td class=\"column-3\">Ange<br \/>\n<\/td><td class=\"column-4\">05\/05\/2023<\/td>\n<\/tr>\n<tr class=\"row-31\">\n\t<td class=\"column-1\">KONMAV@2023SE<br \/>\n<\/td><td class=\"column-2\">KONE<br \/>\n<\/td><td class=\"column-3\">Seydou<br \/>\n<\/td><td class=\"column-4\">05\/05\/2023<\/td>\n<\/tr>\n<\/tbody>\n<\/table>\n<!-- #tablepress-1 from cache --><\/div>\n\t\t\t\t\t\t<\/div>\n\t\t\t\t<\/div>\n\t\t\t\t<div class=\"elementor-element elementor-element-4d56073 elementor-widget elementor-widget-text-editor\" data-id=\"4d56073\" data-element_type=\"widget\" data-e-type=\"widget\" data-widget_type=\"text-editor.default\">\n\t\t\t\t<div class=\"elementor-widget-container\">\n\t\t\t\t\t\t\t\t\t<p>*The final evaluation score is available on request.<\/p>\t\t\t\t\t\t\t\t<\/div>\n\t\t\t\t<\/div>\n\t\t\t\t<div class=\"elementor-element elementor-element-faf84a9 elementor-widget elementor-widget-spacer\" data-id=\"faf84a9\" data-element_type=\"widget\" data-e-type=\"widget\" data-widget_type=\"spacer.default\">\n\t\t\t\t<div class=\"elementor-widget-container\">\n\t\t\t\t\t\t\t<div class=\"elementor-spacer\">\n\t\t\t<div class=\"elementor-spacer-inner\"><\/div>\n\t\t<\/div>\n\t\t\t\t\t\t<\/div>\n\t\t\t\t<\/div>\n\t\t\t\t\t<\/div>\n\t\t<\/div>\n\t\t\t\t\t<\/div>\n\t\t<\/section>\n\t\t\t\t<\/div>","protected":false},"excerpt":{"rendered":"<p>Parce que nous voulons des certificats qui r\u00e9compensent l&rsquo;effort, refl\u00e8tent l&rsquo;engagement et la comp\u00e9tence&nbsp; de nos auditeurs, nous valorisons et fiabilisons nos certificats par une \u00e9valuation post formation. Les donn\u00e9es qui confirment l&rsquo;authenticit\u00e9 de nos certificats d\u00e9livr\u00e9s sont accessibles en ligne. Possibilit\u00e9 d&rsquo;effectuer une recherche multi-entr\u00e9es. Le crit\u00e9re \u00ab\u00a0ID CERTIFICAT \u00a0\u00bb est recommand\u00e9. *La note&#8230;<\/p>","protected":false},"author":1,"featured_media":2468,"parent":0,"menu_order":0,"comment_status":"closed","ping_status":"closed","template":"","meta":{"rank_math_lock_modified_date":false,"_kadence_starter_templates_imported_post":false,"_kad_post_transparent":"","_kad_post_title":"hide","_kad_post_layout":"fullwidth","_kad_post_sidebar_id":"","_kad_post_content_style":"unboxed","_kad_post_vertical_padding":"hide","_kad_post_feature":"hide","_kad_post_feature_position":"","_kad_post_header":false,"_kad_post_footer":false,"footnotes":""},"class_list":["post-2409","page","type-page","status-publish","has-post-thumbnail","hentry"],"_links":{"self":[{"href":"https:\/\/leclientetmoi.com\/en\/wp-json\/wp\/v2\/pages\/2409","targetHints":{"allow":["GET"]}}],"collection":[{"href":"https:\/\/leclientetmoi.com\/en\/wp-json\/wp\/v2\/pages"}],"about":[{"href":"https:\/\/leclientetmoi.com\/en\/wp-json\/wp\/v2\/types\/page"}],"author":[{"embeddable":true,"href":"https:\/\/leclientetmoi.com\/en\/wp-json\/wp\/v2\/users\/1"}],"replies":[{"embeddable":true,"href":"https:\/\/leclientetmoi.com\/en\/wp-json\/wp\/v2\/comments?post=2409"}],"version-history":[{"count":393,"href":"https:\/\/leclientetmoi.com\/en\/wp-json\/wp\/v2\/pages\/2409\/revisions"}],"predecessor-version":[{"id":3046,"href":"https:\/\/leclientetmoi.com\/en\/wp-json\/wp\/v2\/pages\/2409\/revisions\/3046"}],"wp:featuredmedia":[{"embeddable":true,"href":"https:\/\/leclientetmoi.com\/en\/wp-json\/wp\/v2\/media\/2468"}],"wp:attachment":[{"href":"https:\/\/leclientetmoi.com\/en\/wp-json\/wp\/v2\/media?parent=2409"}],"curies":[{"name":"wp","href":"https:\/\/api.w.org\/{rel}","templated":true}]}}