{"id":2368,"date":"2022-02-07T23:07:58","date_gmt":"2022-02-07T22:07:58","guid":{"rendered":"https:\/\/leclientetmoi.com\/?page_id=2368"},"modified":"2025-03-01T15:12:29","modified_gmt":"2025-03-01T14:12:29","slug":"ecole-de-la-culture-du-service-au-client","status":"publish","type":"page","link":"https:\/\/leclientetmoi.com\/en\/ecole-de-la-culture-du-service-au-client\/","title":{"rendered":"Ecole de la Culture du Service au Client"},"content":{"rendered":"\t\t<div data-elementor-type=\"wp-page\" data-elementor-id=\"2368\" class=\"elementor elementor-2368\">\n\t\t\t\t\t\t<section class=\"elementor-section elementor-top-section elementor-element elementor-element-1eacc102 elementor-section-content-middle elementor-section-boxed elementor-section-height-default elementor-section-height-default\" data-id=\"1eacc102\" data-element_type=\"section\" data-e-type=\"section\">\n\t\t\t\t\t\t<div class=\"elementor-container elementor-column-gap-no\">\n\t\t\t\t\t<div class=\"elementor-column elementor-col-100 elementor-top-column elementor-element elementor-element-16ba9a4d\" data-id=\"16ba9a4d\" data-element_type=\"column\" data-e-type=\"column\">\n\t\t\t<div class=\"elementor-widget-wrap elementor-element-populated\">\n\t\t\t\t\t\t<div class=\"elementor-element elementor-element-8e47bd5 elementor-align-center elementor-widget elementor-widget-button\" data-id=\"8e47bd5\" data-element_type=\"widget\" data-e-type=\"widget\" data-widget_type=\"button.default\">\n\t\t\t\t<div class=\"elementor-widget-container\">\n\t\t\t\t\t\t\t\t\t<div class=\"elementor-button-wrapper\">\n\t\t\t\t\t<a class=\"elementor-button elementor-button-link elementor-size-xs\" href=\"https:\/\/leclientetmoi.com\/ecole-du-service-au-client\/\">\n\t\t\t\t\t\t<span class=\"elementor-button-content-wrapper\">\n\t\t\t\t\t\t\t\t\t<span class=\"elementor-button-text\">Je consulte l'offre de formation<\/span>\n\t\t\t\t\t<\/span>\n\t\t\t\t\t<\/a>\n\t\t\t\t<\/div>\n\t\t\t\t\t\t\t\t<\/div>\n\t\t\t\t<\/div>\n\t\t\t\t<div class=\"elementor-element elementor-element-96037bf elementor-widget elementor-widget-image\" data-id=\"96037bf\" data-element_type=\"widget\" data-e-type=\"widget\" data-widget_type=\"image.default\">\n\t\t\t\t<div class=\"elementor-widget-container\">\n\t\t\t\t\t\t\t\t\t\t\t\t\t\t\t<img fetchpriority=\"high\" decoding=\"async\" width=\"1024\" height=\"1024\" src=\"https:\/\/leclientetmoi.com\/wp-content\/uploads\/2025\/03\/Ecole-de-la-culture-de-Service-du-Client_le-Client-et-Moi-1024x1024.jpg\" class=\"attachment-large size-large wp-image-5462\" alt=\"\" srcset=\"https:\/\/leclientetmoi.com\/wp-content\/uploads\/2025\/03\/Ecole-de-la-culture-de-Service-du-Client_le-Client-et-Moi-1024x1024.jpg 1024w, https:\/\/leclientetmoi.com\/wp-content\/uploads\/2025\/03\/Ecole-de-la-culture-de-Service-du-Client_le-Client-et-Moi-300x300.jpg 300w, https:\/\/leclientetmoi.com\/wp-content\/uploads\/2025\/03\/Ecole-de-la-culture-de-Service-du-Client_le-Client-et-Moi-150x150.jpg 150w, https:\/\/leclientetmoi.com\/wp-content\/uploads\/2025\/03\/Ecole-de-la-culture-de-Service-du-Client_le-Client-et-Moi-768x768.jpg 768w, https:\/\/leclientetmoi.com\/wp-content\/uploads\/2025\/03\/Ecole-de-la-culture-de-Service-du-Client_le-Client-et-Moi-1536x1536.jpg 1536w, https:\/\/leclientetmoi.com\/wp-content\/uploads\/2025\/03\/Ecole-de-la-culture-de-Service-du-Client_le-Client-et-Moi-12x12.jpg 12w, https:\/\/leclientetmoi.com\/wp-content\/uploads\/2025\/03\/Ecole-de-la-culture-de-Service-du-Client_le-Client-et-Moi.jpg 1600w\" sizes=\"(max-width: 1024px) 100vw, 1024px\" \/>\t\t\t\t\t\t\t\t\t\t\t\t\t\t\t<\/div>\n\t\t\t\t<\/div>\n\t\t\t\t<div class=\"elementor-element elementor-element-32f2674 elementor-widget elementor-widget-heading\" data-id=\"32f2674\" data-element_type=\"widget\" data-e-type=\"widget\" data-widget_type=\"heading.default\">\n\t\t\t\t<div class=\"elementor-widget-container\">\n\t\t\t\t\t<h2 class=\"elementor-heading-title elementor-size-default\">Inscrivez-vous<\/h2>\t\t\t\t<\/div>\n\t\t\t\t<\/div>\n\t\t\t\t<div class=\"elementor-element elementor-element-7958e62 elementor-widget elementor-widget-wpforms\" data-id=\"7958e62\" data-element_type=\"widget\" data-e-type=\"widget\" data-widget_type=\"wpforms.default\">\n\t\t\t\t<div class=\"elementor-widget-container\">\n\t\t\t\t\t<div class=\"wpforms-container wpforms-container-full\" id=\"wpforms-4131\"><form id=\"wpforms-form-4131\" class=\"wpforms-validate wpforms-form wpforms-ajax-form\" data-formid=\"4131\" method=\"post\" enctype=\"multipart\/form-data\" action=\"\/en\/wp-json\/wp\/v2\/pages\/2368\" data-token=\"d8556227ecfd4ed162fecbb9c4e2ad81\" data-token-time=\"1775664636\"><noscript class=\"wpforms-error-noscript\">Please enable JavaScript in your browser to complete this form.<\/noscript><div class=\"wpforms-field-container\"><div id=\"wpforms-4131-field_1-container\" class=\"wpforms-field wpforms-field-name\" data-field-id=\"1\"><label class=\"wpforms-field-label\" for=\"wpforms-4131-field_1\">Nom &amp; Pr\u00e9noms <span class=\"wpforms-required-label\">*<\/span><\/label><input type=\"text\" id=\"wpforms-4131-field_1\" class=\"wpforms-field-medium wpforms-field-required\" name=\"wpforms[fields][1]\" required><\/div><div id=\"wpforms-4131-field_8-container\" class=\"wpforms-field wpforms-field-text\" data-field-id=\"8\"><label class=\"wpforms-field-label\" for=\"wpforms-4131-field_8\">Contacts t\u00e9l\u00e9phoniques<\/label><input type=\"text\" id=\"wpforms-4131-field_8\" class=\"wpforms-field-medium\" name=\"wpforms[fields][8]\" ><div class=\"wpforms-field-description\">Contacts que vous d\u00e9crochez r\u00e9guli\u00e8rement.<\/div><\/div><div id=\"wpforms-4131-field_2-container\" class=\"wpforms-field wpforms-field-email\" data-field-id=\"2\"><label class=\"wpforms-field-label\" for=\"wpforms-4131-field_2\">E-mail<\/label><input type=\"email\" id=\"wpforms-4131-field_2\" class=\"wpforms-field-medium\" name=\"wpforms[fields][2]\" spellcheck=\"false\" ><div class=\"wpforms-field-description\">Email que vous consultez tr\u00e8s souvent.<\/div><\/div><div id=\"wpforms-4131-field_5-container\" class=\"wpforms-field wpforms-field-textarea\" data-field-id=\"5\"><label class=\"wpforms-field-label\" for=\"wpforms-4131-field_5\">Commentaire<\/label><textarea id=\"wpforms-4131-field_5\" class=\"wpforms-field-medium\" name=\"wpforms[fields][5]\" ><\/textarea><div class=\"wpforms-field-description\">Vous avez une pr\u00e9ocuppation particuli\u00e8re, exprimez vous.<\/div><\/div><\/div><!-- .wpforms-field-container --><div class=\"wpforms-submit-container\" ><input type=\"hidden\" name=\"wpforms[id]\" value=\"4131\"><input type=\"hidden\" name=\"page_title\" value=\"\"><input type=\"hidden\" name=\"page_url\" value=\"https:\/\/leclientetmoi.com\/en\/wp-json\/wp\/v2\/pages\/2368\"><input type=\"hidden\" name=\"url_referer\" value=\"\"><button type=\"submit\" name=\"wpforms[submit]\" id=\"wpforms-submit-4131\" class=\"wpforms-submit\" data-alt-text=\"Envoi...\" data-submit-text=\"Envoyer\" aria-live=\"assertive\" value=\"wpforms-submit\">Envoyer<\/button><img decoding=\"async\" src=\"https:\/\/leclientetmoi.com\/wp-content\/plugins\/wpforms\/assets\/images\/submit-spin.svg\" class=\"wpforms-submit-spinner\" style=\"display: none;\" width=\"26\" height=\"26\" alt=\"Loading\"><\/div><\/form><\/div>  <!-- .wpforms-container -->\t\t\t\t<\/div>\n\t\t\t\t<\/div>\n\t\t\t\t\t<\/div>\n\t\t<\/div>\n\t\t\t\t\t<\/div>\n\t\t<\/section>\n\t\t\t\t<\/div>\n\t\t","protected":false},"excerpt":{"rendered":"<p>Je consulte l&rsquo;offre de formation Inscrivez-vous Veuillez activer JavaScript dans votre navigateur pour remplir ce formulaire.Nom &amp; Pr\u00e9noms *Contacts t\u00e9l\u00e9phoniquesContacts que vous d\u00e9crochez r\u00e9guli\u00e8rement.E-mailEmail que vous consultez tr\u00e8s souvent.CommentaireVous avez une pr\u00e9ocuppation particuli\u00e8re, exprimez vous. Envoyer<\/p>","protected":false},"author":1,"featured_media":5462,"parent":0,"menu_order":0,"comment_status":"closed","ping_status":"closed","template":"","meta":{"rank_math_lock_modified_date":false,"_kadence_starter_templates_imported_post":false,"_kad_post_transparent":"","_kad_post_title":"hide","_kad_post_layout":"fullwidth","_kad_post_sidebar_id":"","_kad_post_content_style":"unboxed","_kad_post_vertical_padding":"hide","_kad_post_feature":"hide","_kad_post_feature_position":"","_kad_post_header":false,"_kad_post_footer":false,"footnotes":""},"class_list":["post-2368","page","type-page","status-publish","has-post-thumbnail","hentry"],"_links":{"self":[{"href":"https:\/\/leclientetmoi.com\/en\/wp-json\/wp\/v2\/pages\/2368","targetHints":{"allow":["GET"]}}],"collection":[{"href":"https:\/\/leclientetmoi.com\/en\/wp-json\/wp\/v2\/pages"}],"about":[{"href":"https:\/\/leclientetmoi.com\/en\/wp-json\/wp\/v2\/types\/page"}],"author":[{"embeddable":true,"href":"https:\/\/leclientetmoi.com\/en\/wp-json\/wp\/v2\/users\/1"}],"replies":[{"embeddable":true,"href":"https:\/\/leclientetmoi.com\/en\/wp-json\/wp\/v2\/comments?post=2368"}],"version-history":[{"count":102,"href":"https:\/\/leclientetmoi.com\/en\/wp-json\/wp\/v2\/pages\/2368\/revisions"}],"predecessor-version":[{"id":5467,"href":"https:\/\/leclientetmoi.com\/en\/wp-json\/wp\/v2\/pages\/2368\/revisions\/5467"}],"wp:featuredmedia":[{"embeddable":true,"href":"https:\/\/leclientetmoi.com\/en\/wp-json\/wp\/v2\/media\/5462"}],"wp:attachment":[{"href":"https:\/\/leclientetmoi.com\/en\/wp-json\/wp\/v2\/media?parent=2368"}],"curies":[{"name":"wp","href":"https:\/\/api.w.org\/{rel}","templated":true}]}}