{"id":142,"date":"2021-04-09T20:46:09","date_gmt":"2021-04-09T18:46:09","guid":{"rendered":"http:\/\/leclientetmoi.com\/?page_id=142"},"modified":"2025-09-15T17:06:00","modified_gmt":"2025-09-15T15:06:00","slug":"solutions-partenaires","status":"publish","type":"page","link":"https:\/\/leclientetmoi.com\/en\/solutions-partenaires\/","title":{"rendered":"Partner solutions"},"content":{"rendered":"<div data-elementor-type=\"wp-page\" data-elementor-id=\"142\" class=\"elementor elementor-142\">\n\t\t\t\t\t\t<section class=\"elementor-section elementor-top-section elementor-element elementor-element-441a8f39 elementor-section-height-min-height elementor-section-boxed elementor-section-height-default elementor-section-items-middle\" data-id=\"441a8f39\" data-element_type=\"section\" data-e-type=\"section\" data-settings=\"{&quot;background_background&quot;:&quot;classic&quot;,&quot;shape_divider_bottom&quot;:&quot;arrow&quot;,&quot;shape_divider_bottom_negative&quot;:&quot;yes&quot;}\">\n\t\t\t\t\t\t\t<div class=\"elementor-background-overlay\"><\/div>\n\t\t\t\t\t\t<div class=\"elementor-shape elementor-shape-bottom\" aria-hidden=\"true\" data-negative=\"true\">\n\t\t\t<svg xmlns=\"http:\/\/www.w3.org\/2000\/svg\" viewbox=\"0 0 700 10\" preserveaspectratio=\"none\">\n\t<path class=\"elementor-shape-fill\" d=\"M360 0L350 9.9 340 0 0 0 0 10 700 10 700 0\"\/>\n<\/svg>\t\t<\/div>\n\t\t\t\t\t<div class=\"elementor-container elementor-column-gap-default\">\n\t\t\t\t\t<div class=\"elementor-column elementor-col-100 elementor-top-column elementor-element elementor-element-1a81bde2\" data-id=\"1a81bde2\" data-element_type=\"column\" data-e-type=\"column\">\n\t\t\t<div class=\"elementor-widget-wrap\">\n\t\t\t\t\t\t\t<\/div>\n\t\t<\/div>\n\t\t\t\t\t<\/div>\n\t\t<\/section>\n\t\t\t\t<section class=\"elementor-section elementor-top-section elementor-element elementor-element-5c2785be elementor-section-content-middle elementor-section-boxed elementor-section-height-default elementor-section-height-default\" data-id=\"5c2785be\" data-element_type=\"section\" data-e-type=\"section\">\n\t\t\t\t\t\t<div class=\"elementor-container elementor-column-gap-no\">\n\t\t\t\t\t<div class=\"elementor-column elementor-col-100 elementor-top-column elementor-element elementor-element-d90b176\" data-id=\"d90b176\" data-element_type=\"column\" data-e-type=\"column\">\n\t\t\t<div class=\"elementor-widget-wrap elementor-element-populated\">\n\t\t\t\t\t\t<div class=\"elementor-element elementor-element-a17ed2f elementor-widget elementor-widget-text-editor\" data-id=\"a17ed2f\" data-element_type=\"widget\" data-e-type=\"widget\" data-widget_type=\"text-editor.default\">\n\t\t\t\t<div class=\"elementor-widget-container\">\n\t\t\t\t\t\t\t\t\t<p>The customer experience is no longer a topic to be debated on. This is an essential component in converting your prospects into customers and retaining them. The world is changing and faster and faster. Companies are faced with complex and transversal transformation needs. Many projects fail because we believe that the tools will structure the processes. But it is by agreeing on the processes beforehand that we can choose the right tool.\u00a0<\/p>\t\t\t\t\t\t\t\t<\/div>\n\t\t\t\t<\/div>\n\t\t\t\t<div class=\"elementor-element elementor-element-2901a228 elementor-widget elementor-widget-heading\" data-id=\"2901a228\" data-element_type=\"widget\" data-e-type=\"widget\" data-widget_type=\"heading.default\">\n\t\t\t\t<div class=\"elementor-widget-container\">\n\t\t\t\t\t<h4 class=\"elementor-heading-title elementor-size-default\">Vous avez l\u2019ambition d\u2019innover pour \u00eatre comp\u00e9titif et attractif ?\n\nVous souhaitez faire le choix d'une solution pour booster votre relation client et l'engament de vos collaborateurs.\n \n<\/h4>\t\t\t\t<\/div>\n\t\t\t\t<\/div>\n\t\t\t\t<div class=\"elementor-element elementor-element-90e88b4 elementor-widget elementor-widget-heading\" data-id=\"90e88b4\" data-element_type=\"widget\" data-e-type=\"widget\" data-widget_type=\"heading.default\">\n\t\t\t\t<div class=\"elementor-widget-container\">\n\t\t\t\t\t<h4 class=\"elementor-heading-title elementor-size-default\">D\u00e9couvrez nos partenaires technologiques centr\u00e9es sur vos probl\u00e9matiques clients et ressources humaines. Nous vous proposons des outils d'innovation sur mesure avec des m\u00e9thodes au service de votre organisation.\n<\/h4>\t\t\t\t<\/div>\n\t\t\t\t<\/div>\n\t\t\t\t<div class=\"elementor-element elementor-element-f6b3787 elementor-position-top elementor-widget elementor-widget-image-box\" data-id=\"f6b3787\" data-element_type=\"widget\" data-e-type=\"widget\" data-widget_type=\"image-box.default\">\n\t\t\t\t<div class=\"elementor-widget-container\">\n\t\t\t\t\t<div class=\"elementor-image-box-wrapper\"><figure class=\"elementor-image-box-img\"><img fetchpriority=\"high\" decoding=\"async\" width=\"414\" height=\"406\" src=\"https:\/\/leclientetmoi.com\/wp-content\/uploads\/2025\/09\/CX_TECH_AFRIQUE_cluster_leClient_et_Moi-logotransparent.png\" class=\"attachment-full size-full wp-image-6424\" alt=\"\" srcset=\"https:\/\/leclientetmoi.com\/wp-content\/uploads\/2025\/09\/CX_TECH_AFRIQUE_cluster_leClient_et_Moi-logotransparent.png 414w, https:\/\/leclientetmoi.com\/wp-content\/uploads\/2025\/09\/CX_TECH_AFRIQUE_cluster_leClient_et_Moi-logotransparent-300x294.png 300w, https:\/\/leclientetmoi.com\/wp-content\/uploads\/2025\/09\/CX_TECH_AFRIQUE_cluster_leClient_et_Moi-logotransparent-12x12.png 12w\" sizes=\"(max-width: 414px) 100vw, 414px\" \/><\/figure><\/div>\t\t\t\t<\/div>\n\t\t\t\t<\/div>\n\t\t\t\t<section class=\"elementor-section elementor-inner-section elementor-element elementor-element-5d7e6360 elementor-section-content-middle elementor-section-boxed elementor-section-height-default elementor-section-height-default\" data-id=\"5d7e6360\" data-element_type=\"section\" data-e-type=\"section\">\n\t\t\t\t\t\t<div class=\"elementor-container elementor-column-gap-no\">\n\t\t\t\t\t<div class=\"elementor-column elementor-col-25 elementor-inner-column elementor-element elementor-element-722a5e34\" data-id=\"722a5e34\" data-element_type=\"column\" data-e-type=\"column\">\n\t\t\t<div class=\"elementor-widget-wrap elementor-element-populated\">\n\t\t\t\t\t\t<div class=\"elementor-element elementor-element-6e072aa elementor-widget elementor-widget-image\" data-id=\"6e072aa\" data-element_type=\"widget\" data-e-type=\"widget\" data-widget_type=\"image.default\">\n\t\t\t\t<div class=\"elementor-widget-container\">\n\t\t\t\t\t\t\t\t\t\t\t\t\t\t\t\t<a href=\"https:\/\/leclientetmoi.com\/en\/conseil-et-formation-microsoft-365\/\">\n\t\t\t\t\t\t\t<img decoding=\"async\" width=\"457\" height=\"125\" src=\"https:\/\/leclientetmoi.com\/wp-content\/uploads\/2022\/08\/IMG-20220307-WA0016.jpg\" class=\"attachment-large size-large wp-image-3213\" alt=\"\" srcset=\"https:\/\/leclientetmoi.com\/wp-content\/uploads\/2022\/08\/IMG-20220307-WA0016.jpg 457w, https:\/\/leclientetmoi.com\/wp-content\/uploads\/2022\/08\/IMG-20220307-WA0016-300x82.jpg 300w, https:\/\/leclientetmoi.com\/wp-content\/uploads\/2022\/08\/IMG-20220307-WA0016-18x5.jpg 18w\" sizes=\"(max-width: 457px) 100vw, 457px\" \/>\t\t\t\t\t\t\t\t<\/a>\n\t\t\t\t\t\t\t\t\t\t\t\t\t\t\t<\/div>\n\t\t\t\t<\/div>\n\t\t\t\t\t<\/div>\n\t\t<\/div>\n\t\t\t\t<div class=\"elementor-column elementor-col-25 elementor-inner-column elementor-element elementor-element-0b2543d\" data-id=\"0b2543d\" data-element_type=\"column\" data-e-type=\"column\">\n\t\t\t<div class=\"elementor-widget-wrap elementor-element-populated\">\n\t\t\t\t\t\t<div class=\"elementor-element elementor-element-7ccb465 elementor-widget elementor-widget-image\" data-id=\"7ccb465\" data-element_type=\"widget\" data-e-type=\"widget\" data-widget_type=\"image.default\">\n\t\t\t\t<div class=\"elementor-widget-container\">\n\t\t\t\t\t\t\t\t\t\t\t\t\t\t\t\t<a href=\"https:\/\/leclientetmoi.com\/en\/conseil-et-formation-microsoft-365\/\">\n\t\t\t\t\t\t\t<img decoding=\"async\" width=\"1024\" height=\"253\" src=\"https:\/\/leclientetmoi.com\/wp-content\/uploads\/2025\/06\/logo-Oswego-1024x253.jpg\" class=\"attachment-large size-large wp-image-5688\" alt=\"\" srcset=\"https:\/\/leclientetmoi.com\/wp-content\/uploads\/2025\/06\/logo-Oswego-1024x253.jpg 1024w, https:\/\/leclientetmoi.com\/wp-content\/uploads\/2025\/06\/logo-Oswego-300x74.jpg 300w, https:\/\/leclientetmoi.com\/wp-content\/uploads\/2025\/06\/logo-Oswego-768x190.jpg 768w, https:\/\/leclientetmoi.com\/wp-content\/uploads\/2025\/06\/logo-Oswego-1536x380.jpg 1536w, https:\/\/leclientetmoi.com\/wp-content\/uploads\/2025\/06\/logo-Oswego-2048x507.jpg 2048w, https:\/\/leclientetmoi.com\/wp-content\/uploads\/2025\/06\/logo-Oswego-18x4.jpg 18w\" sizes=\"(max-width: 1024px) 100vw, 1024px\" \/>\t\t\t\t\t\t\t\t<\/a>\n\t\t\t\t\t\t\t\t\t\t\t\t\t\t\t<\/div>\n\t\t\t\t<\/div>\n\t\t\t\t\t<\/div>\n\t\t<\/div>\n\t\t\t\t<div class=\"elementor-column elementor-col-25 elementor-inner-column elementor-element elementor-element-b4a5873\" data-id=\"b4a5873\" data-element_type=\"column\" data-e-type=\"column\">\n\t\t\t<div class=\"elementor-widget-wrap elementor-element-populated\">\n\t\t\t\t\t\t<div class=\"elementor-element elementor-element-66dc9b3 elementor-widget elementor-widget-image\" data-id=\"66dc9b3\" data-element_type=\"widget\" data-e-type=\"widget\" data-widget_type=\"image.default\">\n\t\t\t\t<div class=\"elementor-widget-container\">\n\t\t\t\t\t\t\t\t\t\t\t\t\t\t\t\t<a href=\"https:\/\/leclientetmoi.com\/en\/conseil-et-formation-microsoft-365\/\">\n\t\t\t\t\t\t\t<img loading=\"lazy\" decoding=\"async\" width=\"1024\" height=\"516\" src=\"https:\/\/leclientetmoi.com\/wp-content\/uploads\/2024\/09\/Capture-decran_10-9-2024_15655_-1024x516.jpeg\" class=\"attachment-large size-large wp-image-4513\" alt=\"\" srcset=\"https:\/\/leclientetmoi.com\/wp-content\/uploads\/2024\/09\/Capture-decran_10-9-2024_15655_-1024x516.jpeg 1024w, https:\/\/leclientetmoi.com\/wp-content\/uploads\/2024\/09\/Capture-decran_10-9-2024_15655_-300x151.jpeg 300w, https:\/\/leclientetmoi.com\/wp-content\/uploads\/2024\/09\/Capture-decran_10-9-2024_15655_-768x387.jpeg 768w, https:\/\/leclientetmoi.com\/wp-content\/uploads\/2024\/09\/Capture-decran_10-9-2024_15655_-1536x774.jpeg 1536w, https:\/\/leclientetmoi.com\/wp-content\/uploads\/2024\/09\/Capture-decran_10-9-2024_15655_-18x9.jpeg 18w, https:\/\/leclientetmoi.com\/wp-content\/uploads\/2024\/09\/Capture-decran_10-9-2024_15655_.jpeg 1788w\" sizes=\"(max-width: 1024px) 100vw, 1024px\" \/>\t\t\t\t\t\t\t\t<\/a>\n\t\t\t\t\t\t\t\t\t\t\t\t\t\t\t<\/div>\n\t\t\t\t<\/div>\n\t\t\t\t\t<\/div>\n\t\t<\/div>\n\t\t\t\t<div class=\"elementor-column elementor-col-25 elementor-inner-column elementor-element elementor-element-2f39d07\" data-id=\"2f39d07\" data-element_type=\"column\" data-e-type=\"column\">\n\t\t\t<div class=\"elementor-widget-wrap elementor-element-populated\">\n\t\t\t\t\t\t<div class=\"elementor-element elementor-element-c6d12b3 elementor-widget elementor-widget-image\" data-id=\"c6d12b3\" data-element_type=\"widget\" data-e-type=\"widget\" data-widget_type=\"image.default\">\n\t\t\t\t<div class=\"elementor-widget-container\">\n\t\t\t\t\t\t\t\t\t\t\t\t\t\t\t\t<a href=\"https:\/\/leclientetmoi.com\/en\/conseil-et-formation-microsoft-365\/\">\n\t\t\t\t\t\t\t<img loading=\"lazy\" decoding=\"async\" width=\"600\" height=\"125\" src=\"https:\/\/leclientetmoi.com\/wp-content\/uploads\/2024\/09\/cemantica-logo-final.jpg\" class=\"attachment-large size-large wp-image-4514\" alt=\"\" srcset=\"https:\/\/leclientetmoi.com\/wp-content\/uploads\/2024\/09\/cemantica-logo-final.jpg 600w, https:\/\/leclientetmoi.com\/wp-content\/uploads\/2024\/09\/cemantica-logo-final-300x63.jpg 300w, https:\/\/leclientetmoi.com\/wp-content\/uploads\/2024\/09\/cemantica-logo-final-18x4.jpg 18w\" sizes=\"(max-width: 600px) 100vw, 600px\" \/>\t\t\t\t\t\t\t\t<\/a>\n\t\t\t\t\t\t\t\t\t\t\t\t\t\t\t<\/div>\n\t\t\t\t<\/div>\n\t\t\t\t\t<\/div>\n\t\t<\/div>\n\t\t\t\t\t<\/div>\n\t\t<\/section>\n\t\t\t\t\t<\/div>\n\t\t<\/div>\n\t\t\t\t\t<\/div>\n\t\t<\/section>\n\t\t\t\t<\/div>","protected":false},"excerpt":{"rendered":"<p>L\u2019experience client n\u2019est plus un sujet sur lequel il est possible de d\u00e9battre . C\u2019est une composante essentielle pour convertir vos prospects en clients et les fid\u00e9liser. Le monde change et de plus en plus vite. Les entreprises sont confront\u00e9es \u00e0 des besoins complexes et transverses de transformation. Beaucoup de projets \u00e9chouent parce que l\u2019on&#8230;<\/p>","protected":false},"author":1,"featured_media":0,"parent":0,"menu_order":0,"comment_status":"closed","ping_status":"closed","template":"","meta":{"rank_math_lock_modified_date":false,"_kadence_starter_templates_imported_post":false,"_kad_post_transparent":"","_kad_post_title":"hide","_kad_post_layout":"fullwidth","_kad_post_sidebar_id":"","_kad_post_content_style":"unboxed","_kad_post_vertical_padding":"hide","_kad_post_feature":"hide","_kad_post_feature_position":"","_kad_post_header":false,"_kad_post_footer":false,"footnotes":""},"class_list":["post-142","page","type-page","status-publish","hentry"],"_links":{"self":[{"href":"https:\/\/leclientetmoi.com\/en\/wp-json\/wp\/v2\/pages\/142","targetHints":{"allow":["GET"]}}],"collection":[{"href":"https:\/\/leclientetmoi.com\/en\/wp-json\/wp\/v2\/pages"}],"about":[{"href":"https:\/\/leclientetmoi.com\/en\/wp-json\/wp\/v2\/types\/page"}],"author":[{"embeddable":true,"href":"https:\/\/leclientetmoi.com\/en\/wp-json\/wp\/v2\/users\/1"}],"replies":[{"embeddable":true,"href":"https:\/\/leclientetmoi.com\/en\/wp-json\/wp\/v2\/comments?post=142"}],"version-history":[{"count":67,"href":"https:\/\/leclientetmoi.com\/en\/wp-json\/wp\/v2\/pages\/142\/revisions"}],"predecessor-version":[{"id":6428,"href":"https:\/\/leclientetmoi.com\/en\/wp-json\/wp\/v2\/pages\/142\/revisions\/6428"}],"wp:attachment":[{"href":"https:\/\/leclientetmoi.com\/en\/wp-json\/wp\/v2\/media?parent=142"}],"curies":[{"name":"wp","href":"https:\/\/api.w.org\/{rel}","templated":true}]}}