{"id":1129,"date":"2021-05-21T16:44:46","date_gmt":"2021-05-21T14:44:46","guid":{"rendered":"http:\/\/leclientetmoi.com\/?page_id=1129"},"modified":"2021-07-13T17:24:07","modified_gmt":"2021-07-13T15:24:07","slug":"barometre-social","status":"publish","type":"page","link":"https:\/\/leclientetmoi.com\/en\/barometre-social\/","title":{"rendered":"SOCIAL BAROMETER"},"content":{"rendered":"<div data-elementor-type=\"wp-page\" data-elementor-id=\"1129\" class=\"elementor elementor-1129\">\n\t\t\t\t\t\t<section class=\"elementor-section elementor-top-section elementor-element elementor-element-42408f1c elementor-section-full_width elementor-section-content-middle elementor-section-height-default elementor-section-height-default\" data-id=\"42408f1c\" data-element_type=\"section\" data-e-type=\"section\">\n\t\t\t\t\t\t<div class=\"elementor-container elementor-column-gap-no\">\n\t\t\t\t\t<div class=\"elementor-column elementor-col-50 elementor-top-column elementor-element elementor-element-2742989e\" data-id=\"2742989e\" data-element_type=\"column\" data-e-type=\"column\" data-settings=\"{&quot;background_background&quot;:&quot;classic&quot;}\">\n\t\t\t<div class=\"elementor-widget-wrap elementor-element-populated\">\n\t\t\t\t\t<div class=\"elementor-background-overlay\"><\/div>\n\t\t\t\t\t\t<div class=\"elementor-element elementor-element-256abd7 elementor-widget elementor-widget-spacer\" data-id=\"256abd7\" data-element_type=\"widget\" data-e-type=\"widget\" data-widget_type=\"spacer.default\">\n\t\t\t\t<div class=\"elementor-widget-container\">\n\t\t\t\t\t\t\t<div class=\"elementor-spacer\">\n\t\t\t<div class=\"elementor-spacer-inner\"><\/div>\n\t\t<\/div>\n\t\t\t\t\t\t<\/div>\n\t\t\t\t<\/div>\n\t\t\t\t\t<\/div>\n\t\t<\/div>\n\t\t\t\t<div class=\"elementor-column elementor-col-50 elementor-top-column elementor-element elementor-element-4b29fa4b\" data-id=\"4b29fa4b\" data-element_type=\"column\" data-e-type=\"column\">\n\t\t\t<div class=\"elementor-widget-wrap elementor-element-populated\">\n\t\t\t\t\t\t<div class=\"elementor-element elementor-element-a9b354b elementor-widget elementor-widget-heading\" data-id=\"a9b354b\" data-element_type=\"widget\" data-e-type=\"widget\" data-widget_type=\"heading.default\">\n\t\t\t\t<div class=\"elementor-widget-container\">\n\t\t\t\t\t<h2 class=\"elementor-heading-title elementor-size-default\">Barom\u00e8tre social<\/h2>\t\t\t\t<\/div>\n\t\t\t\t<\/div>\n\t\t\t\t<div class=\"elementor-element elementor-element-4256ff19 elementor-widget elementor-widget-text-editor\" data-id=\"4256ff19\" data-element_type=\"widget\" data-e-type=\"widget\" data-widget_type=\"text-editor.default\">\n\t\t\t\t<div class=\"elementor-widget-container\">\n\t\t\t\t\t\t\t\t\t<p>Connaitre la perception des collaborateurs du climat au sein de l\u2019entreprise permet d\u2019exp\u00e9rimenter une autre fa\u00e7on de travailler et de fa\u00e7on \u00e9vidente de construire de nouvelles exp\u00e9riences. Il convient de s\u2019interroger sur la possibilit\u00e9 de mettre en place de nouvelles formes d\u2019organisation du travail.\u00a0 Elles nous imposeront\u00a0 des interrogations sur la fronti\u00e8re entre vie professionnelle et vie personnelle, sans aucun doute de plus en plus difficile. Nous avons la conviction qu\u2019il nous faut construire de nouvelles exp\u00e9riences tant pour les clients que pour les collaborateurs. L\u2019exp\u00e9rience collaborateur passe par management inclusif, qui va consister \u00e0 mettre en harmonie toutes les fonctions d\u2019une organisation. Elle va au del\u00e0 des d\u00e9cors architecturaux. Elle se construit avec l\u2019\u00e9panouissement dans un environnement de confiance. Optimisez le parcours salari\u00e9 de son entr\u00e9e dans l\u2019entreprise \u00e0 sa sortie permet d\u2019am\u00e9liorez son exp\u00e9rience pour booster sa satisfaction et le fid\u00e9liser.<\/p>\t\t\t\t\t\t\t\t<\/div>\n\t\t\t\t<\/div>\n\t\t\t\t<div class=\"elementor-element elementor-element-f982ad4 elementor-align-center elementor-invisible elementor-widget elementor-widget-button\" data-id=\"f982ad4\" data-element_type=\"widget\" data-e-type=\"widget\" data-settings=\"{&quot;_animation&quot;:&quot;fadeInUp&quot;}\" data-widget_type=\"button.default\">\n\t\t\t\t<div class=\"elementor-widget-container\">\n\t\t\t\t\t\t\t\t\t<div class=\"elementor-button-wrapper\">\n\t\t\t\t\t<a class=\"elementor-button elementor-button-link elementor-size-sm elementor-animation-buzz-out\" href=\"https:\/\/leclientetmoi.com\/en\/enquete-miroir\/\">\n\t\t\t\t\t\t<span class=\"elementor-button-content-wrapper\">\n\t\t\t\t\t\t<span class=\"elementor-button-icon\">\n\t\t\t\t<i aria-hidden=\"true\" class=\"fas fa-angle-double-right\"><\/i>\t\t\t<\/span>\n\t\t\t\t\t\t\t\t\t<span class=\"elementor-button-text\">En savoir + ENQU\u00caTE MIROIR <\/span>\n\t\t\t\t\t<\/span>\n\t\t\t\t\t<\/a>\n\t\t\t\t<\/div>\n\t\t\t\t\t\t\t\t<\/div>\n\t\t\t\t<\/div>\n\t\t\t\t\t<\/div>\n\t\t<\/div>\n\t\t\t\t\t<\/div>\n\t\t<\/section>\n\t\t\t\t<\/div>","protected":false},"excerpt":{"rendered":"<p>Barom\u00e8tre social Connaitre la perception des collaborateurs du climat au sein de l\u2019entreprise permet d\u2019exp\u00e9rimenter une autre fa\u00e7on de travailler et de fa\u00e7on \u00e9vidente de construire de nouvelles exp\u00e9riences. Il convient de s\u2019interroger sur la possibilit\u00e9 de mettre en place de nouvelles formes d\u2019organisation du travail.\u00a0 Elles nous imposeront\u00a0 des interrogations sur la fronti\u00e8re entre&#8230;<\/p>","protected":false},"author":1,"featured_media":0,"parent":0,"menu_order":0,"comment_status":"closed","ping_status":"closed","template":"","meta":{"rank_math_lock_modified_date":false,"_kadence_starter_templates_imported_post":false,"_kad_post_transparent":"","_kad_post_title":"hide","_kad_post_layout":"fullwidth","_kad_post_sidebar_id":"","_kad_post_content_style":"unboxed","_kad_post_vertical_padding":"hide","_kad_post_feature":"hide","_kad_post_feature_position":"","_kad_post_header":false,"_kad_post_footer":false,"footnotes":""},"class_list":["post-1129","page","type-page","status-publish","hentry"],"_links":{"self":[{"href":"https:\/\/leclientetmoi.com\/en\/wp-json\/wp\/v2\/pages\/1129","targetHints":{"allow":["GET"]}}],"collection":[{"href":"https:\/\/leclientetmoi.com\/en\/wp-json\/wp\/v2\/pages"}],"about":[{"href":"https:\/\/leclientetmoi.com\/en\/wp-json\/wp\/v2\/types\/page"}],"author":[{"embeddable":true,"href":"https:\/\/leclientetmoi.com\/en\/wp-json\/wp\/v2\/users\/1"}],"replies":[{"embeddable":true,"href":"https:\/\/leclientetmoi.com\/en\/wp-json\/wp\/v2\/comments?post=1129"}],"version-history":[{"count":55,"href":"https:\/\/leclientetmoi.com\/en\/wp-json\/wp\/v2\/pages\/1129\/revisions"}],"predecessor-version":[{"id":2143,"href":"https:\/\/leclientetmoi.com\/en\/wp-json\/wp\/v2\/pages\/1129\/revisions\/2143"}],"wp:attachment":[{"href":"https:\/\/leclientetmoi.com\/en\/wp-json\/wp\/v2\/media?parent=1129"}],"curies":[{"name":"wp","href":"https:\/\/api.w.org\/{rel}","templated":true}]}}