{"id":668,"date":"2021-05-07T04:18:12","date_gmt":"2021-05-07T02:18:12","guid":{"rendered":"http:\/\/leclientetmoi.com\/?page_id=668"},"modified":"2022-08-29T22:06:52","modified_gmt":"2022-08-29T20:06:52","slug":"etudes-de-satisfaction-client","status":"publish","type":"page","link":"http:\/\/leclientetmoi.com\/en\/etudes-de-satisfaction-client\/","title":{"rendered":"CUSTOMER SATISFACTION STUDIES"},"content":{"rendered":"<div data-elementor-type=\"wp-page\" data-elementor-id=\"668\" class=\"elementor elementor-668\">\n\t\t\t\t\t\t<section class=\"elementor-section elementor-top-section elementor-element elementor-element-4cdba5c5 elementor-section-content-middle elementor-reverse-mobile elementor-section-boxed elementor-section-height-default elementor-section-height-default\" data-id=\"4cdba5c5\" data-element_type=\"section\" data-e-type=\"section\">\n\t\t\t\t\t\t<div class=\"elementor-container elementor-column-gap-no\">\n\t\t\t\t\t<div class=\"elementor-column elementor-col-50 elementor-top-column elementor-element elementor-element-63dcb5e9\" data-id=\"63dcb5e9\" data-element_type=\"column\" data-e-type=\"column\">\n\t\t\t<div class=\"elementor-widget-wrap elementor-element-populated\">\n\t\t\t\t\t\t<div class=\"elementor-element elementor-element-684b5b35 elementor-widget elementor-widget-heading\" data-id=\"684b5b35\" data-element_type=\"widget\" data-e-type=\"widget\" data-widget_type=\"heading.default\">\n\t\t\t\t<div class=\"elementor-widget-container\">\n\t\t\t\t\t<h4 class=\"elementor-heading-title elementor-size-default\">Customer satisfaction studies<\/h4>\t\t\t\t<\/div>\n\t\t\t\t<\/div>\n\t\t\t\t<div class=\"elementor-element elementor-element-73494134 elementor-widget elementor-widget-text-editor\" data-id=\"73494134\" data-element_type=\"widget\" data-e-type=\"widget\" data-widget_type=\"text-editor.default\">\n\t\t\t\t<div class=\"elementor-widget-container\">\n\t\t\t\t\t\t\t\t\t<p>Customer behavior is less and less predictable and infidelity or rather non-fidelity is commonplace. Companies have become aware that customer satisfaction is not limited to the moment of contact but is built over time. This leads to in-depth reflection within our organizations and a new basis for reflection concerning the points on which we must focus our efforts. You have to be able to cover all points of contact with the customer, and after-sales service is one of them. Brands are starting to use customer experience as a differentiator. The customer satisfaction study leads to strong decision-making support guidelines allowing the creation of a suitable and attractive offer, based on a clear vision of demand.<\/p>\t\t\t\t\t\t\t\t<\/div>\n\t\t\t\t<\/div>\n\t\t\t\t<div class=\"elementor-element elementor-element-1b9a951 elementor-invisible elementor-widget elementor-widget-button\" data-id=\"1b9a951\" data-element_type=\"widget\" data-e-type=\"widget\" data-settings=\"{&quot;_animation&quot;:&quot;fadeInUp&quot;}\" data-widget_type=\"button.default\">\n\t\t\t\t<div class=\"elementor-widget-container\">\n\t\t\t\t\t\t\t\t\t<div class=\"elementor-button-wrapper\">\n\t\t\t\t\t<a class=\"elementor-button elementor-button-link elementor-size-sm elementor-animation-wobble-top\" href=\"http:\/\/leclientetmoi.com\/en\/orientation-client\/\" target=\"_blank\">\n\t\t\t\t\t\t<span class=\"elementor-button-content-wrapper\">\n\t\t\t\t\t\t<span class=\"elementor-button-icon\">\n\t\t\t\t<i aria-hidden=\"true\" class=\"fas fa-angle-double-right\"><\/i>\t\t\t<\/span>\n\t\t\t\t\t\t\t\t\t<span class=\"elementor-button-text\">Learn more CUSTOMER ORIENTATION<\/span>\n\t\t\t\t\t<\/span>\n\t\t\t\t\t<\/a>\n\t\t\t\t<\/div>\n\t\t\t\t\t\t\t\t<\/div>\n\t\t\t\t<\/div>\n\t\t\t\t\t<\/div>\n\t\t<\/div>\n\t\t\t\t<div class=\"elementor-column elementor-col-50 elementor-top-column elementor-element elementor-element-2b140357\" data-id=\"2b140357\" data-element_type=\"column\" data-e-type=\"column\">\n\t\t\t<div class=\"elementor-widget-wrap elementor-element-populated\">\n\t\t\t\t\t\t<div class=\"elementor-element elementor-element-4803c22b elementor-widget elementor-widget-image\" data-id=\"4803c22b\" data-element_type=\"widget\" data-e-type=\"widget\" data-widget_type=\"image.default\">\n\t\t\t\t<div class=\"elementor-widget-container\">\n\t\t\t\t\t\t\t\t\t\t\t\t\t\t\t<img fetchpriority=\"high\" decoding=\"async\" width=\"1920\" height=\"1280\" src=\"https:\/\/leclientetmoi.com\/wp-content\/uploads\/2021\/05\/fortune-vieyra-xdmtQVVKibU-unsplash.jpg\" class=\"attachment-full size-full wp-image-1060\" alt=\"\" srcset=\"https:\/\/leclientetmoi.com\/wp-content\/uploads\/2021\/05\/fortune-vieyra-xdmtQVVKibU-unsplash.jpg 1920w, https:\/\/leclientetmoi.com\/wp-content\/uploads\/2021\/05\/fortune-vieyra-xdmtQVVKibU-unsplash-300x200.jpg 300w, https:\/\/leclientetmoi.com\/wp-content\/uploads\/2021\/05\/fortune-vieyra-xdmtQVVKibU-unsplash-1024x683.jpg 1024w, https:\/\/leclientetmoi.com\/wp-content\/uploads\/2021\/05\/fortune-vieyra-xdmtQVVKibU-unsplash-768x512.jpg 768w, https:\/\/leclientetmoi.com\/wp-content\/uploads\/2021\/05\/fortune-vieyra-xdmtQVVKibU-unsplash-1536x1024.jpg 1536w\" sizes=\"(max-width: 1920px) 100vw, 1920px\" \/>\t\t\t\t\t\t\t\t\t\t\t\t\t\t\t<\/div>\n\t\t\t\t<\/div>\n\t\t\t\t\t<\/div>\n\t\t<\/div>\n\t\t\t\t\t<\/div>\n\t\t<\/section>\n\t\t\t\t<\/div>","protected":false},"excerpt":{"rendered":"<p>Etudes de satisfaction client Le comportement des clients est de moins en moins pr\u00e9visible et l&rsquo;infid\u00e9lit\u00e9 ou plut\u00f4t la non-fid\u00e9lit\u00e9 est monnaie courante. Les entreprises ont pris conscience que la satisfaction client ne se limite pas au moment du contact mais se construit dans la dur\u00e9e. Cela entra\u00eene une r\u00e9flexion de fond au sein de&#8230;<\/p>","protected":false},"author":1,"featured_media":0,"parent":0,"menu_order":0,"comment_status":"closed","ping_status":"closed","template":"","meta":{"rank_math_lock_modified_date":false,"_kadence_starter_templates_imported_post":false,"_kad_post_transparent":"","_kad_post_title":"hide","_kad_post_layout":"fullwidth","_kad_post_sidebar_id":"","_kad_post_content_style":"unboxed","_kad_post_vertical_padding":"hide","_kad_post_feature":"hide","_kad_post_feature_position":"","_kad_post_header":false,"_kad_post_footer":false,"footnotes":""},"class_list":["post-668","page","type-page","status-publish","hentry"],"_links":{"self":[{"href":"http:\/\/leclientetmoi.com\/en\/wp-json\/wp\/v2\/pages\/668","targetHints":{"allow":["GET"]}}],"collection":[{"href":"http:\/\/leclientetmoi.com\/en\/wp-json\/wp\/v2\/pages"}],"about":[{"href":"http:\/\/leclientetmoi.com\/en\/wp-json\/wp\/v2\/types\/page"}],"author":[{"embeddable":true,"href":"http:\/\/leclientetmoi.com\/en\/wp-json\/wp\/v2\/users\/1"}],"replies":[{"embeddable":true,"href":"http:\/\/leclientetmoi.com\/en\/wp-json\/wp\/v2\/comments?post=668"}],"version-history":[{"count":40,"href":"http:\/\/leclientetmoi.com\/en\/wp-json\/wp\/v2\/pages\/668\/revisions"}],"predecessor-version":[{"id":3258,"href":"http:\/\/leclientetmoi.com\/en\/wp-json\/wp\/v2\/pages\/668\/revisions\/3258"}],"wp:attachment":[{"href":"http:\/\/leclientetmoi.com\/en\/wp-json\/wp\/v2\/media?parent=668"}],"curies":[{"name":"wp","href":"https:\/\/api.w.org\/{rel}","templated":true}]}}